{"id":1020344,"date":"2025-11-21T09:27:38","date_gmt":"2025-11-21T09:27:38","guid":{"rendered":"https:\/\/fjallraven.dev.mortar.tovarnaidej.com\/?post_type=product&#038;p=1020344"},"modified":"2025-11-27T12:10:58","modified_gmt":"2025-11-27T12:10:58","slug":"canvas-brass-belt","status":"publish","type":"product","link":"https:\/\/fjallraven.dev.mortar.tovarnaidej.com\/en\/product\/canvas-brass-belt\/","title":{"rendered":"Canvas Brass Belt"},"content":{"rendered":"<p>Robusni platneni remen. Podesiva duljina i vojni\u010dka kop\u010da s zavr\u0161nom obradom od bru\u0161enog mesinga. \u0160irina 4 cm.<\/p>\n","protected":false},"excerpt":{"rendered":"<p>Robusni platneni remen s podesivom duljinom. Vojna kop\u010da s mesinganom zavr\u0161nom obradom. Proizvedeno bez PFAS-a.<\/p>\n","protected":false},"featured_media":1023117,"template":"","meta":[],"product_brand":[463],"product_cat":[266],"product_tag":[542,493,485],"class_list":{"0":"post-1020344","1":"product","2":"type-product","3":"status-publish","4":"has-post-thumbnail","6":"product_brand-travel","7":"product_cat-dodaci-za-odjecu","8":"product_tag-dodaci-remeni","9":"product_tag-travel","10":"product_tag-unisex","12":"first","13":"outofstock","14":"shipping-taxable","15":"purchasable","16":"product-type-variable"},"_links":{"self":[{"href":"https:\/\/fjallraven.dev.mortar.tovarnaidej.com\/en\/wp-json\/wp\/v2\/product\/1020344","targetHints":{"allow":["GET"]}}],"collection":[{"href":"https:\/\/fjallraven.dev.mortar.tovarnaidej.com\/en\/wp-json\/wp\/v2\/product"}],"about":[{"href":"https:\/\/fjallraven.dev.mortar.tovarnaidej.com\/en\/wp-json\/wp\/v2\/types\/product"}],"version-history":[{"count":1,"href":"https:\/\/fjallraven.dev.mortar.tovarnaidej.com\/en\/wp-json\/wp\/v2\/product\/1020344\/revisions"}],"predecessor-version":[{"id":1020357,"href":"https:\/\/fjallraven.dev.mortar.tovarnaidej.com\/en\/wp-json\/wp\/v2\/product\/1020344\/revisions\/1020357"}],"wp:featuredmedia":[{"embeddable":true,"href":"https:\/\/fjallraven.dev.mortar.tovarnaidej.com\/en\/wp-json\/wp\/v2\/media\/1023117"}],"wp:attachment":[{"href":"https:\/\/fjallraven.dev.mortar.tovarnaidej.com\/en\/wp-json\/wp\/v2\/media?parent=1020344"}],"wp:term":[{"taxonomy":"product_brand","embeddable":true,"href":"https:\/\/fjallraven.dev.mortar.tovarnaidej.com\/en\/wp-json\/wp\/v2\/product_brand?post=1020344"},{"taxonomy":"product_cat","embeddable":true,"href":"https:\/\/fjallraven.dev.mortar.tovarnaidej.com\/en\/wp-json\/wp\/v2\/product_cat?post=1020344"},{"taxonomy":"product_tag","embeddable":true,"href":"https:\/\/fjallraven.dev.mortar.tovarnaidej.com\/en\/wp-json\/wp\/v2\/product_tag?post=1020344"}],"curies":[{"name":"wp","href":"https:\/\/api.w.org\/{rel}","templated":true}]}}