{"id":1020346,"date":"2025-11-21T09:27:38","date_gmt":"2025-11-21T09:27:38","guid":{"rendered":"https:\/\/fjallraven.dev.mortar.tovarnaidej.com\/?post_type=product&#038;p=1020346"},"modified":"2025-11-27T12:10:58","modified_gmt":"2025-11-27T12:10:58","slug":"ovik-card-holder","status":"publish","type":"product","link":"https:\/\/fjallraven.dev.mortar.tovarnaidej.com\/en\/product\/ovik-card-holder\/","title":{"rendered":"\u00d6vik Card Holder"},"content":{"rendered":"<p>Klasi\u010dna futrola za kartice od biljno \u0161tavljene ko\u017ee, savr\u0161ena kao minimalisti\u010dki nov\u010danik za kreditne kartice. Izra\u0111ena u \u0161vedskoj od rustikalne ko\u017ee s otvorenom povr\u0161inom koja kori\u0161tenjem poprima prekrasan sjaj. Utisnuti Fj\u00e4llr\u00e4ven logo sprijeda.<\/p>\n","protected":false},"excerpt":{"rendered":"<p>Klasi\u010dni mini nov\u010danik za kreditne kartice izra\u0111en od biljno \u0161tavljene ko\u017ee. Prekrasna ko\u017ea koja kori\u0161tenjem poprima prekrasan sjaj. Proizvedeno bez PFAS-a.<\/p>\n","protected":false},"featured_media":1023125,"template":"","meta":[],"product_brand":[460],"product_cat":[156],"product_tag":[594,479,492,580,480,485],"class_list":{"0":"post-1020346","1":"product","2":"type-product","3":"status-publish","4":"has-post-thumbnail","6":"product_brand-ovik","7":"product_cat-dodaci","8":"product_tag-dodaci-ostalo-2","9":"product_tag-everyday-outdoor","10":"product_tag-novcanik-i-male-torbice","11":"product_tag-novcaniki","12":"product_tag-ovik","13":"product_tag-unisex","15":"first","16":"outofstock","17":"shipping-taxable","18":"purchasable","19":"product-type-variable"},"_links":{"self":[{"href":"https:\/\/fjallraven.dev.mortar.tovarnaidej.com\/en\/wp-json\/wp\/v2\/product\/1020346","targetHints":{"allow":["GET"]}}],"collection":[{"href":"https:\/\/fjallraven.dev.mortar.tovarnaidej.com\/en\/wp-json\/wp\/v2\/product"}],"about":[{"href":"https:\/\/fjallraven.dev.mortar.tovarnaidej.com\/en\/wp-json\/wp\/v2\/types\/product"}],"version-history":[{"count":1,"href":"https:\/\/fjallraven.dev.mortar.tovarnaidej.com\/en\/wp-json\/wp\/v2\/product\/1020346\/revisions"}],"predecessor-version":[{"id":1020362,"href":"https:\/\/fjallraven.dev.mortar.tovarnaidej.com\/en\/wp-json\/wp\/v2\/product\/1020346\/revisions\/1020362"}],"wp:featuredmedia":[{"embeddable":true,"href":"https:\/\/fjallraven.dev.mortar.tovarnaidej.com\/en\/wp-json\/wp\/v2\/media\/1023125"}],"wp:attachment":[{"href":"https:\/\/fjallraven.dev.mortar.tovarnaidej.com\/en\/wp-json\/wp\/v2\/media?parent=1020346"}],"wp:term":[{"taxonomy":"product_brand","embeddable":true,"href":"https:\/\/fjallraven.dev.mortar.tovarnaidej.com\/en\/wp-json\/wp\/v2\/product_brand?post=1020346"},{"taxonomy":"product_cat","embeddable":true,"href":"https:\/\/fjallraven.dev.mortar.tovarnaidej.com\/en\/wp-json\/wp\/v2\/product_cat?post=1020346"},{"taxonomy":"product_tag","embeddable":true,"href":"https:\/\/fjallraven.dev.mortar.tovarnaidej.com\/en\/wp-json\/wp\/v2\/product_tag?post=1020346"}],"curies":[{"name":"wp","href":"https:\/\/api.w.org\/{rel}","templated":true}]}}