{"id":1020349,"date":"2025-11-21T09:27:38","date_gmt":"2025-11-21T09:27:38","guid":{"rendered":"https:\/\/fjallraven.dev.mortar.tovarnaidej.com\/?post_type=product&#038;p=1020349"},"modified":"2025-11-27T12:10:58","modified_gmt":"2025-11-27T12:10:58","slug":"singi-two-pin-belt","status":"publish","type":"product","link":"https:\/\/fjallraven.dev.mortar.tovarnaidej.com\/en\/product\/singi-two-pin-belt\/","title":{"rendered":"Singi Two-pin Belt"},"content":{"rendered":"<p>Rustikalni remen s kop\u010dom i dvije igle. Izra\u0111en u na\u0161oj \u0161vedskoj tvornici remena od biljno \u0161tavljene ko\u017ee izvrsne kvalitete, s otvorenim vlaknima koja s vremenom izgledaju samo bolje. \u0160irina 40 milimetara i om\u010da s utisnutim logotipom.<\/p>\n","protected":false},"excerpt":{"rendered":"<p>Rustikalni remen \u0161irine 40 mm izra\u0111en od biljno \u0161tavljene ko\u017ee. Kop\u010da s dvije igle i om\u010dom s utisnutim logotipom. Proizvedeno bez PFAS-a.<\/p>\n","protected":false},"featured_media":1023137,"template":"","meta":[],"product_brand":[461],"product_cat":[191],"product_tag":[542,488,471,485],"class_list":{"0":"post-1020349","1":"product","2":"type-product","3":"status-publish","4":"has-post-thumbnail","6":"product_brand-singi","7":"product_cat-dodaci-za-odjecu","8":"product_tag-dodaci-remeni","9":"product_tag-singi","10":"product_tag-trekking","11":"product_tag-unisex","13":"first","14":"outofstock","15":"shipping-taxable","16":"purchasable","17":"product-type-variable"},"_links":{"self":[{"href":"https:\/\/fjallraven.dev.mortar.tovarnaidej.com\/en\/wp-json\/wp\/v2\/product\/1020349","targetHints":{"allow":["GET"]}}],"collection":[{"href":"https:\/\/fjallraven.dev.mortar.tovarnaidej.com\/en\/wp-json\/wp\/v2\/product"}],"about":[{"href":"https:\/\/fjallraven.dev.mortar.tovarnaidej.com\/en\/wp-json\/wp\/v2\/types\/product"}],"version-history":[{"count":1,"href":"https:\/\/fjallraven.dev.mortar.tovarnaidej.com\/en\/wp-json\/wp\/v2\/product\/1020349\/revisions"}],"predecessor-version":[{"id":1020372,"href":"https:\/\/fjallraven.dev.mortar.tovarnaidej.com\/en\/wp-json\/wp\/v2\/product\/1020349\/revisions\/1020372"}],"wp:featuredmedia":[{"embeddable":true,"href":"https:\/\/fjallraven.dev.mortar.tovarnaidej.com\/en\/wp-json\/wp\/v2\/media\/1023137"}],"wp:attachment":[{"href":"https:\/\/fjallraven.dev.mortar.tovarnaidej.com\/en\/wp-json\/wp\/v2\/media?parent=1020349"}],"wp:term":[{"taxonomy":"product_brand","embeddable":true,"href":"https:\/\/fjallraven.dev.mortar.tovarnaidej.com\/en\/wp-json\/wp\/v2\/product_brand?post=1020349"},{"taxonomy":"product_cat","embeddable":true,"href":"https:\/\/fjallraven.dev.mortar.tovarnaidej.com\/en\/wp-json\/wp\/v2\/product_cat?post=1020349"},{"taxonomy":"product_tag","embeddable":true,"href":"https:\/\/fjallraven.dev.mortar.tovarnaidej.com\/en\/wp-json\/wp\/v2\/product_tag?post=1020349"}],"curies":[{"name":"wp","href":"https:\/\/api.w.org\/{rel}","templated":true}]}}