{"id":1020350,"date":"2025-11-21T09:27:38","date_gmt":"2025-11-21T09:27:38","guid":{"rendered":"https:\/\/fjallraven.dev.mortar.tovarnaidej.com\/?post_type=product&#038;p=1020350"},"modified":"2025-11-27T12:10:58","modified_gmt":"2025-11-27T12:10:58","slug":"vidda-cap","status":"publish","type":"product","link":"https:\/\/fjallraven.dev.mortar.tovarnaidej.com\/en\/product\/vidda-cap\/","title":{"rendered":"Vidda Cap"},"content":{"rendered":"<p>Klasi\u010dna kapa od G-1000\u00ae materijala. Ventilacijski otvori i pode\u0161avanje straga. Mali ko\u017eni Fj\u00e4llr\u00e4ven logo sprijeda.<\/p>\n","protected":false},"excerpt":{"rendered":"<p>Klasi\u010dna kapa izra\u0111ena od G-1000 materijala. Otvor za ventilaciju i ko\u017eni Fj\u00e4llr\u00e4ven logo sprijeda. Proizvedeno bez PFAS-a.<\/p>\n","protected":false},"featured_media":1023139,"template":"","meta":[],"product_brand":[460],"product_cat":[191],"product_tag":[479,541,484,480,485],"class_list":{"0":"post-1020350","1":"product","2":"type-product","3":"status-publish","4":"has-post-thumbnail","6":"product_brand-ovik","7":"product_cat-dodaci-za-odjecu","8":"product_tag-everyday-outdoor","9":"product_tag-dodaci-kape","10":"product_tag-kape-sa-siltom","11":"product_tag-ovik","12":"product_tag-unisex","14":"first","15":"outofstock","16":"shipping-taxable","17":"purchasable","18":"product-type-variable"},"_links":{"self":[{"href":"https:\/\/fjallraven.dev.mortar.tovarnaidej.com\/en\/wp-json\/wp\/v2\/product\/1020350","targetHints":{"allow":["GET"]}}],"collection":[{"href":"https:\/\/fjallraven.dev.mortar.tovarnaidej.com\/en\/wp-json\/wp\/v2\/product"}],"about":[{"href":"https:\/\/fjallraven.dev.mortar.tovarnaidej.com\/en\/wp-json\/wp\/v2\/types\/product"}],"version-history":[{"count":1,"href":"https:\/\/fjallraven.dev.mortar.tovarnaidej.com\/en\/wp-json\/wp\/v2\/product\/1020350\/revisions"}],"predecessor-version":[{"id":1020379,"href":"https:\/\/fjallraven.dev.mortar.tovarnaidej.com\/en\/wp-json\/wp\/v2\/product\/1020350\/revisions\/1020379"}],"wp:featuredmedia":[{"embeddable":true,"href":"https:\/\/fjallraven.dev.mortar.tovarnaidej.com\/en\/wp-json\/wp\/v2\/media\/1023139"}],"wp:attachment":[{"href":"https:\/\/fjallraven.dev.mortar.tovarnaidej.com\/en\/wp-json\/wp\/v2\/media?parent=1020350"}],"wp:term":[{"taxonomy":"product_brand","embeddable":true,"href":"https:\/\/fjallraven.dev.mortar.tovarnaidej.com\/en\/wp-json\/wp\/v2\/product_brand?post=1020350"},{"taxonomy":"product_cat","embeddable":true,"href":"https:\/\/fjallraven.dev.mortar.tovarnaidej.com\/en\/wp-json\/wp\/v2\/product_cat?post=1020350"},{"taxonomy":"product_tag","embeddable":true,"href":"https:\/\/fjallraven.dev.mortar.tovarnaidej.com\/en\/wp-json\/wp\/v2\/product_tag?post=1020350"}],"curies":[{"name":"wp","href":"https:\/\/api.w.org\/{rel}","templated":true}]}}