{"id":1020381,"date":"2025-11-21T09:27:45","date_gmt":"2025-11-21T09:27:45","guid":{"rendered":"https:\/\/fjallraven.dev.mortar.tovarnaidej.com\/?post_type=product&#038;p=1020381"},"modified":"2025-11-27T12:10:58","modified_gmt":"2025-11-27T12:10:58","slug":"leather-luggage-tag","status":"publish","type":"product","link":"https:\/\/fjallraven.dev.mortar.tovarnaidej.com\/en\/product\/leather-luggage-tag\/","title":{"rendered":"Leather Luggage Tag"},"content":{"rendered":"<p>Bezvremenska etiketa za prtljagu izra\u0111ena od biljno \u0161tavljene ko\u017ee. Jednostavan na\u010din da svoju prtljagu u\u010dinite personaliziranom i lak\u0161e prepoznatljivom na traci za prtljagu. Otvor za posjetnicu koji se pri\u010dvr\u0161\u0107uje pritiskom na gumb. Metalna kop\u010da za pri\u010dvr\u0161\u0107ivanje etikete na prtljagu. Izra\u0111eno u \u0161vedskoj od visokokvalitetne ko\u017ee s rustikalnom, otvorenom povr\u0161inom koja s vremenom i kori\u0161tenjem postaje samo ljep\u0161a.<\/p>\n","protected":false},"excerpt":{"rendered":"<p>Privjesak za prtljagu izra\u0111en od biljno \u0161tavljene ko\u017ee. Metalna kop\u010da i otvor za posjetnicu. Proizvedeno bez PFAS-a.<\/p>\n","protected":false},"featured_media":1023151,"template":"","meta":[],"product_brand":[463],"product_cat":[156],"product_tag":[584,594,492,493,485],"class_list":{"0":"post-1020381","1":"product","2":"type-product","3":"status-publish","4":"has-post-thumbnail","6":"product_brand-travel","7":"product_cat-dodaci","8":"product_tag-dodaci-oprema","9":"product_tag-dodaci-ostalo-2","10":"product_tag-novcanik-i-male-torbice","11":"product_tag-travel","12":"product_tag-unisex","14":"first","15":"outofstock","16":"shipping-taxable","17":"purchasable","18":"product-type-variable"},"_links":{"self":[{"href":"https:\/\/fjallraven.dev.mortar.tovarnaidej.com\/en\/wp-json\/wp\/v2\/product\/1020381","targetHints":{"allow":["GET"]}}],"collection":[{"href":"https:\/\/fjallraven.dev.mortar.tovarnaidej.com\/en\/wp-json\/wp\/v2\/product"}],"about":[{"href":"https:\/\/fjallraven.dev.mortar.tovarnaidej.com\/en\/wp-json\/wp\/v2\/types\/product"}],"version-history":[{"count":1,"href":"https:\/\/fjallraven.dev.mortar.tovarnaidej.com\/en\/wp-json\/wp\/v2\/product\/1020381\/revisions"}],"predecessor-version":[{"id":1020392,"href":"https:\/\/fjallraven.dev.mortar.tovarnaidej.com\/en\/wp-json\/wp\/v2\/product\/1020381\/revisions\/1020392"}],"wp:featuredmedia":[{"embeddable":true,"href":"https:\/\/fjallraven.dev.mortar.tovarnaidej.com\/en\/wp-json\/wp\/v2\/media\/1023151"}],"wp:attachment":[{"href":"https:\/\/fjallraven.dev.mortar.tovarnaidej.com\/en\/wp-json\/wp\/v2\/media?parent=1020381"}],"wp:term":[{"taxonomy":"product_brand","embeddable":true,"href":"https:\/\/fjallraven.dev.mortar.tovarnaidej.com\/en\/wp-json\/wp\/v2\/product_brand?post=1020381"},{"taxonomy":"product_cat","embeddable":true,"href":"https:\/\/fjallraven.dev.mortar.tovarnaidej.com\/en\/wp-json\/wp\/v2\/product_cat?post=1020381"},{"taxonomy":"product_tag","embeddable":true,"href":"https:\/\/fjallraven.dev.mortar.tovarnaidej.com\/en\/wp-json\/wp\/v2\/product_tag?post=1020381"}],"curies":[{"name":"wp","href":"https:\/\/api.w.org\/{rel}","templated":true}]}}