{"id":1020382,"date":"2025-11-21T09:27:46","date_gmt":"2025-11-21T09:27:46","guid":{"rendered":"https:\/\/fjallraven.dev.mortar.tovarnaidej.com\/?post_type=product&#038;p=1020382"},"modified":"2025-11-27T12:10:57","modified_gmt":"2025-11-27T12:10:57","slug":"leather-passport-cover","status":"publish","type":"product","link":"https:\/\/fjallraven.dev.mortar.tovarnaidej.com\/en\/product\/leather-passport-cover\/","title":{"rendered":"Leather Passport Cover"},"content":{"rendered":"<p>Bezvremenska ko\u017ena futrola za putovnicu koja \u0107e za\u0161tititi va\u0161e najva\u017enije putne dokumente i dr\u017eati ih na okupu. Izra\u0111ena od fantasti\u010dne, rustikalne biljno \u0161tavljene ko\u017ee. Ko\u017ea ima otvorenu povr\u0161inu s teksturom koja kori\u0161tenjem poprima prekrasan sjaj. Dva velika pretinca za putovnicu i kartu za ukrcaj te tri manja otvora za kreditne kartice ili posjetnice. Fj\u00e4llr\u00e4ven logotip sprijeda. Ru\u010dno izra\u0111ena u na\u0161oj \u0161vedskoj tvornici ko\u017ee.<\/p>\n","protected":false},"excerpt":{"rendered":"<p>Bezvremenska futrola za putovnicu od biljno \u0161tavljene ko\u017ee. Dva velika pretinca za putovnicu i kartu za ukrcaj te tri manja otvora za kreditne kartice ili posjetnice. Proizvedeno bez PFAS-a.<\/p>\n","protected":false},"featured_media":1023157,"template":"","meta":[],"product_brand":[463],"product_cat":[156],"product_tag":[584,594,492,493,485],"class_list":{"0":"post-1020382","1":"product","2":"type-product","3":"status-publish","4":"has-post-thumbnail","6":"product_brand-travel","7":"product_cat-dodaci","8":"product_tag-dodaci-oprema","9":"product_tag-dodaci-ostalo-2","10":"product_tag-novcanik-i-male-torbice","11":"product_tag-travel","12":"product_tag-unisex","14":"first","15":"outofstock","16":"shipping-taxable","17":"purchasable","18":"product-type-variable"},"_links":{"self":[{"href":"https:\/\/fjallraven.dev.mortar.tovarnaidej.com\/en\/wp-json\/wp\/v2\/product\/1020382","targetHints":{"allow":["GET"]}}],"collection":[{"href":"https:\/\/fjallraven.dev.mortar.tovarnaidej.com\/en\/wp-json\/wp\/v2\/product"}],"about":[{"href":"https:\/\/fjallraven.dev.mortar.tovarnaidej.com\/en\/wp-json\/wp\/v2\/types\/product"}],"version-history":[{"count":1,"href":"https:\/\/fjallraven.dev.mortar.tovarnaidej.com\/en\/wp-json\/wp\/v2\/product\/1020382\/revisions"}],"predecessor-version":[{"id":1020395,"href":"https:\/\/fjallraven.dev.mortar.tovarnaidej.com\/en\/wp-json\/wp\/v2\/product\/1020382\/revisions\/1020395"}],"wp:featuredmedia":[{"embeddable":true,"href":"https:\/\/fjallraven.dev.mortar.tovarnaidej.com\/en\/wp-json\/wp\/v2\/media\/1023157"}],"wp:attachment":[{"href":"https:\/\/fjallraven.dev.mortar.tovarnaidej.com\/en\/wp-json\/wp\/v2\/media?parent=1020382"}],"wp:term":[{"taxonomy":"product_brand","embeddable":true,"href":"https:\/\/fjallraven.dev.mortar.tovarnaidej.com\/en\/wp-json\/wp\/v2\/product_brand?post=1020382"},{"taxonomy":"product_cat","embeddable":true,"href":"https:\/\/fjallraven.dev.mortar.tovarnaidej.com\/en\/wp-json\/wp\/v2\/product_cat?post=1020382"},{"taxonomy":"product_tag","embeddable":true,"href":"https:\/\/fjallraven.dev.mortar.tovarnaidej.com\/en\/wp-json\/wp\/v2\/product_tag?post=1020382"}],"curies":[{"name":"wp","href":"https:\/\/api.w.org\/{rel}","templated":true}]}}