{"id":1020385,"date":"2025-11-21T09:27:46","date_gmt":"2025-11-21T09:27:46","guid":{"rendered":"https:\/\/fjallraven.dev.mortar.tovarnaidej.com\/?post_type=product&#038;p=1020385"},"modified":"2025-11-27T12:10:57","modified_gmt":"2025-11-27T12:10:57","slug":"ovik-card-holder-large","status":"publish","type":"product","link":"https:\/\/fjallraven.dev.mortar.tovarnaidej.com\/en\/product\/ovik-card-holder-large\/","title":{"rendered":"\u00d6vik Card Holder Large"},"content":{"rendered":"<p>Klasi\u010dna futrola za kartice od biljno \u0161tavljene ko\u017ee. Ve\u0107a verzija \u00d6vik futrole za kartice, ovdje s \u010detiri unutarnja pretinca plus vanjskim d\u017eepom koji omogu\u0107uje jednostavan pristup, na primjer, putnoj iskaznici. Izra\u0111ena u \u0161vedskoj od rustikalne ko\u017ee s otvorenim godovima koja kori\u0161tenjem poprima atraktivan sjaj.<\/p>\n","protected":false},"excerpt":{"rendered":"<p>Klasi\u010dna futrola za kartice od prirodno \u0161tavljene ko\u017ee. Dvostruko presavijena s \u010detiri unutarnja pretinca. Proizvedeno bez PFAS-a.<\/p>\n","protected":false},"featured_media":1023533,"template":"","meta":[],"product_brand":[460],"product_cat":[156],"product_tag":[479,492,480,485],"class_list":{"0":"post-1020385","1":"product","2":"type-product","3":"status-publish","4":"has-post-thumbnail","6":"product_brand-ovik","7":"product_cat-dodaci","8":"product_tag-everyday-outdoor","9":"product_tag-novcanik-i-male-torbice","10":"product_tag-ovik","11":"product_tag-unisex","13":"first","14":"outofstock","15":"shipping-taxable","16":"purchasable","17":"product-type-variable"},"_links":{"self":[{"href":"https:\/\/fjallraven.dev.mortar.tovarnaidej.com\/en\/wp-json\/wp\/v2\/product\/1020385","targetHints":{"allow":["GET"]}}],"collection":[{"href":"https:\/\/fjallraven.dev.mortar.tovarnaidej.com\/en\/wp-json\/wp\/v2\/product"}],"about":[{"href":"https:\/\/fjallraven.dev.mortar.tovarnaidej.com\/en\/wp-json\/wp\/v2\/types\/product"}],"version-history":[{"count":1,"href":"https:\/\/fjallraven.dev.mortar.tovarnaidej.com\/en\/wp-json\/wp\/v2\/product\/1020385\/revisions"}],"predecessor-version":[{"id":1020412,"href":"https:\/\/fjallraven.dev.mortar.tovarnaidej.com\/en\/wp-json\/wp\/v2\/product\/1020385\/revisions\/1020412"}],"wp:featuredmedia":[{"embeddable":true,"href":"https:\/\/fjallraven.dev.mortar.tovarnaidej.com\/en\/wp-json\/wp\/v2\/media\/1023533"}],"wp:attachment":[{"href":"https:\/\/fjallraven.dev.mortar.tovarnaidej.com\/en\/wp-json\/wp\/v2\/media?parent=1020385"}],"wp:term":[{"taxonomy":"product_brand","embeddable":true,"href":"https:\/\/fjallraven.dev.mortar.tovarnaidej.com\/en\/wp-json\/wp\/v2\/product_brand?post=1020385"},{"taxonomy":"product_cat","embeddable":true,"href":"https:\/\/fjallraven.dev.mortar.tovarnaidej.com\/en\/wp-json\/wp\/v2\/product_cat?post=1020385"},{"taxonomy":"product_tag","embeddable":true,"href":"https:\/\/fjallraven.dev.mortar.tovarnaidej.com\/en\/wp-json\/wp\/v2\/product_tag?post=1020385"}],"curies":[{"name":"wp","href":"https:\/\/api.w.org\/{rel}","templated":true}]}}