{"id":1020419,"date":"2025-11-21T09:27:54","date_gmt":"2025-11-21T09:27:54","guid":{"rendered":"https:\/\/fjallraven.dev.mortar.tovarnaidej.com\/?post_type=product&#038;p=1020419"},"modified":"2025-11-25T06:53:57","modified_gmt":"2025-11-25T06:53:57","slug":"greenland-wax-travel-pack","status":"publish","type":"product","link":"https:\/\/fjallraven.dev.mortar.tovarnaidej.com\/en\/product\/greenland-wax-travel-pack\/","title":{"rendered":"Greenland Wax Travel Pack"},"content":{"rendered":"<p>Impregnacija voskom za odje\u0107u izra\u0111enu od G-1000 tkanine. Prakti\u010dno putno pakiranje koje je lako ponijeti sa sobom u slu\u010daju da trebate poja\u010dati vodootpornost svoje odje\u0107e kada ste na planinarenju. Utrljajte i otopite kako biste dobili vodootpornu i izdr\u017eljivu povr\u0161inu. Izra\u0111eno od visokokvalitetnog parafina i p\u010delinjeg voska, \u0161to Greenland Wax \u010dini ekolo\u0161ki prihvatljivijom alternativom impregnaciji na kemijskoj bazi.<\/p>\n","protected":false},"excerpt":{"rendered":"<p>Impregnacija voskom za odje\u0107u izra\u0111enu od G-1000 tkanine. Manja putna torba koju mo\u017eete lako ponijeti na planinarenje. Proizvedeno bez PFAS-a.<\/p>\n","protected":false},"featured_media":0,"template":"","meta":[],"product_brand":[465],"product_cat":[191],"product_tag":[479,498,486,485,545],"class_list":{"0":"post-1020419","1":"product","2":"type-product","3":"status-publish","5":"product_brand-greenland","6":"product_cat-dodaci-za-odjecu","7":"product_tag-everyday-outdoor","8":"product_tag-greenland","9":"product_tag-ostali-modni-dodaci","10":"product_tag-unisex","11":"product_tag-dodaci-vosak","13":"first","14":"outofstock","15":"shipping-taxable","16":"product-type-variable"},"_links":{"self":[{"href":"https:\/\/fjallraven.dev.mortar.tovarnaidej.com\/en\/wp-json\/wp\/v2\/product\/1020419","targetHints":{"allow":["GET"]}}],"collection":[{"href":"https:\/\/fjallraven.dev.mortar.tovarnaidej.com\/en\/wp-json\/wp\/v2\/product"}],"about":[{"href":"https:\/\/fjallraven.dev.mortar.tovarnaidej.com\/en\/wp-json\/wp\/v2\/types\/product"}],"version-history":[{"count":1,"href":"https:\/\/fjallraven.dev.mortar.tovarnaidej.com\/en\/wp-json\/wp\/v2\/product\/1020419\/revisions"}],"predecessor-version":[{"id":1020436,"href":"https:\/\/fjallraven.dev.mortar.tovarnaidej.com\/en\/wp-json\/wp\/v2\/product\/1020419\/revisions\/1020436"}],"wp:attachment":[{"href":"https:\/\/fjallraven.dev.mortar.tovarnaidej.com\/en\/wp-json\/wp\/v2\/media?parent=1020419"}],"wp:term":[{"taxonomy":"product_brand","embeddable":true,"href":"https:\/\/fjallraven.dev.mortar.tovarnaidej.com\/en\/wp-json\/wp\/v2\/product_brand?post=1020419"},{"taxonomy":"product_cat","embeddable":true,"href":"https:\/\/fjallraven.dev.mortar.tovarnaidej.com\/en\/wp-json\/wp\/v2\/product_cat?post=1020419"},{"taxonomy":"product_tag","embeddable":true,"href":"https:\/\/fjallraven.dev.mortar.tovarnaidej.com\/en\/wp-json\/wp\/v2\/product_tag?post=1020419"}],"curies":[{"name":"wp","href":"https:\/\/api.w.org\/{rel}","templated":true}]}}