{"id":1020420,"date":"2025-11-21T09:27:54","date_gmt":"2025-11-21T09:27:54","guid":{"rendered":"https:\/\/fjallraven.dev.mortar.tovarnaidej.com\/?post_type=product&#038;p=1020420"},"modified":"2025-11-25T06:53:57","modified_gmt":"2025-11-25T06:53:57","slug":"greenland-wax","status":"publish","type":"product","link":"https:\/\/fjallraven.dev.mortar.tovarnaidej.com\/en\/product\/greenland-wax\/","title":{"rendered":"Greenland Wax"},"content":{"rendered":"<p>Impregnacija voskom za odje\u0107u od G-1000 tkanine. Utrljana i rastopljena za vodootpornu i izdr\u017eljivu povr\u0161inu. Izra\u0111ena od visokokvalitetnog parafina i p\u010delinjeg voska, \u0161to \u010dini grenlandski vosak nje\u017enijim prema ljudima i okoli\u0161u od impregnacije na kemijskoj bazi. Blok voska od 100 grama bit \u0107e dovoljan za depilaciju oko deset odjevnih predmeta.<\/p>\n","protected":false},"excerpt":{"rendered":"<p>Impregnacija voskom za odje\u0107u izra\u0111enu od G-1000. Jednostavna za nano\u0161enje kada je potrebno pobolj\u0161ati otpornost tkanine na vjetar i vodu. Proizvedeno bez PFAS-a.<\/p>\n","protected":false},"featured_media":0,"template":"","meta":[],"product_brand":[465],"product_cat":[191],"product_tag":[479,498,486,485,545],"class_list":{"0":"post-1020420","1":"product","2":"type-product","3":"status-publish","5":"product_brand-greenland","6":"product_cat-dodaci-za-odjecu","7":"product_tag-everyday-outdoor","8":"product_tag-greenland","9":"product_tag-ostali-modni-dodaci","10":"product_tag-unisex","11":"product_tag-dodaci-vosak","13":"first","14":"outofstock","15":"shipping-taxable","16":"product-type-variable"},"_links":{"self":[{"href":"https:\/\/fjallraven.dev.mortar.tovarnaidej.com\/en\/wp-json\/wp\/v2\/product\/1020420","targetHints":{"allow":["GET"]}}],"collection":[{"href":"https:\/\/fjallraven.dev.mortar.tovarnaidej.com\/en\/wp-json\/wp\/v2\/product"}],"about":[{"href":"https:\/\/fjallraven.dev.mortar.tovarnaidej.com\/en\/wp-json\/wp\/v2\/types\/product"}],"version-history":[{"count":1,"href":"https:\/\/fjallraven.dev.mortar.tovarnaidej.com\/en\/wp-json\/wp\/v2\/product\/1020420\/revisions"}],"predecessor-version":[{"id":1020437,"href":"https:\/\/fjallraven.dev.mortar.tovarnaidej.com\/en\/wp-json\/wp\/v2\/product\/1020420\/revisions\/1020437"}],"wp:attachment":[{"href":"https:\/\/fjallraven.dev.mortar.tovarnaidej.com\/en\/wp-json\/wp\/v2\/media?parent=1020420"}],"wp:term":[{"taxonomy":"product_brand","embeddable":true,"href":"https:\/\/fjallraven.dev.mortar.tovarnaidej.com\/en\/wp-json\/wp\/v2\/product_brand?post=1020420"},{"taxonomy":"product_cat","embeddable":true,"href":"https:\/\/fjallraven.dev.mortar.tovarnaidej.com\/en\/wp-json\/wp\/v2\/product_cat?post=1020420"},{"taxonomy":"product_tag","embeddable":true,"href":"https:\/\/fjallraven.dev.mortar.tovarnaidej.com\/en\/wp-json\/wp\/v2\/product_tag?post=1020420"}],"curies":[{"name":"wp","href":"https:\/\/api.w.org\/{rel}","templated":true}]}}