{"id":1020423,"date":"2025-11-21T09:27:55","date_gmt":"2025-11-21T09:27:55","guid":{"rendered":"https:\/\/fjallraven.dev.mortar.tovarnaidej.com\/?post_type=product&#038;p=1020423"},"modified":"2025-11-27T12:10:57","modified_gmt":"2025-11-27T12:10:57","slug":"skog-slim-shirt-m","status":"publish","type":"product","link":"https:\/\/fjallraven.dev.mortar.tovarnaidej.com\/en\/product\/skog-slim-shirt-m\/","title":{"rendered":"Skog Slim Shirt M"},"content":{"rendered":"<p>Ko\u0161ulja dugih rukava za svakodnevnu upotrebu, uskog kroja, od prekrasno debelog pamu\u010dnog flanela. Dva d\u017eepa na prsima s preklopima, gumbima i d\u017eepovima za olovke. Ovratnik na gumbe i gumbi za dr\u017eanje zavrnutih rukava na mjestu.<\/p>\n","protected":false},"excerpt":{"rendered":"<p>Ko\u0161ulja dugih rukava uskog kroja od udobnog pamu\u010dnog flanela. Ovratnik na kop\u010danje, dva prsna d\u017eepa s preklopima i gumbima na rukavima. Proizvedeno bez PFAS-a.<\/p>\n","protected":false},"featured_media":1023630,"template":"","meta":[],"product_brand":[460],"product_cat":[189],"product_tag":[479,506,600,529,470,480],"class_list":{"0":"post-1020423","1":"product","2":"type-product","3":"status-publish","4":"has-post-thumbnail","6":"product_brand-ovik","7":"product_cat-kosulje-i-osnovni-sloj","8":"product_tag-everyday-outdoor","9":"product_tag-kosulje-dugih-rukava","10":"product_tag-kosulje-muski","11":"product_tag-majice-muski","12":"product_tag-muski","13":"product_tag-ovik","15":"first","16":"outofstock","17":"shipping-taxable","18":"purchasable","19":"product-type-variable"},"_links":{"self":[{"href":"https:\/\/fjallraven.dev.mortar.tovarnaidej.com\/en\/wp-json\/wp\/v2\/product\/1020423","targetHints":{"allow":["GET"]}}],"collection":[{"href":"https:\/\/fjallraven.dev.mortar.tovarnaidej.com\/en\/wp-json\/wp\/v2\/product"}],"about":[{"href":"https:\/\/fjallraven.dev.mortar.tovarnaidej.com\/en\/wp-json\/wp\/v2\/types\/product"}],"version-history":[{"count":1,"href":"https:\/\/fjallraven.dev.mortar.tovarnaidej.com\/en\/wp-json\/wp\/v2\/product\/1020423\/revisions"}],"predecessor-version":[{"id":1020449,"href":"https:\/\/fjallraven.dev.mortar.tovarnaidej.com\/en\/wp-json\/wp\/v2\/product\/1020423\/revisions\/1020449"}],"wp:featuredmedia":[{"embeddable":true,"href":"https:\/\/fjallraven.dev.mortar.tovarnaidej.com\/en\/wp-json\/wp\/v2\/media\/1023630"}],"wp:attachment":[{"href":"https:\/\/fjallraven.dev.mortar.tovarnaidej.com\/en\/wp-json\/wp\/v2\/media?parent=1020423"}],"wp:term":[{"taxonomy":"product_brand","embeddable":true,"href":"https:\/\/fjallraven.dev.mortar.tovarnaidej.com\/en\/wp-json\/wp\/v2\/product_brand?post=1020423"},{"taxonomy":"product_cat","embeddable":true,"href":"https:\/\/fjallraven.dev.mortar.tovarnaidej.com\/en\/wp-json\/wp\/v2\/product_cat?post=1020423"},{"taxonomy":"product_tag","embeddable":true,"href":"https:\/\/fjallraven.dev.mortar.tovarnaidej.com\/en\/wp-json\/wp\/v2\/product_tag?post=1020423"}],"curies":[{"name":"wp","href":"https:\/\/api.w.org\/{rel}","templated":true}]}}