{"id":1020483,"date":"2025-11-21T09:28:06","date_gmt":"2025-11-21T09:28:06","guid":{"rendered":"https:\/\/fjallraven.dev.mortar.tovarnaidej.com\/product\/sten-jacket-m\/"},"modified":"2025-11-27T12:10:57","modified_gmt":"2025-11-27T12:10:57","slug":"sten-jacket-m","status":"publish","type":"product","link":"https:\/\/fjallraven.dev.mortar.tovarnaidej.com\/en\/product\/sten-jacket-m\/","title":{"rendered":"Sten Jacket M"},"content":{"rendered":"<p>Udobna jakna od izdr\u017eljivog G-1000 i G-1000 Lite materijala, prakti\u010dan odjevni predmet za svaki dan koji se dobro uklapa i u prirodu. Unaprijed oblikovani rukavi i fiksna kapulja\u010da koja \u010dvrsto prianja uz lice. Dva bo\u010dna d\u017eepa s patentnim zatvara\u010dem. Patentni zatvara\u010d sprijeda s unutarnjim preklopom. Pode\u0161avanje na rubu i man\u017eete rukava s gumbima. Mo\u017ee se voskati za dodatnu za\u0161titu od vjetra i ki\u0161e.<\/p>\n","protected":false},"excerpt":{"rendered":"<p>Udobna, prakti\u010dna svakodnevna jakna od izdr\u017eljivog G-1000 i G-1000 Lite materijala. Fiksna kapulja\u010da, dva bo\u010dna d\u017eepa i d\u017eep na prsima. Proizvedeno bez PFAS-a.<\/p>\n","protected":false},"featured_media":1023692,"template":"","meta":[],"product_brand":[460],"product_cat":[217],"product_tag":[479,601,514,602,470,480,473],"class_list":{"0":"post-1020483","1":"product","2":"type-product","3":"status-publish","4":"has-post-thumbnail","6":"product_brand-ovik","7":"product_cat-jakne","8":"product_tag-everyday-outdoor","9":"product_tag-muske-jaknem","10":"product_tag-muske-jakne-outdoor","11":"product_tag-muske-shell-jakne","12":"product_tag-muski","13":"product_tag-ovik","14":"product_tag-shell-jakne","16":"first","17":"outofstock","18":"shipping-taxable","19":"purchasable","20":"product-type-variable"},"_links":{"self":[{"href":"https:\/\/fjallraven.dev.mortar.tovarnaidej.com\/en\/wp-json\/wp\/v2\/product\/1020483","targetHints":{"allow":["GET"]}}],"collection":[{"href":"https:\/\/fjallraven.dev.mortar.tovarnaidej.com\/en\/wp-json\/wp\/v2\/product"}],"about":[{"href":"https:\/\/fjallraven.dev.mortar.tovarnaidej.com\/en\/wp-json\/wp\/v2\/types\/product"}],"version-history":[{"count":0,"href":"https:\/\/fjallraven.dev.mortar.tovarnaidej.com\/en\/wp-json\/wp\/v2\/product\/1020483\/revisions"}],"wp:featuredmedia":[{"embeddable":true,"href":"https:\/\/fjallraven.dev.mortar.tovarnaidej.com\/en\/wp-json\/wp\/v2\/media\/1023692"}],"wp:attachment":[{"href":"https:\/\/fjallraven.dev.mortar.tovarnaidej.com\/en\/wp-json\/wp\/v2\/media?parent=1020483"}],"wp:term":[{"taxonomy":"product_brand","embeddable":true,"href":"https:\/\/fjallraven.dev.mortar.tovarnaidej.com\/en\/wp-json\/wp\/v2\/product_brand?post=1020483"},{"taxonomy":"product_cat","embeddable":true,"href":"https:\/\/fjallraven.dev.mortar.tovarnaidej.com\/en\/wp-json\/wp\/v2\/product_cat?post=1020483"},{"taxonomy":"product_tag","embeddable":true,"href":"https:\/\/fjallraven.dev.mortar.tovarnaidej.com\/en\/wp-json\/wp\/v2\/product_tag?post=1020483"}],"curies":[{"name":"wp","href":"https:\/\/api.w.org\/{rel}","templated":true}]}}