{"id":1020485,"date":"2025-11-21T09:28:10","date_gmt":"2025-11-21T09:28:10","guid":{"rendered":"https:\/\/fjallraven.dev.mortar.tovarnaidej.com\/?post_type=product&#038;p=1020485"},"modified":"2025-11-27T12:10:56","modified_gmt":"2025-11-27T12:10:56","slug":"buck-fleece-vest-m","status":"publish","type":"product","link":"https:\/\/fjallraven.dev.mortar.tovarnaidej.com\/en\/product\/buck-fleece-vest-m\/","title":{"rendered":"Buck Fleece Vest M"},"content":{"rendered":"<p>Topli, debeli flis prsluk koji je pleten s vanjske strane i meko \u010detkan s unutarnje strane. G-1000 oja\u010danje preko ramena za dodatnu izdr\u017eljivost, \u0161to je prakti\u010dno pri no\u0161enju ruksaka. Savr\u0161en kao topli srednji sloj prilikom skijanja, a mo\u017ee se nositi i dok se opu\u0161tate u kabini. Dva bo\u010dna d\u017eepa i jedan d\u017eep na prsima. Patentni zatvara\u010d sprijeda sa za\u0161titnim preklopom na bradi. Regular kroj.<\/p>\n","protected":false},"excerpt":{"rendered":"<p>Topli flis prsluk pleten izvana i \u010detkani iznutra. G-1000 oja\u010danja na ramenima, dva bo\u010dna d\u017eepa i jedan d\u017eep na prsima. Proizvedeno bez PFAS-a.<\/p>\n","protected":false},"featured_media":1023710,"template":"","meta":[],"product_brand":[461],"product_cat":[186],"product_tag":[592,481,470,532,534,508,488,471],"class_list":{"0":"post-1020485","1":"product","2":"type-product","3":"status-publish","4":"has-post-thumbnail","6":"product_brand-singi","7":"product_cat-srednji-slojevi","8":"product_tag-dzemperi-i-pletivo-muski","9":"product_tag-flis","10":"product_tag-muski","11":"product_tag-mid-layer-muski-dzemperi","12":"product_tag-mid-layer-muski-prsluci","13":"product_tag-prsluci","14":"product_tag-singi","15":"product_tag-trekking","17":"first","18":"outofstock","19":"shipping-taxable","20":"purchasable","21":"product-type-variable"},"_links":{"self":[{"href":"https:\/\/fjallraven.dev.mortar.tovarnaidej.com\/en\/wp-json\/wp\/v2\/product\/1020485","targetHints":{"allow":["GET"]}}],"collection":[{"href":"https:\/\/fjallraven.dev.mortar.tovarnaidej.com\/en\/wp-json\/wp\/v2\/product"}],"about":[{"href":"https:\/\/fjallraven.dev.mortar.tovarnaidej.com\/en\/wp-json\/wp\/v2\/types\/product"}],"version-history":[{"count":1,"href":"https:\/\/fjallraven.dev.mortar.tovarnaidej.com\/en\/wp-json\/wp\/v2\/product\/1020485\/revisions"}],"predecessor-version":[{"id":1020497,"href":"https:\/\/fjallraven.dev.mortar.tovarnaidej.com\/en\/wp-json\/wp\/v2\/product\/1020485\/revisions\/1020497"}],"wp:featuredmedia":[{"embeddable":true,"href":"https:\/\/fjallraven.dev.mortar.tovarnaidej.com\/en\/wp-json\/wp\/v2\/media\/1023710"}],"wp:attachment":[{"href":"https:\/\/fjallraven.dev.mortar.tovarnaidej.com\/en\/wp-json\/wp\/v2\/media?parent=1020485"}],"wp:term":[{"taxonomy":"product_brand","embeddable":true,"href":"https:\/\/fjallraven.dev.mortar.tovarnaidej.com\/en\/wp-json\/wp\/v2\/product_brand?post=1020485"},{"taxonomy":"product_cat","embeddable":true,"href":"https:\/\/fjallraven.dev.mortar.tovarnaidej.com\/en\/wp-json\/wp\/v2\/product_cat?post=1020485"},{"taxonomy":"product_tag","embeddable":true,"href":"https:\/\/fjallraven.dev.mortar.tovarnaidej.com\/en\/wp-json\/wp\/v2\/product_tag?post=1020485"}],"curies":[{"name":"wp","href":"https:\/\/api.w.org\/{rel}","templated":true}]}}