{"id":1020521,"date":"2025-11-21T09:28:19","date_gmt":"2025-11-21T09:28:19","guid":{"rendered":"https:\/\/fjallraven.dev.mortar.tovarnaidej.com\/?post_type=product&#038;p=1020521"},"modified":"2025-11-27T12:10:56","modified_gmt":"2025-11-27T12:10:56","slug":"abisko-trail-fleece-m","status":"publish","type":"product","link":"https:\/\/fjallraven.dev.mortar.tovarnaidej.com\/en\/product\/abisko-trail-fleece-m\/","title":{"rendered":"Abisko Trail Fleece M"},"content":{"rendered":"<p>Lagani, prakti\u010dni d\u017eemper s kapulja\u010dom koji kombinira dvije razli\u010dite flis tkanine kako bi grijao tamo gdje je najpotrebnije te smanjio te\u017einu i volumen. Kapulja\u010da, ramena i prsa izra\u0111eni su od ravno pletenog poliesterskog flisa (djelomi\u010dno recikliranog) s mekom \u010detkanom unutarnjom stranom, dok su bo\u010dne strane, donji dio trupa i donji rukavi od lak\u0161eg flisa mre\u017easte strukture s vrhunskom ventilacijom. Savr\u0161en kao brzosu\u0161e\u0107i i vlagu odvode\u0107i srednji sloj za jednodnevne izlete ili hladne ljetne ve\u010deri. Udobna kapulja\u010da i jednosmjerni patentni zatvara\u010d sprijeda. Jedan d\u017eep na prsima i dva d\u017eepa za ruke, svi s patentnim zatvara\u010dima.<\/p>\n","protected":false},"excerpt":{"rendered":"<p>Lagan i prakti\u010dan pulover s kapulja\u010dom koji kombinira dvije razli\u010dite poliesterske tkanine (i nove i reciklirane). Jedan d\u017eep na prsima i dva d\u017eepa za ruke. Proizvedeno bez PFAS-a.<\/p>\n","protected":false},"featured_media":1023757,"template":"","meta":[],"product_brand":[458],"product_cat":[186],"product_tag":[472,592,481,470,532,508,471],"class_list":{"0":"post-1020521","1":"product","2":"type-product","3":"status-publish","4":"has-post-thumbnail","6":"product_brand-abisko","7":"product_cat-srednji-slojevi","8":"product_tag-abisko","9":"product_tag-dzemperi-i-pletivo-muski","10":"product_tag-flis","11":"product_tag-muski","12":"product_tag-mid-layer-muski-dzemperi","13":"product_tag-prsluci","14":"product_tag-trekking","16":"first","17":"outofstock","18":"shipping-taxable","19":"purchasable","20":"product-type-variable"},"_links":{"self":[{"href":"https:\/\/fjallraven.dev.mortar.tovarnaidej.com\/en\/wp-json\/wp\/v2\/product\/1020521","targetHints":{"allow":["GET"]}}],"collection":[{"href":"https:\/\/fjallraven.dev.mortar.tovarnaidej.com\/en\/wp-json\/wp\/v2\/product"}],"about":[{"href":"https:\/\/fjallraven.dev.mortar.tovarnaidej.com\/en\/wp-json\/wp\/v2\/types\/product"}],"version-history":[{"count":1,"href":"https:\/\/fjallraven.dev.mortar.tovarnaidej.com\/en\/wp-json\/wp\/v2\/product\/1020521\/revisions"}],"predecessor-version":[{"id":1020537,"href":"https:\/\/fjallraven.dev.mortar.tovarnaidej.com\/en\/wp-json\/wp\/v2\/product\/1020521\/revisions\/1020537"}],"wp:featuredmedia":[{"embeddable":true,"href":"https:\/\/fjallraven.dev.mortar.tovarnaidej.com\/en\/wp-json\/wp\/v2\/media\/1023757"}],"wp:attachment":[{"href":"https:\/\/fjallraven.dev.mortar.tovarnaidej.com\/en\/wp-json\/wp\/v2\/media?parent=1020521"}],"wp:term":[{"taxonomy":"product_brand","embeddable":true,"href":"https:\/\/fjallraven.dev.mortar.tovarnaidej.com\/en\/wp-json\/wp\/v2\/product_brand?post=1020521"},{"taxonomy":"product_cat","embeddable":true,"href":"https:\/\/fjallraven.dev.mortar.tovarnaidej.com\/en\/wp-json\/wp\/v2\/product_cat?post=1020521"},{"taxonomy":"product_tag","embeddable":true,"href":"https:\/\/fjallraven.dev.mortar.tovarnaidej.com\/en\/wp-json\/wp\/v2\/product_tag?post=1020521"}],"curies":[{"name":"wp","href":"https:\/\/api.w.org\/{rel}","templated":true}]}}