{"id":1020522,"date":"2025-11-21T09:28:19","date_gmt":"2025-11-21T09:28:19","guid":{"rendered":"https:\/\/fjallraven.dev.mortar.tovarnaidej.com\/?post_type=product&#038;p=1020522"},"modified":"2025-11-27T12:10:56","modified_gmt":"2025-11-27T12:10:56","slug":"skogso-padded-jacket-m","status":"publish","type":"product","link":"https:\/\/fjallraven.dev.mortar.tovarnaidej.com\/en\/product\/skogso-padded-jacket-m\/","title":{"rendered":"Skogs\u00f6 Padded Jacket M"},"content":{"rendered":"<p>Zimska jakna koja se\u017ee do bokova, lagano podstavljena, izra\u0111ena od G-1000 materijala s fiksnom podesivom kapulja\u010dom. Savr\u0161en odjevni predmet za vanjske aktivnosti u hladnijim mjesecima, otporna je na vjetar i ostaje suha tijekom kratkih pljuskova, a istovremeno prozra\u010duje tjelesnu vlagu koja se nakuplja dok ste aktivni. Sinteti\u010dko punjenje PrimaLoft\u00ae Black Insulation RISE s P.U.R.E. tehnologijom pru\u017ea dodatnu toplinu, \u010dak i u vla\u017enim uvjetima, a jakna se lako kre\u0107e, sa ili bez ruksaka. Rukavi su prethodno oblikovani, a man\u017eete se pode\u0161avaju \u010di\u010dkom. Zatvara\u010d je dvosmjeran, prekriven je za\u0161titnim preklopom s drukerima na bradi, prsima i rubu. Prakti\u010dno spremanje u nekoliko d\u017eepova: dva okomita d\u017eepa na prsima i dva sa strane &#8211; svi s patentnim zatvara\u010dima koji imaju velike poteza\u010de tako da se lako mogu otvarati i zatvarati s rukavicama. Osim toga, s unutarnje strane nalaze se dva prostrana mre\u017easta d\u017eepa, savr\u0161ena za spremanje rukavica ili kape. Za pode\u0161avanje ruba mo\u017ee se koristiti vezica.<\/p>\n","protected":false},"excerpt":{"rendered":"<p>Lagana i prakti\u010dna zimska jakna od G-1000 materijala sa sinteti\u010dkim punjenjem koje zadr\u017eava toplinu \u010dak i kada je vla\u017ena. Fiksna, uska kapulja\u010da, nekoliko prakti\u010dnih d\u017eepova koji se lako zatvaraju. Proizvedeno bez PFAS-a.<\/p>\n","protected":false},"featured_media":1023768,"template":"","meta":[],"product_brand":[460],"product_cat":[217],"product_tag":[479,476,512,514,517,470,480],"class_list":{"0":"post-1020522","1":"product","2":"type-product","3":"status-publish","4":"has-post-thumbnail","6":"product_brand-ovik","7":"product_cat-jakne","8":"product_tag-everyday-outdoor","9":"product_tag-jakne-od-sintetike","10":"product_tag-muske-jakne","11":"product_tag-muske-jakne-outdoor","12":"product_tag-muske-jakne-zimske","13":"product_tag-muski","14":"product_tag-ovik","16":"first","17":"outofstock","18":"shipping-taxable","19":"purchasable","20":"product-type-variable"},"_links":{"self":[{"href":"https:\/\/fjallraven.dev.mortar.tovarnaidej.com\/en\/wp-json\/wp\/v2\/product\/1020522","targetHints":{"allow":["GET"]}}],"collection":[{"href":"https:\/\/fjallraven.dev.mortar.tovarnaidej.com\/en\/wp-json\/wp\/v2\/product"}],"about":[{"href":"https:\/\/fjallraven.dev.mortar.tovarnaidej.com\/en\/wp-json\/wp\/v2\/types\/product"}],"version-history":[{"count":2,"href":"https:\/\/fjallraven.dev.mortar.tovarnaidej.com\/en\/wp-json\/wp\/v2\/product\/1020522\/revisions"}],"predecessor-version":[{"id":1024884,"href":"https:\/\/fjallraven.dev.mortar.tovarnaidej.com\/en\/wp-json\/wp\/v2\/product\/1020522\/revisions\/1024884"}],"wp:featuredmedia":[{"embeddable":true,"href":"https:\/\/fjallraven.dev.mortar.tovarnaidej.com\/en\/wp-json\/wp\/v2\/media\/1023768"}],"wp:attachment":[{"href":"https:\/\/fjallraven.dev.mortar.tovarnaidej.com\/en\/wp-json\/wp\/v2\/media?parent=1020522"}],"wp:term":[{"taxonomy":"product_brand","embeddable":true,"href":"https:\/\/fjallraven.dev.mortar.tovarnaidej.com\/en\/wp-json\/wp\/v2\/product_brand?post=1020522"},{"taxonomy":"product_cat","embeddable":true,"href":"https:\/\/fjallraven.dev.mortar.tovarnaidej.com\/en\/wp-json\/wp\/v2\/product_cat?post=1020522"},{"taxonomy":"product_tag","embeddable":true,"href":"https:\/\/fjallraven.dev.mortar.tovarnaidej.com\/en\/wp-json\/wp\/v2\/product_tag?post=1020522"}],"curies":[{"name":"wp","href":"https:\/\/api.w.org\/{rel}","templated":true}]}}