{"id":1020553,"date":"2025-11-21T09:28:26","date_gmt":"2025-11-21T09:28:26","guid":{"rendered":"https:\/\/fjallraven.dev.mortar.tovarnaidej.com\/?post_type=product&#038;p=1020553"},"modified":"2025-11-27T12:10:56","modified_gmt":"2025-11-27T12:10:56","slug":"karl-pro-trousers-m","status":"publish","type":"product","link":"https:\/\/fjallraven.dev.mortar.tovarnaidej.com\/en\/product\/karl-pro-trousers-m\/","title":{"rendered":"Karl Pro Trousers M"},"content":{"rendered":"<p>Izdr\u017eljive i svestrane hla\u010de za aktivnosti na otvorenom jednako su prikladne za planinarenje kao i za \u0161umske \u0161etnje. Izra\u0111ene od vjetro i vodootpornog G-1000 Silent materijala s lagano bru\u0161enom povr\u0161inom. Kroj je regularan sa srednjim strukom, a ovaj Pro model ima novi, dobro osmi\u0161ljen kroj koji bolje pristaje i daje ve\u0107u slobodu kretanja &#8211; \u010dak i s ne\u0161to u\u017eim nogavicama. Koljena i stra\u017enjica su prethodno oblikovani, a struk je malo vi\u0161i straga kako bi dobro pristajale pri no\u0161enju ruksaka. Postoje dva d\u017eepa na nogavicama, jedan s patentnim zatvara\u010dem i jedan s gumbima, a jedan tako\u0111er ima unutarnji mre\u017easti d\u017eep za mobitel. Postoje dva d\u017eepa za ruke i dva stra\u017enja d\u017eepa s preklopima. Zavr\u0161eci nogavica su sirove duljine i mogu se lako podesiti kako bi savr\u0161eno odgovarali bilo kojoj visini.<\/p>\n","protected":false},"excerpt":{"rendered":"<p>Izdr\u017eljive hla\u010de za vanjske aktivnosti s regularnim krojem od bru\u0161enog G-1000 Silent materijala. Dizajnirani kroj pru\u017ea dodatnu slobodu kretanja, a sadr\u017ei i \u0161est prakti\u010dnih d\u017eepova.Proizvedeno bez PFAS-a.<\/p>\n","protected":false},"featured_media":1023780,"template":"","meta":[],"product_brand":[460],"product_cat":[259],"product_tag":[479,469,528,536,470,480],"class_list":{"0":"post-1020553","1":"product","2":"type-product","3":"status-publish","4":"has-post-thumbnail","6":"product_brand-ovik","7":"product_cat-hlace-i-suknje","8":"product_tag-everyday-outdoor","9":"product_tag-hlace","10":"product_tag-hlace-muski","11":"product_tag-hlace-muski-outdoor","12":"product_tag-muski","13":"product_tag-ovik","15":"first","16":"outofstock","17":"shipping-taxable","18":"purchasable","19":"product-type-variable"},"_links":{"self":[{"href":"https:\/\/fjallraven.dev.mortar.tovarnaidej.com\/en\/wp-json\/wp\/v2\/product\/1020553","targetHints":{"allow":["GET"]}}],"collection":[{"href":"https:\/\/fjallraven.dev.mortar.tovarnaidej.com\/en\/wp-json\/wp\/v2\/product"}],"about":[{"href":"https:\/\/fjallraven.dev.mortar.tovarnaidej.com\/en\/wp-json\/wp\/v2\/types\/product"}],"version-history":[{"count":1,"href":"https:\/\/fjallraven.dev.mortar.tovarnaidej.com\/en\/wp-json\/wp\/v2\/product\/1020553\/revisions"}],"predecessor-version":[{"id":1020565,"href":"https:\/\/fjallraven.dev.mortar.tovarnaidej.com\/en\/wp-json\/wp\/v2\/product\/1020553\/revisions\/1020565"}],"wp:featuredmedia":[{"embeddable":true,"href":"https:\/\/fjallraven.dev.mortar.tovarnaidej.com\/en\/wp-json\/wp\/v2\/media\/1023780"}],"wp:attachment":[{"href":"https:\/\/fjallraven.dev.mortar.tovarnaidej.com\/en\/wp-json\/wp\/v2\/media?parent=1020553"}],"wp:term":[{"taxonomy":"product_brand","embeddable":true,"href":"https:\/\/fjallraven.dev.mortar.tovarnaidej.com\/en\/wp-json\/wp\/v2\/product_brand?post=1020553"},{"taxonomy":"product_cat","embeddable":true,"href":"https:\/\/fjallraven.dev.mortar.tovarnaidej.com\/en\/wp-json\/wp\/v2\/product_cat?post=1020553"},{"taxonomy":"product_tag","embeddable":true,"href":"https:\/\/fjallraven.dev.mortar.tovarnaidej.com\/en\/wp-json\/wp\/v2\/product_tag?post=1020553"}],"curies":[{"name":"wp","href":"https:\/\/api.w.org\/{rel}","templated":true}]}}