{"id":1020554,"date":"2025-11-21T09:28:26","date_gmt":"2025-11-21T09:28:26","guid":{"rendered":"https:\/\/fjallraven.dev.mortar.tovarnaidej.com\/?post_type=product&#038;p=1020554"},"modified":"2025-11-27T12:10:56","modified_gmt":"2025-11-27T12:10:56","slug":"greenland-down-liner-vest-m","status":"publish","type":"product","link":"https:\/\/fjallraven.dev.mortar.tovarnaidej.com\/en\/product\/greenland-down-liner-vest-m\/","title":{"rendered":"Greenland Down Liner Vest M"},"content":{"rendered":"<p>Prsluci su pravi favoriti za aktivnosti na otvorenom \u2013 izoliraju gdje vam je potrebno i toliko su skladivi da ne\u0107ete morati dvaput razmisliti prije nego \u0161to ga ponesete sa sobom. Greenland Down Liner prsluk izra\u0111en je od savitljivog recikliranog poliestera i lagano je podstavljen eti\u010dki proizvedenim perjem. Klasi\u010dni detalji poput d\u017eepova na prsima s preklopima daju mu pravi Greenland osje\u0107aj. Savr\u0161en je kao odjevni predmet za poja\u010danje kako biste produ\u017eili sezonu svoje jakne ili Greenland jakne, a odli\u010dan je i samostalno \u2013 preko ko\u0161ulje ili d\u017eempera \u2013 u bla\u017eim danima.<\/p>\n","protected":false},"excerpt":{"rendered":"<p>Lagani, svestrani pernati prsluk za dodatnu toplinu ispod shell jakne po hladnom vremenu. Proizvedeno bez PFAS-a.<\/p>\n","protected":false},"featured_media":1023792,"template":"","meta":[],"product_brand":[465],"product_cat":[217],"product_tag":[479,498,512,514,519,517,470,534,508],"class_list":{"0":"post-1020554","1":"product","2":"type-product","3":"status-publish","4":"has-post-thumbnail","6":"product_brand-greenland","7":"product_cat-jakne","8":"product_tag-everyday-outdoor","9":"product_tag-greenland","10":"product_tag-muske-jakne","11":"product_tag-muske-jakne-outdoor","12":"product_tag-muske-jakne-perjene","13":"product_tag-muske-jakne-zimske","14":"product_tag-muski","15":"product_tag-mid-layer-muski-prsluci","16":"product_tag-prsluci","18":"first","19":"outofstock","20":"shipping-taxable","21":"purchasable","22":"product-type-variable"},"_links":{"self":[{"href":"https:\/\/fjallraven.dev.mortar.tovarnaidej.com\/en\/wp-json\/wp\/v2\/product\/1020554","targetHints":{"allow":["GET"]}}],"collection":[{"href":"https:\/\/fjallraven.dev.mortar.tovarnaidej.com\/en\/wp-json\/wp\/v2\/product"}],"about":[{"href":"https:\/\/fjallraven.dev.mortar.tovarnaidej.com\/en\/wp-json\/wp\/v2\/types\/product"}],"version-history":[{"count":1,"href":"https:\/\/fjallraven.dev.mortar.tovarnaidej.com\/en\/wp-json\/wp\/v2\/product\/1020554\/revisions"}],"predecessor-version":[{"id":1020570,"href":"https:\/\/fjallraven.dev.mortar.tovarnaidej.com\/en\/wp-json\/wp\/v2\/product\/1020554\/revisions\/1020570"}],"wp:featuredmedia":[{"embeddable":true,"href":"https:\/\/fjallraven.dev.mortar.tovarnaidej.com\/en\/wp-json\/wp\/v2\/media\/1023792"}],"wp:attachment":[{"href":"https:\/\/fjallraven.dev.mortar.tovarnaidej.com\/en\/wp-json\/wp\/v2\/media?parent=1020554"}],"wp:term":[{"taxonomy":"product_brand","embeddable":true,"href":"https:\/\/fjallraven.dev.mortar.tovarnaidej.com\/en\/wp-json\/wp\/v2\/product_brand?post=1020554"},{"taxonomy":"product_cat","embeddable":true,"href":"https:\/\/fjallraven.dev.mortar.tovarnaidej.com\/en\/wp-json\/wp\/v2\/product_cat?post=1020554"},{"taxonomy":"product_tag","embeddable":true,"href":"https:\/\/fjallraven.dev.mortar.tovarnaidej.com\/en\/wp-json\/wp\/v2\/product_tag?post=1020554"}],"curies":[{"name":"wp","href":"https:\/\/api.w.org\/{rel}","templated":true}]}}