{"id":1020555,"date":"2025-11-21T09:28:26","date_gmt":"2025-11-21T09:28:26","guid":{"rendered":"https:\/\/fjallraven.dev.mortar.tovarnaidej.com\/?post_type=product&#038;p=1020555"},"modified":"2025-11-27T12:10:55","modified_gmt":"2025-11-27T12:10:55","slug":"abisko-padded-vest-m","status":"publish","type":"product","link":"https:\/\/fjallraven.dev.mortar.tovarnaidej.com\/en\/product\/abisko-padded-vest-m\/","title":{"rendered":"Abisko Padded Vest M"},"content":{"rendered":"<p>Lagani prsluk koji pru\u017ea dodatnu toplinu u hladnim ljetnim ve\u010derima ili pri planinarenju na velikim nadmorskim visinama. Izra\u0111en od savitljive poliesterske tkanine i lagano podstavljen visokou\u010dinkovitom sinteti\u010dkom izolacijom PrimaLoft\u00ae Black Insulation RISE s P.U.R.E. tehnologijom. Pametni izolacijski odjevni predmet koji zauzima minimalno prostora u ruksaku i mo\u017ee zagrijati kada je najpotrebniji. Dvosmjerni prednji patentni zatvara\u010d i dva prostrana d\u017eepa za grijanje ruku. Elasti\u010dni rub oko otvora za ruke i ruba.<\/p>\n","protected":false},"excerpt":{"rendered":"<p>Lagani prsluk s visokou\u010dinkovitim sinteti\u010dkim punjenjem. Izra\u0111en od poliesterske tkanine s dvosmjernim patentnim zatvara\u010dem i d\u017eepovima za ruke. Proizvedeno bez PFAS-a.<\/p>\n","protected":false},"featured_media":1023804,"template":"","meta":[],"product_brand":[458],"product_cat":[217],"product_tag":[472,512,603,517,470,534,508,471],"class_list":{"0":"post-1020555","1":"product","2":"type-product","3":"status-publish","4":"has-post-thumbnail","6":"product_brand-abisko","7":"product_cat-jakne","8":"product_tag-abisko","9":"product_tag-muske-jakne","10":"product_tag-muske-trekking-jakne","11":"product_tag-muske-jakne-zimske","12":"product_tag-muski","13":"product_tag-mid-layer-muski-prsluci","14":"product_tag-prsluci","15":"product_tag-trekking","17":"first","18":"outofstock","19":"shipping-taxable","20":"purchasable","21":"product-type-variable"},"_links":{"self":[{"href":"https:\/\/fjallraven.dev.mortar.tovarnaidej.com\/en\/wp-json\/wp\/v2\/product\/1020555","targetHints":{"allow":["GET"]}}],"collection":[{"href":"https:\/\/fjallraven.dev.mortar.tovarnaidej.com\/en\/wp-json\/wp\/v2\/product"}],"about":[{"href":"https:\/\/fjallraven.dev.mortar.tovarnaidej.com\/en\/wp-json\/wp\/v2\/types\/product"}],"version-history":[{"count":1,"href":"https:\/\/fjallraven.dev.mortar.tovarnaidej.com\/en\/wp-json\/wp\/v2\/product\/1020555\/revisions"}],"predecessor-version":[{"id":1020579,"href":"https:\/\/fjallraven.dev.mortar.tovarnaidej.com\/en\/wp-json\/wp\/v2\/product\/1020555\/revisions\/1020579"}],"wp:featuredmedia":[{"embeddable":true,"href":"https:\/\/fjallraven.dev.mortar.tovarnaidej.com\/en\/wp-json\/wp\/v2\/media\/1023804"}],"wp:attachment":[{"href":"https:\/\/fjallraven.dev.mortar.tovarnaidej.com\/en\/wp-json\/wp\/v2\/media?parent=1020555"}],"wp:term":[{"taxonomy":"product_brand","embeddable":true,"href":"https:\/\/fjallraven.dev.mortar.tovarnaidej.com\/en\/wp-json\/wp\/v2\/product_brand?post=1020555"},{"taxonomy":"product_cat","embeddable":true,"href":"https:\/\/fjallraven.dev.mortar.tovarnaidej.com\/en\/wp-json\/wp\/v2\/product_cat?post=1020555"},{"taxonomy":"product_tag","embeddable":true,"href":"https:\/\/fjallraven.dev.mortar.tovarnaidej.com\/en\/wp-json\/wp\/v2\/product_tag?post=1020555"}],"curies":[{"name":"wp","href":"https:\/\/api.w.org\/{rel}","templated":true}]}}