{"id":1020587,"date":"2025-11-21T09:28:33","date_gmt":"2025-11-21T09:28:33","guid":{"rendered":"https:\/\/fjallraven.dev.mortar.tovarnaidej.com\/?post_type=product&#038;p=1020587"},"modified":"2025-11-27T12:10:55","modified_gmt":"2025-11-27T12:10:55","slug":"vardag-lite-padded-jacket-m","status":"publish","type":"product","link":"https:\/\/fjallraven.dev.mortar.tovarnaidej.com\/en\/product\/vardag-lite-padded-jacket-m\/","title":{"rendered":"Vardag Lite Padded Jacket M"},"content":{"rendered":"<p>Toplo podstavljena, izdr\u017eljiva zimska jakna spremna je pratiti Vas u svakodnevnom \u017eivotu i na zimskim izletima u \u0161umu ili na skijali\u0161tima. Jednostavan dizajn s podesivom kapulja\u010dom i prostranim d\u017eepovima na prsima i rukama. Izdr\u017eljiva G-1000 tkanina zaustavlja hladne vjetrove, a sinteti\u010dko punjenje nudi dodatnu toplinu bez nepotrebne te\u017eine. Zakop\u010davanje man\u017eeta i pode\u0161avanje ruba vezicom.<\/p>\n","protected":false},"excerpt":{"rendered":"<p>Topla, izdr\u017eljiva zimska jakna s G-1000 materijalom. Izvrsna za svakodnevnu upotrebu i boravak na otvorenom. Proizvedeno bez PFAS-a.<\/p>\n","protected":false},"featured_media":1023819,"template":"","meta":[],"product_brand":[467],"product_cat":[217],"product_tag":[479,516,514,517,470,473,503],"class_list":{"0":"post-1020587","1":"product","2":"type-product","3":"status-publish","4":"has-post-thumbnail","6":"product_brand-vardag","7":"product_cat-jakne","8":"product_tag-everyday-outdoor","9":"product_tag-muske-jakne-shell","10":"product_tag-muske-jakne-outdoor","11":"product_tag-muske-jakne-zimske","12":"product_tag-muski","13":"product_tag-shell-jakne","14":"product_tag-vardag","16":"first","17":"outofstock","18":"shipping-taxable","19":"purchasable","20":"product-type-variable"},"_links":{"self":[{"href":"https:\/\/fjallraven.dev.mortar.tovarnaidej.com\/en\/wp-json\/wp\/v2\/product\/1020587","targetHints":{"allow":["GET"]}}],"collection":[{"href":"https:\/\/fjallraven.dev.mortar.tovarnaidej.com\/en\/wp-json\/wp\/v2\/product"}],"about":[{"href":"https:\/\/fjallraven.dev.mortar.tovarnaidej.com\/en\/wp-json\/wp\/v2\/types\/product"}],"version-history":[{"count":1,"href":"https:\/\/fjallraven.dev.mortar.tovarnaidej.com\/en\/wp-json\/wp\/v2\/product\/1020587\/revisions"}],"predecessor-version":[{"id":1020598,"href":"https:\/\/fjallraven.dev.mortar.tovarnaidej.com\/en\/wp-json\/wp\/v2\/product\/1020587\/revisions\/1020598"}],"wp:featuredmedia":[{"embeddable":true,"href":"https:\/\/fjallraven.dev.mortar.tovarnaidej.com\/en\/wp-json\/wp\/v2\/media\/1023819"}],"wp:attachment":[{"href":"https:\/\/fjallraven.dev.mortar.tovarnaidej.com\/en\/wp-json\/wp\/v2\/media?parent=1020587"}],"wp:term":[{"taxonomy":"product_brand","embeddable":true,"href":"https:\/\/fjallraven.dev.mortar.tovarnaidej.com\/en\/wp-json\/wp\/v2\/product_brand?post=1020587"},{"taxonomy":"product_cat","embeddable":true,"href":"https:\/\/fjallraven.dev.mortar.tovarnaidej.com\/en\/wp-json\/wp\/v2\/product_cat?post=1020587"},{"taxonomy":"product_tag","embeddable":true,"href":"https:\/\/fjallraven.dev.mortar.tovarnaidej.com\/en\/wp-json\/wp\/v2\/product_tag?post=1020587"}],"curies":[{"name":"wp","href":"https:\/\/api.w.org\/{rel}","templated":true}]}}