{"id":1020588,"date":"2025-11-21T09:28:34","date_gmt":"2025-11-21T09:28:34","guid":{"rendered":"https:\/\/fjallraven.dev.mortar.tovarnaidej.com\/?post_type=product&#038;p=1020588"},"modified":"2025-11-27T12:10:55","modified_gmt":"2025-11-27T12:10:55","slug":"visby-3-in-1-jacket-m","status":"publish","type":"product","link":"https:\/\/fjallraven.dev.mortar.tovarnaidej.com\/en\/product\/visby-3-in-1-jacket-m\/","title":{"rendered":"Visby 3 in 1 Jacket M"},"content":{"rendered":"<p>Jesensko vrijeme u obalnom gradu Visbyju mo\u017ee se u trenu promijeniti iz vla\u017enog i vjetrovitog u ledeno hladno, pa je jakna koja nosi ime dizajnirana za toplu i svestranu upotrebu. To je vodootporna, prozra\u010dna dvoslojna jakna koja se mo\u017ee nositi sama po bla\u017eim temperaturama ili se mo\u017ee zakop\u010dati s podstavljenom unutarnjom jaknom po hladnim danima. A ako vam se svi\u0111a mekani stil unutarnje jakne, mo\u017eete je nositi samostalno po suhom vremenu. Savr\u0161ena za grad i \u0161etnje pla\u017eom, tijekom cijele godine.<\/p>\n","protected":false},"excerpt":{"rendered":"<p>Vodootporna jakna za sve vremenske uvjete s odvojivom unutarnjom jaknom. Prakti\u010dna tijekom cijele godine. Proizvedeno bez PFAS-a.<\/p>\n","protected":false},"featured_media":1023831,"template":"","meta":[],"product_brand":[460],"product_cat":[217],"product_tag":[479,476,516,512,517,470,480],"class_list":{"0":"post-1020588","1":"product","2":"type-product","3":"status-publish","4":"has-post-thumbnail","6":"product_brand-ovik","7":"product_cat-jakne","8":"product_tag-everyday-outdoor","9":"product_tag-jakne-od-sintetike","10":"product_tag-muske-jakne-shell","11":"product_tag-muske-jakne","12":"product_tag-muske-jakne-zimske","13":"product_tag-muski","14":"product_tag-ovik","16":"first","17":"outofstock","18":"shipping-taxable","19":"purchasable","20":"product-type-variable"},"_links":{"self":[{"href":"https:\/\/fjallraven.dev.mortar.tovarnaidej.com\/en\/wp-json\/wp\/v2\/product\/1020588","targetHints":{"allow":["GET"]}}],"collection":[{"href":"https:\/\/fjallraven.dev.mortar.tovarnaidej.com\/en\/wp-json\/wp\/v2\/product"}],"about":[{"href":"https:\/\/fjallraven.dev.mortar.tovarnaidej.com\/en\/wp-json\/wp\/v2\/types\/product"}],"version-history":[{"count":1,"href":"https:\/\/fjallraven.dev.mortar.tovarnaidej.com\/en\/wp-json\/wp\/v2\/product\/1020588\/revisions"}],"predecessor-version":[{"id":1020607,"href":"https:\/\/fjallraven.dev.mortar.tovarnaidej.com\/en\/wp-json\/wp\/v2\/product\/1020588\/revisions\/1020607"}],"wp:featuredmedia":[{"embeddable":true,"href":"https:\/\/fjallraven.dev.mortar.tovarnaidej.com\/en\/wp-json\/wp\/v2\/media\/1023831"}],"wp:attachment":[{"href":"https:\/\/fjallraven.dev.mortar.tovarnaidej.com\/en\/wp-json\/wp\/v2\/media?parent=1020588"}],"wp:term":[{"taxonomy":"product_brand","embeddable":true,"href":"https:\/\/fjallraven.dev.mortar.tovarnaidej.com\/en\/wp-json\/wp\/v2\/product_brand?post=1020588"},{"taxonomy":"product_cat","embeddable":true,"href":"https:\/\/fjallraven.dev.mortar.tovarnaidej.com\/en\/wp-json\/wp\/v2\/product_cat?post=1020588"},{"taxonomy":"product_tag","embeddable":true,"href":"https:\/\/fjallraven.dev.mortar.tovarnaidej.com\/en\/wp-json\/wp\/v2\/product_tag?post=1020588"}],"curies":[{"name":"wp","href":"https:\/\/api.w.org\/{rel}","templated":true}]}}