{"id":1020620,"date":"2025-11-21T09:28:42","date_gmt":"2025-11-21T09:28:42","guid":{"rendered":"https:\/\/fjallraven.dev.mortar.tovarnaidej.com\/?post_type=product&#038;p=1020620"},"modified":"2025-11-27T12:10:55","modified_gmt":"2025-11-27T12:10:55","slug":"fjallraven-logo-sweater-w","status":"publish","type":"product","link":"https:\/\/fjallraven.dev.mortar.tovarnaidej.com\/en\/product\/fjallraven-logo-sweater-w\/","title":{"rendered":"Fj\u00e4llr\u00e4ven Logo Sweater W"},"content":{"rendered":"<p>Klasi\u010dna majica dugih rukava od fantasti\u010dnog, robusnog Felpa \u017eerseja od organskog pamuka s mekanom \u010detkanom unutarnjom stranom. Okrugli, rebrasti izrez i rebraste man\u017eete i rub. Otisnut Fj\u00e4llr\u00e4ven logotip sprijeda. Bezvremenski osnovni odjevni predmet za svakodnevni \u017eivot &#8211; posao, \u0161kolu i le\u017eerne aktivnosti na otvorenom.<\/p>\n","protected":false},"excerpt":{"rendered":"<p>Klasi\u010dna majica s kapulja\u010dom od udobnog i robusnog Felpa \u017eerseja izra\u0111enog od organskog pamuka. Proizvedeno bez PFAS-a.<\/p>\n","protected":false},"featured_media":1023883,"template":"","meta":[],"product_brand":[460],"product_cat":[263],"product_tag":[595,482,479,480,489,562,564],"class_list":{"0":"post-1020620","1":"product","2":"type-product","3":"status-publish","4":"has-post-thumbnail","6":"product_brand-ovik","7":"product_cat-srednji-slojevi","8":"product_tag-dzemperi-i-pletivo","9":"product_tag-dzemperi-i-vuna","10":"product_tag-everyday-outdoor","11":"product_tag-ovik","12":"product_tag-zene","13":"product_tag-mid-layer-zene-dzemperi","14":"product_tag-mid-layer-zene-prsluci","16":"first","17":"outofstock","18":"shipping-taxable","19":"purchasable","20":"product-type-variable"},"_links":{"self":[{"href":"https:\/\/fjallraven.dev.mortar.tovarnaidej.com\/en\/wp-json\/wp\/v2\/product\/1020620","targetHints":{"allow":["GET"]}}],"collection":[{"href":"https:\/\/fjallraven.dev.mortar.tovarnaidej.com\/en\/wp-json\/wp\/v2\/product"}],"about":[{"href":"https:\/\/fjallraven.dev.mortar.tovarnaidej.com\/en\/wp-json\/wp\/v2\/types\/product"}],"version-history":[{"count":1,"href":"https:\/\/fjallraven.dev.mortar.tovarnaidej.com\/en\/wp-json\/wp\/v2\/product\/1020620\/revisions"}],"predecessor-version":[{"id":1020628,"href":"https:\/\/fjallraven.dev.mortar.tovarnaidej.com\/en\/wp-json\/wp\/v2\/product\/1020620\/revisions\/1020628"}],"wp:featuredmedia":[{"embeddable":true,"href":"https:\/\/fjallraven.dev.mortar.tovarnaidej.com\/en\/wp-json\/wp\/v2\/media\/1023883"}],"wp:attachment":[{"href":"https:\/\/fjallraven.dev.mortar.tovarnaidej.com\/en\/wp-json\/wp\/v2\/media?parent=1020620"}],"wp:term":[{"taxonomy":"product_brand","embeddable":true,"href":"https:\/\/fjallraven.dev.mortar.tovarnaidej.com\/en\/wp-json\/wp\/v2\/product_brand?post=1020620"},{"taxonomy":"product_cat","embeddable":true,"href":"https:\/\/fjallraven.dev.mortar.tovarnaidej.com\/en\/wp-json\/wp\/v2\/product_cat?post=1020620"},{"taxonomy":"product_tag","embeddable":true,"href":"https:\/\/fjallraven.dev.mortar.tovarnaidej.com\/en\/wp-json\/wp\/v2\/product_tag?post=1020620"}],"curies":[{"name":"wp","href":"https:\/\/api.w.org\/{rel}","templated":true}]}}