{"id":1020621,"date":"2025-11-21T09:28:42","date_gmt":"2025-11-21T09:28:42","guid":{"rendered":"https:\/\/fjallraven.dev.mortar.tovarnaidej.com\/?post_type=product&#038;p=1020621"},"modified":"2025-11-27T12:10:55","modified_gmt":"2025-11-27T12:10:55","slug":"expedition-down-jacket-m","status":"publish","type":"product","link":"https:\/\/fjallraven.dev.mortar.tovarnaidej.com\/en\/product\/expedition-down-jacket-m\/","title":{"rendered":"Expedition Down Jacket M"},"content":{"rendered":"<p>Duga i dobro izolirana perjana jakna za stvarno hladne zimske uvjete. Omiljeni Fj\u00e4llr\u00e4ven klasik iz 1974., ovdje s a\u017euriranim krojem za mu\u0161karce. Topla kapulja\u010da i prostrani d\u017eepovi s dodatnim otvorima koji vam omogu\u0107uju da stavite ruke sa strane. Podstavljena visokokvalitetnim eti\u010dki proizvedenim perjem. Konstrukcija s pomaknutim kanalima za perje eliminira gubitak topline. Ramena su oja\u010dana sinteti\u010dkim punjenjem kako bi bila otporna na vlagu i pritisak.<\/p>\n","protected":false},"excerpt":{"rendered":"<p>Dobro izolirana ikonska perjana jakna iz 1974. Proizvedena bez PFAS-a.<\/p>\n","protected":false},"featured_media":1023893,"template":"","meta":[],"product_brand":[105],"product_cat":[217],"product_tag":[509,512,519,517,470,477,471],"class_list":{"0":"post-1020621","1":"product","2":"type-product","3":"status-publish","4":"has-post-thumbnail","6":"product_brand-polar","7":"product_cat-jakne","8":"product_tag-jakne-od-perja","9":"product_tag-muske-jakne","10":"product_tag-muske-jakne-perjene","11":"product_tag-muske-jakne-zimske","12":"product_tag-muski","13":"product_tag-polar","14":"product_tag-trekking","16":"first","17":"outofstock","18":"shipping-taxable","19":"purchasable","20":"product-type-variable"},"_links":{"self":[{"href":"https:\/\/fjallraven.dev.mortar.tovarnaidej.com\/en\/wp-json\/wp\/v2\/product\/1020621","targetHints":{"allow":["GET"]}}],"collection":[{"href":"https:\/\/fjallraven.dev.mortar.tovarnaidej.com\/en\/wp-json\/wp\/v2\/product"}],"about":[{"href":"https:\/\/fjallraven.dev.mortar.tovarnaidej.com\/en\/wp-json\/wp\/v2\/types\/product"}],"version-history":[{"count":1,"href":"https:\/\/fjallraven.dev.mortar.tovarnaidej.com\/en\/wp-json\/wp\/v2\/product\/1020621\/revisions"}],"predecessor-version":[{"id":1020637,"href":"https:\/\/fjallraven.dev.mortar.tovarnaidej.com\/en\/wp-json\/wp\/v2\/product\/1020621\/revisions\/1020637"}],"wp:featuredmedia":[{"embeddable":true,"href":"https:\/\/fjallraven.dev.mortar.tovarnaidej.com\/en\/wp-json\/wp\/v2\/media\/1023893"}],"wp:attachment":[{"href":"https:\/\/fjallraven.dev.mortar.tovarnaidej.com\/en\/wp-json\/wp\/v2\/media?parent=1020621"}],"wp:term":[{"taxonomy":"product_brand","embeddable":true,"href":"https:\/\/fjallraven.dev.mortar.tovarnaidej.com\/en\/wp-json\/wp\/v2\/product_brand?post=1020621"},{"taxonomy":"product_cat","embeddable":true,"href":"https:\/\/fjallraven.dev.mortar.tovarnaidej.com\/en\/wp-json\/wp\/v2\/product_cat?post=1020621"},{"taxonomy":"product_tag","embeddable":true,"href":"https:\/\/fjallraven.dev.mortar.tovarnaidej.com\/en\/wp-json\/wp\/v2\/product_tag?post=1020621"}],"curies":[{"name":"wp","href":"https:\/\/api.w.org\/{rel}","templated":true}]}}