{"id":1020622,"date":"2025-11-21T09:28:42","date_gmt":"2025-11-21T09:28:42","guid":{"rendered":"https:\/\/fjallraven.dev.mortar.tovarnaidej.com\/?post_type=product&#038;p=1020622"},"modified":"2025-11-27T12:10:55","modified_gmt":"2025-11-27T12:10:55","slug":"expedition-down-lite-jacket-m","status":"publish","type":"product","link":"https:\/\/fjallraven.dev.mortar.tovarnaidej.com\/en\/product\/expedition-down-lite-jacket-m\/","title":{"rendered":"Expedition Down Lite Jacket M"},"content":{"rendered":"<p>Lak\u0161a verzija klasi\u010dne Expedition perjane jakne iz 1974., ovdje s pro\u0161ivenim \u0161avovima i 35% manje perja kako bi odgovarala bla\u017eim zimskim klimama. Model je tako\u0111er 8 centimetara kra\u0107i. Ina\u010de je potpuno isti kao original: prostrana kapulja\u010da, \u017eute vezice za pode\u0161avanje i prostrani d\u017eepovi. Oja\u010dana sinteti\u010dkim punjenjem preko ramena kako bi se oduprla vlazi i pritisku.<\/p>\n","protected":false},"excerpt":{"rendered":"<p>Lagana verzija klasi\u010dne perjane jakne za blago zimsko vrijeme. Proizvedeno bez PFAS-a.<\/p>\n","protected":false},"featured_media":1023905,"template":"","meta":[],"product_brand":[105],"product_cat":[217],"product_tag":[509,512,519,517,470,477,471],"class_list":{"0":"post-1020622","1":"product","2":"type-product","3":"status-publish","4":"has-post-thumbnail","6":"product_brand-polar","7":"product_cat-jakne","8":"product_tag-jakne-od-perja","9":"product_tag-muske-jakne","10":"product_tag-muske-jakne-perjene","11":"product_tag-muske-jakne-zimske","12":"product_tag-muski","13":"product_tag-polar","14":"product_tag-trekking","16":"first","17":"outofstock","18":"shipping-taxable","19":"purchasable","20":"product-type-variable"},"_links":{"self":[{"href":"https:\/\/fjallraven.dev.mortar.tovarnaidej.com\/en\/wp-json\/wp\/v2\/product\/1020622","targetHints":{"allow":["GET"]}}],"collection":[{"href":"https:\/\/fjallraven.dev.mortar.tovarnaidej.com\/en\/wp-json\/wp\/v2\/product"}],"about":[{"href":"https:\/\/fjallraven.dev.mortar.tovarnaidej.com\/en\/wp-json\/wp\/v2\/types\/product"}],"version-history":[{"count":1,"href":"https:\/\/fjallraven.dev.mortar.tovarnaidej.com\/en\/wp-json\/wp\/v2\/product\/1020622\/revisions"}],"predecessor-version":[{"id":1020641,"href":"https:\/\/fjallraven.dev.mortar.tovarnaidej.com\/en\/wp-json\/wp\/v2\/product\/1020622\/revisions\/1020641"}],"wp:featuredmedia":[{"embeddable":true,"href":"https:\/\/fjallraven.dev.mortar.tovarnaidej.com\/en\/wp-json\/wp\/v2\/media\/1023905"}],"wp:attachment":[{"href":"https:\/\/fjallraven.dev.mortar.tovarnaidej.com\/en\/wp-json\/wp\/v2\/media?parent=1020622"}],"wp:term":[{"taxonomy":"product_brand","embeddable":true,"href":"https:\/\/fjallraven.dev.mortar.tovarnaidej.com\/en\/wp-json\/wp\/v2\/product_brand?post=1020622"},{"taxonomy":"product_cat","embeddable":true,"href":"https:\/\/fjallraven.dev.mortar.tovarnaidej.com\/en\/wp-json\/wp\/v2\/product_cat?post=1020622"},{"taxonomy":"product_tag","embeddable":true,"href":"https:\/\/fjallraven.dev.mortar.tovarnaidej.com\/en\/wp-json\/wp\/v2\/product_tag?post=1020622"}],"curies":[{"name":"wp","href":"https:\/\/api.w.org\/{rel}","templated":true}]}}