{"id":1020656,"date":"2025-11-21T09:28:50","date_gmt":"2025-11-21T09:28:50","guid":{"rendered":"https:\/\/fjallraven.dev.mortar.tovarnaidej.com\/?post_type=product&#038;p=1020656"},"modified":"2025-11-27T12:10:54","modified_gmt":"2025-11-27T12:10:54","slug":"ovik-knit-roller-neck-w","status":"publish","type":"product","link":"https:\/\/fjallraven.dev.mortar.tovarnaidej.com\/en\/product\/ovik-knit-roller-neck-w\/","title":{"rendered":"\u00d6vik Knit Roller Neck W"},"content":{"rendered":"<p>Verzija omiljenog \u00d6vik pletenog d\u017eempera s rol izrezom, pletenog \u017eakard tehnikom od mekane, eti\u010dki proizvedene vune. Prekrasan odjevni predmet s klasi\u010dnim uzorkom i izvrsnim termoregulacijskim svojstvima. Savr\u0161en kao izolacijski srednji sloj ispod jakne ili, na primjer, u kombinaciji s perjanim prslukom u toplijim danima. Rebrasti ovratnik i raglan rukavi s oja\u010danim laktovima. Rebrasti rubovi na man\u017eetama i rubu.<\/p>\n","protected":false},"excerpt":{"rendered":"<p>Prekrasan rol-ovratnik od mekane, tople vune. Proizvedeno bez PFAS-a.<\/p>\n","protected":false},"featured_media":1024031,"template":"","meta":[],"product_brand":[460],"product_cat":[186],"product_tag":[595,482,479,480,489,564,563],"class_list":{"0":"post-1020656","1":"product","2":"type-product","3":"status-publish","4":"has-post-thumbnail","6":"product_brand-ovik","7":"product_cat-srednji-slojevi","8":"product_tag-dzemperi-i-pletivo","9":"product_tag-dzemperi-i-vuna","10":"product_tag-everyday-outdoor","11":"product_tag-ovik","12":"product_tag-zene","13":"product_tag-mid-layer-zene-prsluci","14":"product_tag-mid-layer-zene-pletivo","16":"first","17":"outofstock","18":"shipping-taxable","19":"purchasable","20":"product-type-variable"},"_links":{"self":[{"href":"https:\/\/fjallraven.dev.mortar.tovarnaidej.com\/en\/wp-json\/wp\/v2\/product\/1020656","targetHints":{"allow":["GET"]}}],"collection":[{"href":"https:\/\/fjallraven.dev.mortar.tovarnaidej.com\/en\/wp-json\/wp\/v2\/product"}],"about":[{"href":"https:\/\/fjallraven.dev.mortar.tovarnaidej.com\/en\/wp-json\/wp\/v2\/types\/product"}],"version-history":[{"count":1,"href":"https:\/\/fjallraven.dev.mortar.tovarnaidej.com\/en\/wp-json\/wp\/v2\/product\/1020656\/revisions"}],"predecessor-version":[{"id":1020681,"href":"https:\/\/fjallraven.dev.mortar.tovarnaidej.com\/en\/wp-json\/wp\/v2\/product\/1020656\/revisions\/1020681"}],"wp:featuredmedia":[{"embeddable":true,"href":"https:\/\/fjallraven.dev.mortar.tovarnaidej.com\/en\/wp-json\/wp\/v2\/media\/1024031"}],"wp:attachment":[{"href":"https:\/\/fjallraven.dev.mortar.tovarnaidej.com\/en\/wp-json\/wp\/v2\/media?parent=1020656"}],"wp:term":[{"taxonomy":"product_brand","embeddable":true,"href":"https:\/\/fjallraven.dev.mortar.tovarnaidej.com\/en\/wp-json\/wp\/v2\/product_brand?post=1020656"},{"taxonomy":"product_cat","embeddable":true,"href":"https:\/\/fjallraven.dev.mortar.tovarnaidej.com\/en\/wp-json\/wp\/v2\/product_cat?post=1020656"},{"taxonomy":"product_tag","embeddable":true,"href":"https:\/\/fjallraven.dev.mortar.tovarnaidej.com\/en\/wp-json\/wp\/v2\/product_tag?post=1020656"}],"curies":[{"name":"wp","href":"https:\/\/api.w.org\/{rel}","templated":true}]}}