{"id":1020657,"date":"2025-11-21T09:28:50","date_gmt":"2025-11-21T09:28:50","guid":{"rendered":"https:\/\/fjallraven.dev.mortar.tovarnaidej.com\/?post_type=product&#038;p=1020657"},"modified":"2025-11-27T12:10:54","modified_gmt":"2025-11-27T12:10:54","slug":"ovik-cable-knit-roller-neck-w","status":"publish","type":"product","link":"https:\/\/fjallraven.dev.mortar.tovarnaidej.com\/en\/product\/ovik-cable-knit-roller-neck-w\/","title":{"rendered":"\u00d6vik Cable Knit Roller Neck W"},"content":{"rendered":"<p>Prekrasan, topli pleteni d\u017eemper s klasi\u010dnim uzorkom pletenja sprijeda. Izra\u0111en od eti\u010dki proizvedene vune i savr\u0161en kao srednji sloj za hladne jesenske ili zimske izlete, kako na selu tako i u gradu. Mekana vunena vlakna odvode vlagu i nastavljaju grijati \u010dak i kada su vla\u017ena. \u0160irok kroj s malo du\u017eim krojem, tako da izgleda sjajno s tajicama ili hla\u010dama od G-1000.<\/p>\n","protected":false},"excerpt":{"rendered":"<p>Prekrasan, malo du\u017ei pleteni d\u017eemper od mekane, tople vune. Proizvedeno bez PFAS-a.<\/p>\n","protected":false},"featured_media":1024037,"template":"","meta":[],"product_brand":[460],"product_cat":[186],"product_tag":[595,482,479,480,489,564,563],"class_list":{"0":"post-1020657","1":"product","2":"type-product","3":"status-publish","4":"has-post-thumbnail","6":"product_brand-ovik","7":"product_cat-srednji-slojevi","8":"product_tag-dzemperi-i-pletivo","9":"product_tag-dzemperi-i-vuna","10":"product_tag-everyday-outdoor","11":"product_tag-ovik","12":"product_tag-zene","13":"product_tag-mid-layer-zene-prsluci","14":"product_tag-mid-layer-zene-pletivo","16":"first","17":"outofstock","18":"shipping-taxable","19":"purchasable","20":"product-type-variable"},"_links":{"self":[{"href":"https:\/\/fjallraven.dev.mortar.tovarnaidej.com\/en\/wp-json\/wp\/v2\/product\/1020657","targetHints":{"allow":["GET"]}}],"collection":[{"href":"https:\/\/fjallraven.dev.mortar.tovarnaidej.com\/en\/wp-json\/wp\/v2\/product"}],"about":[{"href":"https:\/\/fjallraven.dev.mortar.tovarnaidej.com\/en\/wp-json\/wp\/v2\/types\/product"}],"version-history":[{"count":1,"href":"https:\/\/fjallraven.dev.mortar.tovarnaidej.com\/en\/wp-json\/wp\/v2\/product\/1020657\/revisions"}],"predecessor-version":[{"id":1020685,"href":"https:\/\/fjallraven.dev.mortar.tovarnaidej.com\/en\/wp-json\/wp\/v2\/product\/1020657\/revisions\/1020685"}],"wp:featuredmedia":[{"embeddable":true,"href":"https:\/\/fjallraven.dev.mortar.tovarnaidej.com\/en\/wp-json\/wp\/v2\/media\/1024037"}],"wp:attachment":[{"href":"https:\/\/fjallraven.dev.mortar.tovarnaidej.com\/en\/wp-json\/wp\/v2\/media?parent=1020657"}],"wp:term":[{"taxonomy":"product_brand","embeddable":true,"href":"https:\/\/fjallraven.dev.mortar.tovarnaidej.com\/en\/wp-json\/wp\/v2\/product_brand?post=1020657"},{"taxonomy":"product_cat","embeddable":true,"href":"https:\/\/fjallraven.dev.mortar.tovarnaidej.com\/en\/wp-json\/wp\/v2\/product_cat?post=1020657"},{"taxonomy":"product_tag","embeddable":true,"href":"https:\/\/fjallraven.dev.mortar.tovarnaidej.com\/en\/wp-json\/wp\/v2\/product_tag?post=1020657"}],"curies":[{"name":"wp","href":"https:\/\/api.w.org\/{rel}","templated":true}]}}