{"id":1020688,"date":"2025-11-21T09:28:56","date_gmt":"2025-11-21T09:28:56","guid":{"rendered":"https:\/\/fjallraven.dev.mortar.tovarnaidej.com\/?post_type=product&#038;p=1020688"},"modified":"2025-11-27T12:10:54","modified_gmt":"2025-11-27T12:10:54","slug":"expedition-latt-hoodie-m","status":"publish","type":"product","link":"https:\/\/fjallraven.dev.mortar.tovarnaidej.com\/en\/product\/expedition-latt-hoodie-m\/","title":{"rendered":"Expedition L\u00e4tt Hoodie M"},"content":{"rendered":"<p>Expedition L\u00e4tt Hoodie je lagana, podstavljena oja\u010dana jakna savr\u0161ena za niz zimskih aktivnosti. Podstavljena je izolacijom od 100% recikliranog poliestera bez vlakana koja daje napuhnutost. Savr\u0161ena ispod shell jakne i odli\u010dan izbor u vla\u017enim uvjetima jer mo\u017ee podnijeti odre\u0111enu koli\u010dinu vlage bez gubitka izolacijskog kapaciteta. Kapulja\u010da, dva d\u017eepa za ruke i unutarnji d\u017eep koji slu\u017ei i kao ruksak. Dio Fj\u00e4llr\u00e4venove Expedition serije s kultnim dizajnom, odr\u017eivo proizvedenim materijalima i visokom pouzdano\u0161\u0107u u hladnim uvjetima.<\/p>\n","protected":false},"excerpt":{"rendered":"<p>Lagana oja\u010dana jakna sa sinteti\u010dkom izolacijom za zimske aktivnosti. Proizvedeno bez PFAS-a.<\/p>\n","protected":false},"featured_media":1024039,"template":"","meta":[],"product_brand":[105],"product_cat":[217],"product_tag":[476,512,513,517,470,477,471],"class_list":{"0":"post-1020688","1":"product","2":"type-product","3":"status-publish","4":"has-post-thumbnail","6":"product_brand-polar","7":"product_cat-jakne","8":"product_tag-jakne-od-sintetike","9":"product_tag-muske-jakne","10":"product_tag-muske-jakne-treking","11":"product_tag-muske-jakne-zimske","12":"product_tag-muski","13":"product_tag-polar","14":"product_tag-trekking","16":"first","17":"outofstock","18":"shipping-taxable","19":"purchasable","20":"product-type-variable"},"_links":{"self":[{"href":"https:\/\/fjallraven.dev.mortar.tovarnaidej.com\/en\/wp-json\/wp\/v2\/product\/1020688","targetHints":{"allow":["GET"]}}],"collection":[{"href":"https:\/\/fjallraven.dev.mortar.tovarnaidej.com\/en\/wp-json\/wp\/v2\/product"}],"about":[{"href":"https:\/\/fjallraven.dev.mortar.tovarnaidej.com\/en\/wp-json\/wp\/v2\/types\/product"}],"version-history":[{"count":1,"href":"https:\/\/fjallraven.dev.mortar.tovarnaidej.com\/en\/wp-json\/wp\/v2\/product\/1020688\/revisions"}],"predecessor-version":[{"id":1020693,"href":"https:\/\/fjallraven.dev.mortar.tovarnaidej.com\/en\/wp-json\/wp\/v2\/product\/1020688\/revisions\/1020693"}],"wp:featuredmedia":[{"embeddable":true,"href":"https:\/\/fjallraven.dev.mortar.tovarnaidej.com\/en\/wp-json\/wp\/v2\/media\/1024039"}],"wp:attachment":[{"href":"https:\/\/fjallraven.dev.mortar.tovarnaidej.com\/en\/wp-json\/wp\/v2\/media?parent=1020688"}],"wp:term":[{"taxonomy":"product_brand","embeddable":true,"href":"https:\/\/fjallraven.dev.mortar.tovarnaidej.com\/en\/wp-json\/wp\/v2\/product_brand?post=1020688"},{"taxonomy":"product_cat","embeddable":true,"href":"https:\/\/fjallraven.dev.mortar.tovarnaidej.com\/en\/wp-json\/wp\/v2\/product_cat?post=1020688"},{"taxonomy":"product_tag","embeddable":true,"href":"https:\/\/fjallraven.dev.mortar.tovarnaidej.com\/en\/wp-json\/wp\/v2\/product_tag?post=1020688"}],"curies":[{"name":"wp","href":"https:\/\/api.w.org\/{rel}","templated":true}]}}