{"id":1020785,"date":"2025-11-21T09:29:19","date_gmt":"2025-11-21T09:29:19","guid":{"rendered":"https:\/\/fjallraven.dev.mortar.tovarnaidej.com\/?post_type=product&#038;p=1020785"},"modified":"2025-11-27T12:10:54","modified_gmt":"2025-11-27T12:10:54","slug":"kaipak-trousers-m","status":"publish","type":"product","link":"https:\/\/fjallraven.dev.mortar.tovarnaidej.com\/en\/product\/kaipak-trousers-m\/","title":{"rendered":"Kaipak Trousers M"},"content":{"rendered":"<p>Izdr\u017eljive treking hla\u010de od G-1000 materijala s recikliranim poliesterom\/organskim pamukom \u2013 Kaipak Trousers M su le\u017eerne, ali tehni\u010dke trekking hla\u010de koje su jednako dobre za stazu kao i za svakodnevnu upotrebu. Blago su otporne na vjetar i ki\u0161u te lako ispu\u0161taju vlagu kada se tempo ubrza. Hibridna konstrukcija ima rastezljive panele u struku, me\u0111uno\u017eju i stra\u017enjem dijelu koljena, a artikulirani kroj s prethodno oblikovanim koljenima i stra\u017enjim dijelom pru\u017ea dobru slobodu kretanja. Dva velika d\u017eepa na nogavicama s diskretnim mijehom, dva d\u017eepa za ruke i zavr\u0161eci nogavica s pode\u0161avanjima i kukama za \u010dizme. Ako ste ve\u0107 obo\u017eavatelj na\u0161ih hla\u010da, trebali biste naru\u010diti broj ve\u0107i u na\u0161em Improved Fit-u. Ako vam je ovo prvi par hla\u010da, pogledajte na\u0161 Vodi\u010d za veli\u010dine kako biste prona\u0161li svoju odgovaraju\u0107u veli\u010dinu i kroj.<\/p>\n","protected":false},"excerpt":{"rendered":"<p>Izdr\u017eljive trekking hla\u010de izra\u0111ene od G-1000 materijala s rastezljivim panelima. Proizvedeno bez PFAS-a.<\/p>\n","protected":false},"featured_media":1024231,"template":"","meta":[],"product_brand":[89],"product_cat":[259],"product_tag":[469,478,528,535,470,471],"class_list":{"0":"post-1020785","1":"product","2":"type-product","3":"status-publish","4":"has-post-thumbnail","6":"product_brand-keb","7":"product_cat-hlace-i-suknje","8":"product_tag-hlace","9":"product_tag-keb","10":"product_tag-hlace-muski","11":"product_tag-muske-trekking-hlace","12":"product_tag-muski","13":"product_tag-trekking","15":"first","16":"outofstock","17":"shipping-taxable","18":"purchasable","19":"product-type-variable"},"_links":{"self":[{"href":"https:\/\/fjallraven.dev.mortar.tovarnaidej.com\/en\/wp-json\/wp\/v2\/product\/1020785","targetHints":{"allow":["GET"]}}],"collection":[{"href":"https:\/\/fjallraven.dev.mortar.tovarnaidej.com\/en\/wp-json\/wp\/v2\/product"}],"about":[{"href":"https:\/\/fjallraven.dev.mortar.tovarnaidej.com\/en\/wp-json\/wp\/v2\/types\/product"}],"version-history":[{"count":1,"href":"https:\/\/fjallraven.dev.mortar.tovarnaidej.com\/en\/wp-json\/wp\/v2\/product\/1020785\/revisions"}],"predecessor-version":[{"id":1020796,"href":"https:\/\/fjallraven.dev.mortar.tovarnaidej.com\/en\/wp-json\/wp\/v2\/product\/1020785\/revisions\/1020796"}],"wp:featuredmedia":[{"embeddable":true,"href":"https:\/\/fjallraven.dev.mortar.tovarnaidej.com\/en\/wp-json\/wp\/v2\/media\/1024231"}],"wp:attachment":[{"href":"https:\/\/fjallraven.dev.mortar.tovarnaidej.com\/en\/wp-json\/wp\/v2\/media?parent=1020785"}],"wp:term":[{"taxonomy":"product_brand","embeddable":true,"href":"https:\/\/fjallraven.dev.mortar.tovarnaidej.com\/en\/wp-json\/wp\/v2\/product_brand?post=1020785"},{"taxonomy":"product_cat","embeddable":true,"href":"https:\/\/fjallraven.dev.mortar.tovarnaidej.com\/en\/wp-json\/wp\/v2\/product_cat?post=1020785"},{"taxonomy":"product_tag","embeddable":true,"href":"https:\/\/fjallraven.dev.mortar.tovarnaidej.com\/en\/wp-json\/wp\/v2\/product_tag?post=1020785"}],"curies":[{"name":"wp","href":"https:\/\/api.w.org\/{rel}","templated":true}]}}