{"id":1020787,"date":"2025-11-21T09:29:19","date_gmt":"2025-11-21T09:29:19","guid":{"rendered":"https:\/\/fjallraven.dev.mortar.tovarnaidej.com\/?post_type=product&#038;p=1020787"},"modified":"2025-11-27T12:10:53","modified_gmt":"2025-11-27T12:10:53","slug":"keb-trousers-curved-w","status":"publish","type":"product","link":"https:\/\/fjallraven.dev.mortar.tovarnaidej.com\/en\/product\/keb-trousers-curved-w\/","title":{"rendered":"Keb Trousers Curved W"},"content":{"rendered":"<p>Nagra\u0111ivane trekking hla\u010de sa zakrivljenim krojem. Izra\u0111ene od rastezljive tkanine i G-1000 materijala, sada su pobolj\u0161ane za jo\u0161 bolje performanse, pristajanje i izdr\u017eljivost. Zavr\u0161eci nogavica imaju novi dizajn koji se lak\u0161e pode\u0161ava i popravlja. Ba\u0161 kao i prije, hla\u010de imaju klasi\u010dne, velike d\u017eepove, ve\u0107e patentne zatvara\u010de za ventilaciju, sada s mre\u017eastom podlogom i otvorima za \u0161titnike za koljena (dodatak). Dobro pristaju\u0107e, izdr\u017eljive klasi\u010dne hla\u010de za maksimalnu slobodu kretanja u planinama.<br \/>\nAko ste ve\u0107 obo\u017eavatelj na\u0161ih hla\u010da, mo\u017eete o\u010dekivati \u200b\u200bda \u0107ete ostati iste veli\u010dine u na\u0161em pobolj\u0161anom kroju ako nosite veli\u010dine od EU 34 do 44. EU veli\u010dine od 46 i vi\u0161e mogu se smanjiti za jednu veli\u010dinu, ovisno o \u017eeljenom kroju. Ako vam je ovo prvi par hla\u010da, pogledajte na\u0161 Vodi\u010d za veli\u010dine kako biste prona\u0161li svoju odgovaraju\u0107u veli\u010dinu i kroj.<\/p>\n","protected":false},"excerpt":{"rendered":"<p>Nagra\u0111ivane, trekking hla\u010de od rastezljive tkanine i G-1000 materijala s zaobljenim krojem. Sada osvje\u017eene za jo\u0161 bolje performanse, pristajanje i izdr\u017eljivost. Proizvedene bez PFAS-a.<\/p>\n","protected":false},"featured_media":1024245,"template":"","meta":[],"product_brand":[89],"product_cat":[174],"product_tag":[469,478,471,489,552,565],"class_list":{"0":"post-1020787","1":"product","2":"type-product","3":"status-publish","4":"has-post-thumbnail","6":"product_brand-keb","7":"product_cat-hlace-i-suknje","8":"product_tag-hlace","9":"product_tag-keb","10":"product_tag-trekking","11":"product_tag-zene","12":"product_tag-hlace-zene","13":"product_tag-hlace-zene-treking","15":"first","16":"outofstock","17":"shipping-taxable","18":"purchasable","19":"product-type-variable"},"_links":{"self":[{"href":"https:\/\/fjallraven.dev.mortar.tovarnaidej.com\/en\/wp-json\/wp\/v2\/product\/1020787","targetHints":{"allow":["GET"]}}],"collection":[{"href":"https:\/\/fjallraven.dev.mortar.tovarnaidej.com\/en\/wp-json\/wp\/v2\/product"}],"about":[{"href":"https:\/\/fjallraven.dev.mortar.tovarnaidej.com\/en\/wp-json\/wp\/v2\/types\/product"}],"version-history":[{"count":1,"href":"https:\/\/fjallraven.dev.mortar.tovarnaidej.com\/en\/wp-json\/wp\/v2\/product\/1020787\/revisions"}],"predecessor-version":[{"id":1020815,"href":"https:\/\/fjallraven.dev.mortar.tovarnaidej.com\/en\/wp-json\/wp\/v2\/product\/1020787\/revisions\/1020815"}],"wp:featuredmedia":[{"embeddable":true,"href":"https:\/\/fjallraven.dev.mortar.tovarnaidej.com\/en\/wp-json\/wp\/v2\/media\/1024245"}],"wp:attachment":[{"href":"https:\/\/fjallraven.dev.mortar.tovarnaidej.com\/en\/wp-json\/wp\/v2\/media?parent=1020787"}],"wp:term":[{"taxonomy":"product_brand","embeddable":true,"href":"https:\/\/fjallraven.dev.mortar.tovarnaidej.com\/en\/wp-json\/wp\/v2\/product_brand?post=1020787"},{"taxonomy":"product_cat","embeddable":true,"href":"https:\/\/fjallraven.dev.mortar.tovarnaidej.com\/en\/wp-json\/wp\/v2\/product_cat?post=1020787"},{"taxonomy":"product_tag","embeddable":true,"href":"https:\/\/fjallraven.dev.mortar.tovarnaidej.com\/en\/wp-json\/wp\/v2\/product_tag?post=1020787"}],"curies":[{"name":"wp","href":"https:\/\/api.w.org\/{rel}","templated":true}]}}