{"id":1020852,"date":"2025-11-21T09:29:35","date_gmt":"2025-11-21T09:29:35","guid":{"rendered":"https:\/\/fjallraven.dev.mortar.tovarnaidej.com\/?post_type=product&#038;p=1020852"},"modified":"2025-11-27T12:10:53","modified_gmt":"2025-11-27T12:10:53","slug":"keb-fleece-hoodie-w","status":"publish","type":"product","link":"https:\/\/fjallraven.dev.mortar.tovarnaidej.com\/en\/product\/keb-fleece-hoodie-w\/","title":{"rendered":"Keb Fleece Hoodie W"},"content":{"rendered":"<p>Flis majica s kapulja\u010dom koja izolira i odvodi vlagu \u2013 savr\u0161ena kao srednji sloj za aktivnosti tijekom cijele godine. Izra\u0111ena od mje\u0161avine recikliranog poliestera i vune s mogu\u0107no\u0161\u0107u pra\u0107enja te oja\u010dana G-1000 preko ramena za pobolj\u0161anu pokretljivost i izdr\u017eljivost u podru\u010djima s ve\u0107im optere\u0107enjem.<\/p>\n","protected":false},"excerpt":{"rendered":"<p>Topla flis majica s kapulja\u010dom izra\u0111ena od mje\u0161avine recikliranog poliestera i vune s poja\u010danjima od G-1000. Proizvedeno bez PFAS-a.<\/p>\n","protected":false},"featured_media":1024322,"template":"","meta":[],"product_brand":[89],"product_cat":[263],"product_tag":[595,481,478,471,489,562,564],"class_list":{"0":"post-1020852","1":"product","2":"type-product","3":"status-publish","4":"has-post-thumbnail","6":"product_brand-keb","7":"product_cat-srednji-slojevi","8":"product_tag-dzemperi-i-pletivo","9":"product_tag-flis","10":"product_tag-keb","11":"product_tag-trekking","12":"product_tag-zene","13":"product_tag-mid-layer-zene-dzemperi","14":"product_tag-mid-layer-zene-prsluci","16":"first","17":"outofstock","18":"shipping-taxable","19":"purchasable","20":"product-type-variable"},"_links":{"self":[{"href":"https:\/\/fjallraven.dev.mortar.tovarnaidej.com\/en\/wp-json\/wp\/v2\/product\/1020852","targetHints":{"allow":["GET"]}}],"collection":[{"href":"https:\/\/fjallraven.dev.mortar.tovarnaidej.com\/en\/wp-json\/wp\/v2\/product"}],"about":[{"href":"https:\/\/fjallraven.dev.mortar.tovarnaidej.com\/en\/wp-json\/wp\/v2\/types\/product"}],"version-history":[{"count":1,"href":"https:\/\/fjallraven.dev.mortar.tovarnaidej.com\/en\/wp-json\/wp\/v2\/product\/1020852\/revisions"}],"predecessor-version":[{"id":1020862,"href":"https:\/\/fjallraven.dev.mortar.tovarnaidej.com\/en\/wp-json\/wp\/v2\/product\/1020852\/revisions\/1020862"}],"wp:featuredmedia":[{"embeddable":true,"href":"https:\/\/fjallraven.dev.mortar.tovarnaidej.com\/en\/wp-json\/wp\/v2\/media\/1024322"}],"wp:attachment":[{"href":"https:\/\/fjallraven.dev.mortar.tovarnaidej.com\/en\/wp-json\/wp\/v2\/media?parent=1020852"}],"wp:term":[{"taxonomy":"product_brand","embeddable":true,"href":"https:\/\/fjallraven.dev.mortar.tovarnaidej.com\/en\/wp-json\/wp\/v2\/product_brand?post=1020852"},{"taxonomy":"product_cat","embeddable":true,"href":"https:\/\/fjallraven.dev.mortar.tovarnaidej.com\/en\/wp-json\/wp\/v2\/product_cat?post=1020852"},{"taxonomy":"product_tag","embeddable":true,"href":"https:\/\/fjallraven.dev.mortar.tovarnaidej.com\/en\/wp-json\/wp\/v2\/product_tag?post=1020852"}],"curies":[{"name":"wp","href":"https:\/\/api.w.org\/{rel}","templated":true}]}}