{"id":1020853,"date":"2025-11-21T09:29:35","date_gmt":"2025-11-21T09:29:35","guid":{"rendered":"https:\/\/fjallraven.dev.mortar.tovarnaidej.com\/?post_type=product&#038;p=1020853"},"modified":"2025-11-27T12:10:53","modified_gmt":"2025-11-27T12:10:53","slug":"keb-fleece-hat","status":"publish","type":"product","link":"https:\/\/fjallraven.dev.mortar.tovarnaidej.com\/en\/product\/keb-fleece-hat\/","title":{"rendered":"Keb Fleece Hat"},"content":{"rendered":"<p>Klasi\u010dna flis kapa izra\u0111ena od tople mje\u0161avine recikliranog poliestera i vune iz provjerenih izvora. Svojstva odvo\u0111enja vlage i brzog su\u0161enja \u010dine ovu kapu izvrsnom za aktivne aktivnosti na otvorenom.<\/p>\n","protected":false},"excerpt":{"rendered":"<p>Klasi\u010dna flis kapa izra\u0111ena od mje\u0161avine vune i poliestera, savr\u0161ena za aktivnosti na otvorenom. Proizvedeno bez PFAS-a.<\/p>\n","protected":false},"featured_media":1024328,"template":"","meta":[],"product_brand":[89],"product_cat":[191],"product_tag":[541,478,471,485],"class_list":{"0":"post-1020853","1":"product","2":"type-product","3":"status-publish","4":"has-post-thumbnail","6":"product_brand-keb","7":"product_cat-dodaci-za-odjecu","8":"product_tag-dodaci-kape","9":"product_tag-keb","10":"product_tag-trekking","11":"product_tag-unisex","13":"first","14":"outofstock","15":"shipping-taxable","16":"purchasable","17":"product-type-variable"},"_links":{"self":[{"href":"https:\/\/fjallraven.dev.mortar.tovarnaidej.com\/en\/wp-json\/wp\/v2\/product\/1020853","targetHints":{"allow":["GET"]}}],"collection":[{"href":"https:\/\/fjallraven.dev.mortar.tovarnaidej.com\/en\/wp-json\/wp\/v2\/product"}],"about":[{"href":"https:\/\/fjallraven.dev.mortar.tovarnaidej.com\/en\/wp-json\/wp\/v2\/types\/product"}],"version-history":[{"count":1,"href":"https:\/\/fjallraven.dev.mortar.tovarnaidej.com\/en\/wp-json\/wp\/v2\/product\/1020853\/revisions"}],"predecessor-version":[{"id":1020873,"href":"https:\/\/fjallraven.dev.mortar.tovarnaidej.com\/en\/wp-json\/wp\/v2\/product\/1020853\/revisions\/1020873"}],"wp:featuredmedia":[{"embeddable":true,"href":"https:\/\/fjallraven.dev.mortar.tovarnaidej.com\/en\/wp-json\/wp\/v2\/media\/1024328"}],"wp:attachment":[{"href":"https:\/\/fjallraven.dev.mortar.tovarnaidej.com\/en\/wp-json\/wp\/v2\/media?parent=1020853"}],"wp:term":[{"taxonomy":"product_brand","embeddable":true,"href":"https:\/\/fjallraven.dev.mortar.tovarnaidej.com\/en\/wp-json\/wp\/v2\/product_brand?post=1020853"},{"taxonomy":"product_cat","embeddable":true,"href":"https:\/\/fjallraven.dev.mortar.tovarnaidej.com\/en\/wp-json\/wp\/v2\/product_cat?post=1020853"},{"taxonomy":"product_tag","embeddable":true,"href":"https:\/\/fjallraven.dev.mortar.tovarnaidej.com\/en\/wp-json\/wp\/v2\/product_tag?post=1020853"}],"curies":[{"name":"wp","href":"https:\/\/api.w.org\/{rel}","templated":true}]}}