{"id":1020854,"date":"2025-11-21T09:29:35","date_gmt":"2025-11-21T09:29:35","guid":{"rendered":"https:\/\/fjallraven.dev.mortar.tovarnaidej.com\/?post_type=product&#038;p=1020854"},"modified":"2025-11-27T12:10:53","modified_gmt":"2025-11-27T12:10:53","slug":"keb-fleece-neck-gaiter","status":"publish","type":"product","link":"https:\/\/fjallraven.dev.mortar.tovarnaidej.com\/en\/product\/keb-fleece-neck-gaiter\/","title":{"rendered":"Keb Fleece Neck Gaiter"},"content":{"rendered":"<p>Mekana i prozra\u010dna za\u0161tita za vrat od tople, sljedive mje\u0161avine vune i recikliranog poliestera. Tako\u0111er slu\u017ei kao kapa, traka za glavu ili se mo\u017ee navu\u0107i i nositi kao maska \u200b\u200bza lice u hladnijim danima gdje perforacije na ustima pove\u0107avaju prozra\u010dnost i sprje\u010davaju nakupljanje vlage.<\/p>\n","protected":false},"excerpt":{"rendered":"<p>Mekana i prozra\u010dna za\u0161tita za vrat od mje\u0161avine vune i recikliranog poliestera. Proizvedeno bez PFAS-a.<\/p>\n","protected":false},"featured_media":1024334,"template":"","meta":[],"product_brand":[89],"product_cat":[191],"product_tag":[541,478,486,471,485],"class_list":{"0":"post-1020854","1":"product","2":"type-product","3":"status-publish","4":"has-post-thumbnail","6":"product_brand-keb","7":"product_cat-dodaci-za-odjecu","8":"product_tag-dodaci-kape","9":"product_tag-keb","10":"product_tag-ostali-modni-dodaci","11":"product_tag-trekking","12":"product_tag-unisex","14":"first","15":"outofstock","16":"shipping-taxable","17":"purchasable","18":"product-type-variable"},"_links":{"self":[{"href":"https:\/\/fjallraven.dev.mortar.tovarnaidej.com\/en\/wp-json\/wp\/v2\/product\/1020854","targetHints":{"allow":["GET"]}}],"collection":[{"href":"https:\/\/fjallraven.dev.mortar.tovarnaidej.com\/en\/wp-json\/wp\/v2\/product"}],"about":[{"href":"https:\/\/fjallraven.dev.mortar.tovarnaidej.com\/en\/wp-json\/wp\/v2\/types\/product"}],"version-history":[{"count":1,"href":"https:\/\/fjallraven.dev.mortar.tovarnaidej.com\/en\/wp-json\/wp\/v2\/product\/1020854\/revisions"}],"predecessor-version":[{"id":1020880,"href":"https:\/\/fjallraven.dev.mortar.tovarnaidej.com\/en\/wp-json\/wp\/v2\/product\/1020854\/revisions\/1020880"}],"wp:featuredmedia":[{"embeddable":true,"href":"https:\/\/fjallraven.dev.mortar.tovarnaidej.com\/en\/wp-json\/wp\/v2\/media\/1024334"}],"wp:attachment":[{"href":"https:\/\/fjallraven.dev.mortar.tovarnaidej.com\/en\/wp-json\/wp\/v2\/media?parent=1020854"}],"wp:term":[{"taxonomy":"product_brand","embeddable":true,"href":"https:\/\/fjallraven.dev.mortar.tovarnaidej.com\/en\/wp-json\/wp\/v2\/product_brand?post=1020854"},{"taxonomy":"product_cat","embeddable":true,"href":"https:\/\/fjallraven.dev.mortar.tovarnaidej.com\/en\/wp-json\/wp\/v2\/product_cat?post=1020854"},{"taxonomy":"product_tag","embeddable":true,"href":"https:\/\/fjallraven.dev.mortar.tovarnaidej.com\/en\/wp-json\/wp\/v2\/product_tag?post=1020854"}],"curies":[{"name":"wp","href":"https:\/\/api.w.org\/{rel}","templated":true}]}}