{"id":1020955,"date":"2025-11-21T09:30:00","date_gmt":"2025-11-21T09:30:00","guid":{"rendered":"https:\/\/fjallraven.dev.mortar.tovarnaidej.com\/?post_type=product&#038;p=1020955"},"modified":"2025-11-27T12:10:52","modified_gmt":"2025-11-27T12:10:52","slug":"vardag-pile-jacket-m","status":"publish","type":"product","link":"https:\/\/fjallraven.dev.mortar.tovarnaidej.com\/en\/product\/vardag-pile-jacket-m\/","title":{"rendered":"Vardag Pile Jacket M"},"content":{"rendered":"<p>Topla i robusna flis jakna za svakodnevni boravak na otvorenom. Temeljena na na\u0161em najprodavanijem Vardag flis jakni, Vardag Pile jakna dolazi s izdr\u017eljivim G-1000 oja\u010danjima na laktovima, donjoj strani podlaktica, prsima, ovratniku i d\u017eepnim rubovima za dodatnu izdr\u017eljivost u podru\u010djima visokog habanja. Mo\u017ee se koristiti kao jakna ili kao srednji sloj ispod shell jakne u hladnijim klimama.<\/p>\n","protected":false},"excerpt":{"rendered":"<p>Topla, robusna flis jakna za svakodnevni boravak na otvorenom s izdr\u017eljivim G-1000 oja\u010danjima na dijelovima koji se \u010de\u0161\u0107e tro\u0161e. Proizvedeno bez PFAS-a.<\/p>\n","protected":false},"featured_media":1024503,"template":"","meta":[],"product_brand":[467],"product_cat":[263],"product_tag":[592,479,481,470,532,508,503],"class_list":{"0":"post-1020955","1":"product","2":"type-product","3":"status-publish","4":"has-post-thumbnail","6":"product_brand-vardag","7":"product_cat-srednji-slojevi","8":"product_tag-dzemperi-i-pletivo-muski","9":"product_tag-everyday-outdoor","10":"product_tag-flis","11":"product_tag-muski","12":"product_tag-mid-layer-muski-dzemperi","13":"product_tag-prsluci","14":"product_tag-vardag","16":"first","17":"outofstock","18":"shipping-taxable","19":"purchasable","20":"product-type-variable"},"_links":{"self":[{"href":"https:\/\/fjallraven.dev.mortar.tovarnaidej.com\/en\/wp-json\/wp\/v2\/product\/1020955","targetHints":{"allow":["GET"]}}],"collection":[{"href":"https:\/\/fjallraven.dev.mortar.tovarnaidej.com\/en\/wp-json\/wp\/v2\/product"}],"about":[{"href":"https:\/\/fjallraven.dev.mortar.tovarnaidej.com\/en\/wp-json\/wp\/v2\/types\/product"}],"version-history":[{"count":1,"href":"https:\/\/fjallraven.dev.mortar.tovarnaidej.com\/en\/wp-json\/wp\/v2\/product\/1020955\/revisions"}],"predecessor-version":[{"id":1020965,"href":"https:\/\/fjallraven.dev.mortar.tovarnaidej.com\/en\/wp-json\/wp\/v2\/product\/1020955\/revisions\/1020965"}],"wp:featuredmedia":[{"embeddable":true,"href":"https:\/\/fjallraven.dev.mortar.tovarnaidej.com\/en\/wp-json\/wp\/v2\/media\/1024503"}],"wp:attachment":[{"href":"https:\/\/fjallraven.dev.mortar.tovarnaidej.com\/en\/wp-json\/wp\/v2\/media?parent=1020955"}],"wp:term":[{"taxonomy":"product_brand","embeddable":true,"href":"https:\/\/fjallraven.dev.mortar.tovarnaidej.com\/en\/wp-json\/wp\/v2\/product_brand?post=1020955"},{"taxonomy":"product_cat","embeddable":true,"href":"https:\/\/fjallraven.dev.mortar.tovarnaidej.com\/en\/wp-json\/wp\/v2\/product_cat?post=1020955"},{"taxonomy":"product_tag","embeddable":true,"href":"https:\/\/fjallraven.dev.mortar.tovarnaidej.com\/en\/wp-json\/wp\/v2\/product_tag?post=1020955"}],"curies":[{"name":"wp","href":"https:\/\/api.w.org\/{rel}","templated":true}]}}