{"id":1020988,"date":"2025-11-21T09:30:08","date_gmt":"2025-11-21T09:30:08","guid":{"rendered":"https:\/\/fjallraven.dev.mortar.tovarnaidej.com\/?post_type=product&#038;p=1020988"},"modified":"2025-11-27T12:10:52","modified_gmt":"2025-11-27T12:10:52","slug":"keb-trousers-m","status":"publish","type":"product","link":"https:\/\/fjallraven.dev.mortar.tovarnaidej.com\/en\/product\/keb-trousers-m\/","title":{"rendered":"Keb Trousers M"},"content":{"rendered":"<p>Nagra\u0111ivane trekking hla\u010de od rastezljive tkanine i G-1000 materijala, sada su pobolj\u0161anje za jo\u0161 bolje performanse, udobnost i izdr\u017eljivost. Hla\u010de imaju klasi\u010dne, velike d\u017eepove, velikodu\u0161ne patentne zatvara\u010de za ventilaciju i otvore za \u0161titnike za koljena (dodatak). Dobro pristaju\u0107e, izdr\u017eljive klasi\u010dne hla\u010de za maksimalnu slobodu kretanja u planinama. Dostupne u tri duljine: kratke, obi\u010dne i duge. Ako ste ve\u0107 ljubitelj na\u0161ih hla\u010da, trebali biste naru\u010diti broj ve\u0107i u na\u0161em Improved Fit. Ako vam je ovo prvi par hla\u010da, pogledajte na\u0161 Vodi\u010d za veli\u010dine kako biste prona\u0161li odgovaraju\u0107u veli\u010dinu.<\/p>\n","protected":false},"excerpt":{"rendered":"<p>Nagra\u0111ivane, trekking hla\u010de od rastezljive tkanine i G-1000. Sada osvje\u017eene za jo\u0161 bolje performanse, udobnost i izdr\u017eljivost. Proizvedene bez PFAS-a.<\/p>\n","protected":false},"featured_media":1024571,"template":"","meta":[],"product_brand":[89],"product_cat":[259],"product_tag":[469,478,528,535,470,471],"class_list":{"0":"post-1020988","1":"product","2":"type-product","3":"status-publish","4":"has-post-thumbnail","6":"product_brand-keb","7":"product_cat-hlace-i-suknje","8":"product_tag-hlace","9":"product_tag-keb","10":"product_tag-hlace-muski","11":"product_tag-muske-trekking-hlace","12":"product_tag-muski","13":"product_tag-trekking","15":"first","16":"outofstock","17":"shipping-taxable","18":"purchasable","19":"product-type-variable"},"_links":{"self":[{"href":"https:\/\/fjallraven.dev.mortar.tovarnaidej.com\/en\/wp-json\/wp\/v2\/product\/1020988","targetHints":{"allow":["GET"]}}],"collection":[{"href":"https:\/\/fjallraven.dev.mortar.tovarnaidej.com\/en\/wp-json\/wp\/v2\/product"}],"about":[{"href":"https:\/\/fjallraven.dev.mortar.tovarnaidej.com\/en\/wp-json\/wp\/v2\/types\/product"}],"version-history":[{"count":1,"href":"https:\/\/fjallraven.dev.mortar.tovarnaidej.com\/en\/wp-json\/wp\/v2\/product\/1020988\/revisions"}],"predecessor-version":[{"id":1020999,"href":"https:\/\/fjallraven.dev.mortar.tovarnaidej.com\/en\/wp-json\/wp\/v2\/product\/1020988\/revisions\/1020999"}],"wp:featuredmedia":[{"embeddable":true,"href":"https:\/\/fjallraven.dev.mortar.tovarnaidej.com\/en\/wp-json\/wp\/v2\/media\/1024571"}],"wp:attachment":[{"href":"https:\/\/fjallraven.dev.mortar.tovarnaidej.com\/en\/wp-json\/wp\/v2\/media?parent=1020988"}],"wp:term":[{"taxonomy":"product_brand","embeddable":true,"href":"https:\/\/fjallraven.dev.mortar.tovarnaidej.com\/en\/wp-json\/wp\/v2\/product_brand?post=1020988"},{"taxonomy":"product_cat","embeddable":true,"href":"https:\/\/fjallraven.dev.mortar.tovarnaidej.com\/en\/wp-json\/wp\/v2\/product_cat?post=1020988"},{"taxonomy":"product_tag","embeddable":true,"href":"https:\/\/fjallraven.dev.mortar.tovarnaidej.com\/en\/wp-json\/wp\/v2\/product_tag?post=1020988"}],"curies":[{"name":"wp","href":"https:\/\/api.w.org\/{rel}","templated":true}]}}