{"id":1021019,"date":"2025-11-21T09:30:12","date_gmt":"2025-11-21T09:30:12","guid":{"rendered":"https:\/\/fjallraven.dev.mortar.tovarnaidej.com\/product\/barents-pro-trousers-m\/"},"modified":"2025-11-27T12:10:51","modified_gmt":"2025-11-27T12:10:51","slug":"barents-pro-trousers-m","status":"publish","type":"product","link":"https:\/\/fjallraven.dev.mortar.tovarnaidej.com\/en\/product\/barents-pro-trousers-m\/","title":{"rendered":"Barents Pro Trousers M"},"content":{"rendered":"<p>Izdr\u017eljive trekking hla\u010de za avanture u planinama i \u0161umi. Izra\u0111ene od izdr\u017eljive tkanine G-1000 otporne na vjetar i vodu s dvostrukim slojem preko stra\u017enjeg dijela i koljena. Regularni struk (srednji struk) i regularni kroj s prethodno oblikovanim koljenima. \u0160est prakti\u010dnih d\u017eepova, uklju\u010duju\u0107i d\u017eep za kartu i d\u017eep za vi\u0161enamjenski alat. Opremljene otvorima za \u0161titnike za koljena (dodatak). Krajevi nogavica neobra\u0111ene duljine koji se lako mogu prilagoditi va\u0161oj visini. Ako ste ve\u0107 ljubitelj na\u0161ih hla\u010da, trebali biste naru\u010diti broj ve\u0107i u na\u0161em Improved Fit. Ako vam je ovo prvi par hla\u010da, pogledajte na\u0161 Vodi\u010d za veli\u010dine kako biste prona\u0161li svoju odgovaraju\u0107u veli\u010dinu i kroj.<\/p>\n","protected":false},"excerpt":{"rendered":"<p>Izdr\u017eljive G-1000 trekking hla\u010de za sve vrste avantura u planinama i \u0161umama. Proizvedeno bez PFAS-a.<\/p>\n","protected":false},"featured_media":1024674,"template":"","meta":[],"product_brand":[461],"product_cat":[259],"product_tag":[469,528,535,470,488,471],"class_list":{"0":"post-1021019","1":"product","2":"type-product","3":"status-publish","4":"has-post-thumbnail","6":"product_brand-singi","7":"product_cat-hlace-i-suknje","8":"product_tag-hlace","9":"product_tag-hlace-muski","10":"product_tag-muske-trekking-hlace","11":"product_tag-muski","12":"product_tag-singi","13":"product_tag-trekking","15":"first","16":"outofstock","17":"shipping-taxable","18":"purchasable","19":"product-type-variable"},"_links":{"self":[{"href":"https:\/\/fjallraven.dev.mortar.tovarnaidej.com\/en\/wp-json\/wp\/v2\/product\/1021019","targetHints":{"allow":["GET"]}}],"collection":[{"href":"https:\/\/fjallraven.dev.mortar.tovarnaidej.com\/en\/wp-json\/wp\/v2\/product"}],"about":[{"href":"https:\/\/fjallraven.dev.mortar.tovarnaidej.com\/en\/wp-json\/wp\/v2\/types\/product"}],"version-history":[{"count":0,"href":"https:\/\/fjallraven.dev.mortar.tovarnaidej.com\/en\/wp-json\/wp\/v2\/product\/1021019\/revisions"}],"wp:featuredmedia":[{"embeddable":true,"href":"https:\/\/fjallraven.dev.mortar.tovarnaidej.com\/en\/wp-json\/wp\/v2\/media\/1024674"}],"wp:attachment":[{"href":"https:\/\/fjallraven.dev.mortar.tovarnaidej.com\/en\/wp-json\/wp\/v2\/media?parent=1021019"}],"wp:term":[{"taxonomy":"product_brand","embeddable":true,"href":"https:\/\/fjallraven.dev.mortar.tovarnaidej.com\/en\/wp-json\/wp\/v2\/product_brand?post=1021019"},{"taxonomy":"product_cat","embeddable":true,"href":"https:\/\/fjallraven.dev.mortar.tovarnaidej.com\/en\/wp-json\/wp\/v2\/product_cat?post=1021019"},{"taxonomy":"product_tag","embeddable":true,"href":"https:\/\/fjallraven.dev.mortar.tovarnaidej.com\/en\/wp-json\/wp\/v2\/product_tag?post=1021019"}],"curies":[{"name":"wp","href":"https:\/\/api.w.org\/{rel}","templated":true}]}}