{"id":1021021,"date":"2025-11-21T09:30:16","date_gmt":"2025-11-21T09:30:16","guid":{"rendered":"https:\/\/fjallraven.dev.mortar.tovarnaidej.com\/?post_type=product&#038;p=1021021"},"modified":"2025-11-27T12:10:51","modified_gmt":"2025-11-27T12:10:51","slug":"ovik-travel-shirt-ls-m","status":"publish","type":"product","link":"https:\/\/fjallraven.dev.mortar.tovarnaidej.com\/en\/product\/ovik-travel-shirt-ls-m\/","title":{"rendered":"\u00d6vik Travel Shirt LS M"},"content":{"rendered":"<p>Putujte sa stilom u ovoj majici dugih rukava izra\u0111enoj od hladne mje\u0161avine konoplje. Ima \u0161iroki opu\u0161teni kroj koji omogu\u0107uje cirkulaciju zraka, a neravna struktura tkanine podi\u017ee je od ko\u017ee za dodatnu ventilaciju. Osim toga, konoplja ima prirodnu otpornost na mikroorganizme &#8211; veliki plus u tropskim klimama. Udoban, prozra\u010dan komad odje\u0107e za putovanja koji \u0107e vam pomo\u0107i da se rashladite \u010dak i u stvarno vru\u0107im danima.<\/p>\n","protected":false},"excerpt":{"rendered":"<p>Majica dugih rukava izra\u0111ena od hladne, prozra\u010dne tkanine. Savr\u0161ena za putovanja u toplim klimama. Proizvedeno bez PFAS-a.<\/p>\n","protected":false},"featured_media":1024694,"template":"","meta":[],"product_brand":[460],"product_cat":[274],"product_tag":[479,506,540,470,480],"class_list":{"0":"post-1021021","1":"product","2":"type-product","3":"status-publish","4":"has-post-thumbnail","6":"product_brand-ovik","7":"product_cat-kosulje-i-osnovni-sloj","8":"product_tag-everyday-outdoor","9":"product_tag-kosulje-dugih-rukava","10":"product_tag-majice-muski-duge","11":"product_tag-muski","12":"product_tag-ovik","14":"first","15":"outofstock","16":"shipping-taxable","17":"purchasable","18":"product-type-variable"},"_links":{"self":[{"href":"https:\/\/fjallraven.dev.mortar.tovarnaidej.com\/en\/wp-json\/wp\/v2\/product\/1021021","targetHints":{"allow":["GET"]}}],"collection":[{"href":"https:\/\/fjallraven.dev.mortar.tovarnaidej.com\/en\/wp-json\/wp\/v2\/product"}],"about":[{"href":"https:\/\/fjallraven.dev.mortar.tovarnaidej.com\/en\/wp-json\/wp\/v2\/types\/product"}],"version-history":[{"count":1,"href":"https:\/\/fjallraven.dev.mortar.tovarnaidej.com\/en\/wp-json\/wp\/v2\/product\/1021021\/revisions"}],"predecessor-version":[{"id":1021035,"href":"https:\/\/fjallraven.dev.mortar.tovarnaidej.com\/en\/wp-json\/wp\/v2\/product\/1021021\/revisions\/1021035"}],"wp:featuredmedia":[{"embeddable":true,"href":"https:\/\/fjallraven.dev.mortar.tovarnaidej.com\/en\/wp-json\/wp\/v2\/media\/1024694"}],"wp:attachment":[{"href":"https:\/\/fjallraven.dev.mortar.tovarnaidej.com\/en\/wp-json\/wp\/v2\/media?parent=1021021"}],"wp:term":[{"taxonomy":"product_brand","embeddable":true,"href":"https:\/\/fjallraven.dev.mortar.tovarnaidej.com\/en\/wp-json\/wp\/v2\/product_brand?post=1021021"},{"taxonomy":"product_cat","embeddable":true,"href":"https:\/\/fjallraven.dev.mortar.tovarnaidej.com\/en\/wp-json\/wp\/v2\/product_cat?post=1021021"},{"taxonomy":"product_tag","embeddable":true,"href":"https:\/\/fjallraven.dev.mortar.tovarnaidej.com\/en\/wp-json\/wp\/v2\/product_tag?post=1021021"}],"curies":[{"name":"wp","href":"https:\/\/api.w.org\/{rel}","templated":true}]}}