{"id":1021022,"date":"2025-11-21T09:30:16","date_gmt":"2025-11-21T09:30:16","guid":{"rendered":"https:\/\/fjallraven.dev.mortar.tovarnaidej.com\/?post_type=product&#038;p=1021022"},"modified":"2025-11-27T12:10:51","modified_gmt":"2025-11-27T12:10:51","slug":"1960-logo-badge-sweater-w","status":"publish","type":"product","link":"https:\/\/fjallraven.dev.mortar.tovarnaidej.com\/en\/product\/1960-logo-badge-sweater-w\/","title":{"rendered":"1960 Logo Badge Sweater W"},"content":{"rendered":"<p>Udoban d\u017eemper izra\u0111en od 100% organskog pamuka s okruglim izrezom i klasi\u010dnim tkanim logotipom 1960. na prsima. Ravni \u0161avovi s rebrastim izrezom, man\u017eetama i rubom. Inspiriran najprodavanijim Vardag d\u017eemperom, ovaj \u0107e d\u017eemper zasigurno postati popularan svakodnevni favorit.<\/p>\n","protected":false},"excerpt":{"rendered":"<p>Udoban d\u017eemper izra\u0111en od 100% organskog pamuka s okruglim izrezom i klasi\u010dnim izvezenim logotipom 1960. na prsima. Proizvedeno bez PFAS-a.<\/p>\n","protected":false},"featured_media":1024704,"template":"","meta":[],"product_brand":[460],"product_cat":[263],"product_tag":[595,482,479,480,489,562,564],"class_list":{"0":"post-1021022","1":"product","2":"type-product","3":"status-publish","4":"has-post-thumbnail","6":"product_brand-ovik","7":"product_cat-srednji-slojevi","8":"product_tag-dzemperi-i-pletivo","9":"product_tag-dzemperi-i-vuna","10":"product_tag-everyday-outdoor","11":"product_tag-ovik","12":"product_tag-zene","13":"product_tag-mid-layer-zene-dzemperi","14":"product_tag-mid-layer-zene-prsluci","16":"first","17":"outofstock","18":"shipping-taxable","19":"purchasable","20":"product-type-variable"},"_links":{"self":[{"href":"https:\/\/fjallraven.dev.mortar.tovarnaidej.com\/en\/wp-json\/wp\/v2\/product\/1021022","targetHints":{"allow":["GET"]}}],"collection":[{"href":"https:\/\/fjallraven.dev.mortar.tovarnaidej.com\/en\/wp-json\/wp\/v2\/product"}],"about":[{"href":"https:\/\/fjallraven.dev.mortar.tovarnaidej.com\/en\/wp-json\/wp\/v2\/types\/product"}],"version-history":[{"count":1,"href":"https:\/\/fjallraven.dev.mortar.tovarnaidej.com\/en\/wp-json\/wp\/v2\/product\/1021022\/revisions"}],"predecessor-version":[{"id":1021037,"href":"https:\/\/fjallraven.dev.mortar.tovarnaidej.com\/en\/wp-json\/wp\/v2\/product\/1021022\/revisions\/1021037"}],"wp:featuredmedia":[{"embeddable":true,"href":"https:\/\/fjallraven.dev.mortar.tovarnaidej.com\/en\/wp-json\/wp\/v2\/media\/1024704"}],"wp:attachment":[{"href":"https:\/\/fjallraven.dev.mortar.tovarnaidej.com\/en\/wp-json\/wp\/v2\/media?parent=1021022"}],"wp:term":[{"taxonomy":"product_brand","embeddable":true,"href":"https:\/\/fjallraven.dev.mortar.tovarnaidej.com\/en\/wp-json\/wp\/v2\/product_brand?post=1021022"},{"taxonomy":"product_cat","embeddable":true,"href":"https:\/\/fjallraven.dev.mortar.tovarnaidej.com\/en\/wp-json\/wp\/v2\/product_cat?post=1021022"},{"taxonomy":"product_tag","embeddable":true,"href":"https:\/\/fjallraven.dev.mortar.tovarnaidej.com\/en\/wp-json\/wp\/v2\/product_tag?post=1021022"}],"curies":[{"name":"wp","href":"https:\/\/api.w.org\/{rel}","templated":true}]}}