{"id":1021057,"date":"2025-11-21T09:30:24","date_gmt":"2025-11-21T09:30:24","guid":{"rendered":"https:\/\/fjallraven.dev.mortar.tovarnaidej.com\/?post_type=product&#038;p=1021057"},"modified":"2025-11-27T12:10:51","modified_gmt":"2025-11-27T12:10:51","slug":"stina-fleece-w","status":"publish","type":"product","link":"https:\/\/fjallraven.dev.mortar.tovarnaidej.com\/en\/product\/stina-fleece-w\/","title":{"rendered":"Stina Fleece W"},"content":{"rendered":"<p>Udoban i mekan flis d\u017eemper; izra\u0111en od recikliranog poliestera s blago mramornim izgledom. Prikladan je za planinarenje, kao i za no\u0161enje kao topli srednji sloj ispod jakne ili samostalno preko majice dok pada rosa u lijepoj ljetnoj ve\u010deri. Flis je proizveden ekolo\u0161ki prihvatljivim postupkom koji istovremeno prede i boji nit. Za ovaj model to zna\u010di oko 50 posto manje vode i 31 posto manje energije u usporedbi s tradicionalno proizvedenim flis d\u017eemperom. Visoki ovratnik \u0161titi vas od jakog vjetra, a izme\u0111u patentnog zatvara\u010da i brade nalazi se za\u0161titni preklop od flisa. Dva prostrana bo\u010dna d\u017eepa s patentnim zatvara\u010dem. Svi preklopi s patentnim zatvara\u010dem izra\u0111eni su od ko\u017ee u prirodnoj boji.<\/p>\n","protected":false},"excerpt":{"rendered":"<p>Udoban flis d\u017eemper izra\u0111en od recikliranog poliestera s blago mramornim izgledom. Opu\u0161teni kroj, visoki ovratnik i dva prostrana d\u017eepa za ruke. Proizvedeno bez PFAS-a.<\/p>\n","protected":false},"featured_media":1024753,"template":"","meta":[],"product_brand":[460],"product_cat":[186],"product_tag":[595,479,481,480,489,562,564],"class_list":{"0":"post-1021057","1":"product","2":"type-product","3":"status-publish","4":"has-post-thumbnail","6":"product_brand-ovik","7":"product_cat-srednji-slojevi","8":"product_tag-dzemperi-i-pletivo","9":"product_tag-everyday-outdoor","10":"product_tag-flis","11":"product_tag-ovik","12":"product_tag-zene","13":"product_tag-mid-layer-zene-dzemperi","14":"product_tag-mid-layer-zene-prsluci","16":"first","17":"outofstock","18":"shipping-taxable","19":"purchasable","20":"product-type-variable"},"_links":{"self":[{"href":"https:\/\/fjallraven.dev.mortar.tovarnaidej.com\/en\/wp-json\/wp\/v2\/product\/1021057","targetHints":{"allow":["GET"]}}],"collection":[{"href":"https:\/\/fjallraven.dev.mortar.tovarnaidej.com\/en\/wp-json\/wp\/v2\/product"}],"about":[{"href":"https:\/\/fjallraven.dev.mortar.tovarnaidej.com\/en\/wp-json\/wp\/v2\/types\/product"}],"version-history":[{"count":1,"href":"https:\/\/fjallraven.dev.mortar.tovarnaidej.com\/en\/wp-json\/wp\/v2\/product\/1021057\/revisions"}],"predecessor-version":[{"id":1021072,"href":"https:\/\/fjallraven.dev.mortar.tovarnaidej.com\/en\/wp-json\/wp\/v2\/product\/1021057\/revisions\/1021072"}],"wp:featuredmedia":[{"embeddable":true,"href":"https:\/\/fjallraven.dev.mortar.tovarnaidej.com\/en\/wp-json\/wp\/v2\/media\/1024753"}],"wp:attachment":[{"href":"https:\/\/fjallraven.dev.mortar.tovarnaidej.com\/en\/wp-json\/wp\/v2\/media?parent=1021057"}],"wp:term":[{"taxonomy":"product_brand","embeddable":true,"href":"https:\/\/fjallraven.dev.mortar.tovarnaidej.com\/en\/wp-json\/wp\/v2\/product_brand?post=1021057"},{"taxonomy":"product_cat","embeddable":true,"href":"https:\/\/fjallraven.dev.mortar.tovarnaidej.com\/en\/wp-json\/wp\/v2\/product_cat?post=1021057"},{"taxonomy":"product_tag","embeddable":true,"href":"https:\/\/fjallraven.dev.mortar.tovarnaidej.com\/en\/wp-json\/wp\/v2\/product_tag?post=1021057"}],"curies":[{"name":"wp","href":"https:\/\/api.w.org\/{rel}","templated":true}]}}