{"id":1021058,"date":"2025-11-21T09:30:24","date_gmt":"2025-11-21T09:30:24","guid":{"rendered":"https:\/\/fjallraven.dev.mortar.tovarnaidej.com\/?post_type=product&#038;p=1021058"},"modified":"2025-11-27T12:10:51","modified_gmt":"2025-11-27T12:10:51","slug":"kiruna-padded-parka-w","status":"publish","type":"product","link":"https:\/\/fjallraven.dev.mortar.tovarnaidej.com\/en\/product\/kiruna-padded-parka-w\/","title":{"rendered":"Kiruna Padded Parka W"},"content":{"rendered":"<p>Duga, lagano podstavljena svakodnevna parka s fiksnom, podesivom kapulja\u010dom. Izra\u0111ena od izdr\u017eljivog G-1000 Original materijala otpornog na vjetar i ki\u0161u, s podstavom od recikliranog poliamida. Sinteti\u010dko punjenje PrimaLoft\u00ae Black Insulation s P.U.R.E. tehnologijom pru\u017ea dodatnu toplinu, \u010dak i u vla\u017enim uvjetima. Savr\u0161ena kao svakodnevna jakna tijekom hladnijih mjeseci u godini, a izdr\u017eljiva vanjska tkanina \u010dini je prikladnom i za \u0161etnje \u0161umom. Model je duga\u010dak za toplinu na stra\u017enjici i bedrima, a prednji patentni zatvara\u010d je dvosmjeran, sa za\u0161titnim preklopom s unutarnje i vanjske strane kako bi se sprije\u010dili hladni vjetrovi. Tu je d\u017eep na prsima i dva d\u017eepa za ruke, svi s patentnim zatvara\u010dima. Struk se mo\u017ee podesiti gumbima straga. Pode\u0161avanje drukerima na man\u017eetama rukava. Jakna se mo\u017ee impregnirati Greenland Waxom za dodatnu za\u0161titu od vjetra i ki\u0161e.<\/p>\n","protected":false},"excerpt":{"rendered":"<p>Duga, lagano podstavljena svakodnevna parka izra\u0111ena od vodootporne G-1000 tkanine za hladnije mjesece u godini. Podesivim strukom i udobnom, toplom kapulja\u010dom pristaje svima. Proizvedeno bez PFAS-a.<\/p>\n","protected":false},"featured_media":1024762,"template":"","meta":[],"product_brand":[460],"product_cat":[217],"product_tag":[479,476,480,489,550,556,604,559],"class_list":{"0":"post-1021058","1":"product","2":"type-product","3":"status-publish","4":"has-post-thumbnail","6":"product_brand-ovik","7":"product_cat-jakne","8":"product_tag-everyday-outdoor","9":"product_tag-jakne-od-sintetike","10":"product_tag-ovik","11":"product_tag-zene","12":"product_tag-zene-jakne","13":"product_tag-zenske-jakne-outdoor","14":"product_tag-zenske-shell-jakne","15":"product_tag-zenske-jakne-zimske","17":"first","18":"outofstock","19":"shipping-taxable","20":"purchasable","21":"product-type-variable"},"_links":{"self":[{"href":"https:\/\/fjallraven.dev.mortar.tovarnaidej.com\/en\/wp-json\/wp\/v2\/product\/1021058","targetHints":{"allow":["GET"]}}],"collection":[{"href":"https:\/\/fjallraven.dev.mortar.tovarnaidej.com\/en\/wp-json\/wp\/v2\/product"}],"about":[{"href":"https:\/\/fjallraven.dev.mortar.tovarnaidej.com\/en\/wp-json\/wp\/v2\/types\/product"}],"version-history":[{"count":1,"href":"https:\/\/fjallraven.dev.mortar.tovarnaidej.com\/en\/wp-json\/wp\/v2\/product\/1021058\/revisions"}],"predecessor-version":[{"id":1021083,"href":"https:\/\/fjallraven.dev.mortar.tovarnaidej.com\/en\/wp-json\/wp\/v2\/product\/1021058\/revisions\/1021083"}],"wp:featuredmedia":[{"embeddable":true,"href":"https:\/\/fjallraven.dev.mortar.tovarnaidej.com\/en\/wp-json\/wp\/v2\/media\/1024762"}],"wp:attachment":[{"href":"https:\/\/fjallraven.dev.mortar.tovarnaidej.com\/en\/wp-json\/wp\/v2\/media?parent=1021058"}],"wp:term":[{"taxonomy":"product_brand","embeddable":true,"href":"https:\/\/fjallraven.dev.mortar.tovarnaidej.com\/en\/wp-json\/wp\/v2\/product_brand?post=1021058"},{"taxonomy":"product_cat","embeddable":true,"href":"https:\/\/fjallraven.dev.mortar.tovarnaidej.com\/en\/wp-json\/wp\/v2\/product_cat?post=1021058"},{"taxonomy":"product_tag","embeddable":true,"href":"https:\/\/fjallraven.dev.mortar.tovarnaidej.com\/en\/wp-json\/wp\/v2\/product_tag?post=1021058"}],"curies":[{"name":"wp","href":"https:\/\/api.w.org\/{rel}","templated":true}]}}