{"id":1003898,"date":"2025-11-14T11:16:36","date_gmt":"2025-11-14T11:16:36","guid":{"rendered":"https:\/\/fjallraven.dev.mortar.tovarnaidej.com\/?page_id=1003898"},"modified":"2025-11-14T11:16:37","modified_gmt":"2025-11-14T11:16:37","slug":"fjallraven-hrvatska-4","status":"publish","type":"page","link":"https:\/\/fjallraven.dev.mortar.tovarnaidej.com\/sl\/fjallraven-hrvatska-4\/","title":{"rendered":"Fj\u00e4llr\u00e4ven Hrvatska"},"content":{"rendered":"\t\t<div data-elementor-type=\"wp-page\" data-elementor-id=\"1003898\" class=\"elementor elementor-1003898 elementor-1003897\" data-elementor-post-type=\"page\">\n\t\t\t\t<div class=\"elementor-element elementor-element-61ace5de e-flex e-con-boxed glozin-responsive-column glozin-tablet-column--default glozin-responsive-column glozin-mobile-column--default e-con e-parent\" data-id=\"61ace5de\" data-element_type=\"container\">\n\t\t\t\t\t<div class=\"e-con-inner\">\n\t\t<div class=\"elementor-element elementor-element-1a8cc9b e-con-full e-flex glozin-responsive-column glozin-tablet-column--default glozin-responsive-column glozin-mobile-column--default e-con e-child\" data-id=\"1a8cc9b\" data-element_type=\"container\" data-settings=\"{&quot;background_background&quot;:&quot;classic&quot;}\">\n\t\t\t\t<div class=\"elementor-element elementor-element-3622e4d2 elementor-widget elementor-widget-glozin-heading\" data-id=\"3622e4d2\" data-element_type=\"widget\" data-widget_type=\"glozin-heading.default\">\n\t\t\t\t<div class=\"elementor-widget-container\">\n\t\t\t\t\t\t\t<div class=\"glozin-heading-elementor\">\n\t\t\t\t<h2 class=\"glozin-heading d-flex align-items-center my-0 glozin-heading--default\">\n\t\t\t\t\tNa\u0161a pri\u010da\t\t\t\t<\/h2>\n\t\t\t<\/div>\n\t\t\t\t\t\t<\/div>\n\t\t\t\t<\/div>\n\t\t\t\t<\/div>\n\t\t\t\t\t<\/div>\n\t\t\t\t<\/div>\n\t\t<div class=\"elementor-element elementor-element-1b06969 e-flex e-con-boxed glozin-responsive-column glozin-tablet-column--default glozin-responsive-column glozin-mobile-column--default e-con e-parent\" data-id=\"1b06969\" data-element_type=\"container\">\n\t\t\t\t\t<div class=\"e-con-inner\">\n\t\t\t\t<div class=\"elementor-element elementor-element-5668d83a elementor-widget elementor-widget-glozin-heading\" data-id=\"5668d83a\" data-element_type=\"widget\" data-widget_type=\"glozin-heading.default\">\n\t\t\t\t<div class=\"elementor-widget-container\">\n\t\t\t\t\t\t\t<div class=\"glozin-heading-elementor\">\n\t\t\t\t<div class=\"glozin-heading d-flex align-items-center my-0 glozin-heading--default\">\n\t\t\t\t\tOutterra d.o.o. slu\u017ebeni je zastupnik i partner \u0161vedskog brenda Fj\u00e4llr\u00e4ven za Hrvatsku. Na\u0161a zajedni\u010dka pri\u010da proizlazi iz jednostavne, ali sna\u017ene ideje: pribli\u017eiti prirodu ljudima i potaknuti \u017eivot u skladu s njom.<br><br>\n\nBrend Fj\u00e4llr\u00e4ven osnovan je 1960. godine na sjeveru \u0160vedske s jasnom misijom \u2013 stvarati funkcionalnu, izdr\u017eljivu i bezvremensku opremu koja ljudima omogu\u0107uje da s vi\u0161e po\u0161tovanja i odgovornosti istra\u017euju prirodu. Danas je Fj\u00e4llr\u00e4ven prepoznat kao globalni simbol odr\u017eivog pristupa, kvalitete i skandinavske jednostavnosti.\t\t\t\t<\/div>\n\t\t\t<\/div>\n\t\t\t\t\t\t<\/div>\n\t\t\t\t<\/div>\n\t\t\t\t<div class=\"elementor-element elementor-element-58d91cb elementor-widget elementor-widget-glozin-heading\" data-id=\"58d91cb\" data-element_type=\"widget\" data-widget_type=\"glozin-heading.default\">\n\t\t\t\t<div class=\"elementor-widget-container\">\n\t\t\t\t\t\t\t<div class=\"glozin-heading-elementor\">\n\t\t\t\t<h2 class=\"glozin-heading d-flex align-items-center my-0 glozin-heading--default\">\n\t\t\t\t\tFj\u00e4llr\u00e4ven u Hrvatskoj\t\t\t\t<\/h2>\n\t\t\t<\/div>\n\t\t\t\t\t\t<\/div>\n\t\t\t\t<\/div>\n\t\t\t\t<div class=\"elementor-element elementor-element-89d1c09 elementor-widget elementor-widget-glozin-heading\" data-id=\"89d1c09\" data-element_type=\"widget\" data-widget_type=\"glozin-heading.default\">\n\t\t\t\t<div class=\"elementor-widget-container\">\n\t\t\t\t\t\t\t<div class=\"glozin-heading-elementor\">\n\t\t\t\t<div class=\"glozin-heading d-flex align-items-center my-0 glozin-heading--default\">\n\t\t\t\t\tU jesen 2025. otvorili smo prvu partnersku trgovinu u Zagrebu, u trgova\u010dkom centru Z Centar. Doga\u0111aj je izazvao veliko zanimanje javnosti i medija te potvrdio da je Hrvatska prirodan sljede\u0107i korak u razvoju i prisutnosti ovog omiljenog brenda.\t\t\t\t<\/div>\n\t\t\t<\/div>\n\t\t\t\t\t\t<\/div>\n\t\t\t\t<\/div>\n\t\t\t\t\t<\/div>\n\t\t\t\t<\/div>\n\t\t<div class=\"elementor-element elementor-element-5638526b glozin-responsive-column glozin-mobile-column--column_md e-flex e-con-boxed glozin-responsive-column glozin-tablet-column--default e-con e-parent\" data-id=\"5638526b\" data-element_type=\"container\">\n\t\t\t\t\t<div class=\"e-con-inner\">\n\t\t<div class=\"elementor-element elementor-element-757363dd e-con-full e-flex glozin-responsive-column glozin-tablet-column--default glozin-responsive-column glozin-mobile-column--default e-con e-child\" data-id=\"757363dd\" data-element_type=\"container\">\n\t\t\t\t<div class=\"elementor-element elementor-element-4d161841 elementor-widget elementor-widget-glozin-image-box\" data-id=\"4d161841\" data-element_type=\"widget\" data-widget_type=\"glozin-image-box.default\">\n\t\t\t\t<div class=\"elementor-widget-container\">\n\t\t\t\t\t        <div class=\"glozin-image-box d-flex flex-column align-items-center\">\n\t\t\t<div class=\"glozin-image-box__image gz-hover-zoom w-100 gz-hover-effect overflow-hidden gz-image-rounded gz-ratio position-relative mb-25\" style=\"--gz-ratio-percent: 67%;\">\t\t\t\t\t\t\t\t\t<div class=\"gz-responsive-image w-100 gz-responsive-image__desktop \"><img fetchpriority=\"high\" decoding=\"async\" width=\"1080\" height=\"720\" src=\"https:\/\/fjallraven.dev.mortar.tovarnaidej.com\/wp-content\/uploads\/2025\/11\/Fjallraven-2-1080x720-1.jpg\" class=\"attachment-full size-full\" alt=\"\" fetchpriority=\"high\" loading=\"eager\" srcset=\"https:\/\/fjallraven.dev.mortar.tovarnaidej.com\/wp-content\/uploads\/2025\/11\/Fjallraven-2-1080x720-1.jpg 1080w, https:\/\/fjallraven.dev.mortar.tovarnaidej.com\/wp-content\/uploads\/2025\/11\/Fjallraven-2-1080x720-1-300x200.jpg 300w, https:\/\/fjallraven.dev.mortar.tovarnaidej.com\/wp-content\/uploads\/2025\/11\/Fjallraven-2-1080x720-1-1024x683.jpg 1024w, https:\/\/fjallraven.dev.mortar.tovarnaidej.com\/wp-content\/uploads\/2025\/11\/Fjallraven-2-1080x720-1-768x512.jpg 768w, https:\/\/fjallraven.dev.mortar.tovarnaidej.com\/wp-content\/uploads\/2025\/11\/Fjallraven-2-1080x720-1-400x267.jpg 400w, https:\/\/fjallraven.dev.mortar.tovarnaidej.com\/wp-content\/uploads\/2025\/11\/Fjallraven-2-1080x720-1-780x520.jpg 780w, https:\/\/fjallraven.dev.mortar.tovarnaidej.com\/wp-content\/uploads\/2025\/11\/Fjallraven-2-1080x720-1-130x87.jpg 130w\" sizes=\"(max-width: 1080px) 100vw, 1080px\" \/><\/div>\t\t\t\t\t\t\t<\/div>\t\t\t<div class=\"glozin-image-box__content w-100\">\n\t\t\t\t\t\t\t\t\t\t\t\t\t\t\t<\/div>\n        <\/div>\n    \t\t\t\t<\/div>\n\t\t\t\t<\/div>\n\t\t\t\t<\/div>\n\t\t<div class=\"elementor-element elementor-element-6b134da6 e-con-full e-flex glozin-responsive-column glozin-tablet-column--default glozin-responsive-column glozin-mobile-column--default e-con e-child\" data-id=\"6b134da6\" data-element_type=\"container\">\n\t\t\t\t<div class=\"elementor-element elementor-element-330ddb1c elementor-widget elementor-widget-glozin-image-box\" data-id=\"330ddb1c\" data-element_type=\"widget\" data-widget_type=\"glozin-image-box.default\">\n\t\t\t\t<div class=\"elementor-widget-container\">\n\t\t\t\t\t        <div class=\"glozin-image-box d-flex flex-column align-items-center\">\n\t\t\t<div class=\"glozin-image-box__image gz-hover-zoom w-100 gz-hover-effect overflow-hidden gz-image-rounded gz-ratio position-relative mb-25\" style=\"--gz-ratio-percent: 67%;\">\t\t\t\t\t\t\t\t\t<div class=\"gz-responsive-image w-100 gz-responsive-image__desktop \"><img decoding=\"async\" width=\"1080\" height=\"720\" data-src=\"https:\/\/fjallraven.dev.mortar.tovarnaidej.com\/wp-content\/uploads\/2025\/11\/Fjallraven-5-1080x720-1.jpg\" class=\"attachment-full size-full lazyload\" alt=\"\" data-srcset=\"https:\/\/fjallraven.dev.mortar.tovarnaidej.com\/wp-content\/uploads\/2025\/11\/Fjallraven-5-1080x720-1.jpg 1080w, https:\/\/fjallraven.dev.mortar.tovarnaidej.com\/wp-content\/uploads\/2025\/11\/Fjallraven-5-1080x720-1-300x200.jpg 300w, https:\/\/fjallraven.dev.mortar.tovarnaidej.com\/wp-content\/uploads\/2025\/11\/Fjallraven-5-1080x720-1-1024x683.jpg 1024w, https:\/\/fjallraven.dev.mortar.tovarnaidej.com\/wp-content\/uploads\/2025\/11\/Fjallraven-5-1080x720-1-768x512.jpg 768w, https:\/\/fjallraven.dev.mortar.tovarnaidej.com\/wp-content\/uploads\/2025\/11\/Fjallraven-5-1080x720-1-400x267.jpg 400w, https:\/\/fjallraven.dev.mortar.tovarnaidej.com\/wp-content\/uploads\/2025\/11\/Fjallraven-5-1080x720-1-780x520.jpg 780w, https:\/\/fjallraven.dev.mortar.tovarnaidej.com\/wp-content\/uploads\/2025\/11\/Fjallraven-5-1080x720-1-130x87.jpg 130w\" data-sizes=\"(max-width: 1080px) 100vw, 1080px\" src=\"data:image\/svg+xml;base64,PHN2ZyB3aWR0aD0iMSIgaGVpZ2h0PSIxIiB4bWxucz0iaHR0cDovL3d3dy53My5vcmcvMjAwMC9zdmciPjwvc3ZnPg==\" style=\"--smush-placeholder-width: 1080px; --smush-placeholder-aspect-ratio: 1080\/720;\" \/><\/div>\t\t\t\t\t\t\t<\/div>\t\t\t<div class=\"glozin-image-box__content w-100\">\n\t\t\t\t\t\t\t\t\t\t\t\t\t\t\t<\/div>\n        <\/div>\n    \t\t\t\t<\/div>\n\t\t\t\t<\/div>\n\t\t\t\t<\/div>\n\t\t<div class=\"elementor-element elementor-element-34537f4d e-con-full e-flex glozin-responsive-column glozin-tablet-column--default glozin-responsive-column glozin-mobile-column--default e-con e-child\" data-id=\"34537f4d\" data-element_type=\"container\">\n\t\t\t\t<div class=\"elementor-element elementor-element-70437a6a elementor-widget elementor-widget-glozin-image-box\" data-id=\"70437a6a\" data-element_type=\"widget\" data-widget_type=\"glozin-image-box.default\">\n\t\t\t\t<div class=\"elementor-widget-container\">\n\t\t\t\t\t        <div class=\"glozin-image-box d-flex flex-column align-items-center\">\n\t\t\t<div class=\"glozin-image-box__image gz-hover-zoom w-100 gz-hover-effect overflow-hidden gz-image-rounded gz-ratio position-relative mb-25\" style=\"--gz-ratio-percent: 67%;\">\t\t\t\t\t\t\t\t\t<div class=\"gz-responsive-image w-100 gz-responsive-image__desktop \"><img decoding=\"async\" width=\"1080\" height=\"720\" data-src=\"https:\/\/fjallraven.dev.mortar.tovarnaidej.com\/wp-content\/uploads\/2025\/11\/Fjallraven-1080x720-1.jpg\" class=\"attachment-full size-full lazyload\" alt=\"\" data-srcset=\"https:\/\/fjallraven.dev.mortar.tovarnaidej.com\/wp-content\/uploads\/2025\/11\/Fjallraven-1080x720-1.jpg 1080w, https:\/\/fjallraven.dev.mortar.tovarnaidej.com\/wp-content\/uploads\/2025\/11\/Fjallraven-1080x720-1-300x200.jpg 300w, https:\/\/fjallraven.dev.mortar.tovarnaidej.com\/wp-content\/uploads\/2025\/11\/Fjallraven-1080x720-1-1024x683.jpg 1024w, https:\/\/fjallraven.dev.mortar.tovarnaidej.com\/wp-content\/uploads\/2025\/11\/Fjallraven-1080x720-1-768x512.jpg 768w, https:\/\/fjallraven.dev.mortar.tovarnaidej.com\/wp-content\/uploads\/2025\/11\/Fjallraven-1080x720-1-400x267.jpg 400w, https:\/\/fjallraven.dev.mortar.tovarnaidej.com\/wp-content\/uploads\/2025\/11\/Fjallraven-1080x720-1-780x520.jpg 780w, https:\/\/fjallraven.dev.mortar.tovarnaidej.com\/wp-content\/uploads\/2025\/11\/Fjallraven-1080x720-1-130x87.jpg 130w\" data-sizes=\"(max-width: 1080px) 100vw, 1080px\" src=\"data:image\/svg+xml;base64,PHN2ZyB3aWR0aD0iMSIgaGVpZ2h0PSIxIiB4bWxucz0iaHR0cDovL3d3dy53My5vcmcvMjAwMC9zdmciPjwvc3ZnPg==\" style=\"--smush-placeholder-width: 1080px; --smush-placeholder-aspect-ratio: 1080\/720;\" \/><\/div>\t\t\t\t\t\t\t<\/div>\t\t\t<div class=\"glozin-image-box__content w-100\">\n\t\t\t\t\t\t\t\t\t\t\t\t\t\t\t<\/div>\n        <\/div>\n    \t\t\t\t<\/div>\n\t\t\t\t<\/div>\n\t\t\t\t<\/div>\n\t\t\t\t\t<\/div>\n\t\t\t\t<\/div>\n\t\t<div class=\"elementor-element elementor-element-d6c9d35 e-flex e-con-boxed glozin-responsive-column glozin-tablet-column--default glozin-responsive-column glozin-mobile-column--default e-con e-parent\" data-id=\"d6c9d35\" data-element_type=\"container\">\n\t\t\t\t\t<div class=\"e-con-inner\">\n\t\t\t\t<div class=\"elementor-element elementor-element-f4624b6 elementor-widget-divider--view-line elementor-widget elementor-widget-divider\" data-id=\"f4624b6\" data-element_type=\"widget\" data-widget_type=\"divider.default\">\n\t\t\t\t\t\t\t<div class=\"elementor-divider\">\n\t\t\t<span class=\"elementor-divider-separator\">\n\t\t\t\t\t\t<\/span>\n\t\t<\/div>\n\t\t\t\t\t\t<\/div>\n\t\t\t\t\t<\/div>\n\t\t\t\t<\/div>\n\t\t<div class=\"elementor-element elementor-element-4c087d23 e-flex e-con-boxed glozin-responsive-column glozin-tablet-column--default glozin-responsive-column glozin-mobile-column--default e-con e-parent\" data-id=\"4c087d23\" data-element_type=\"container\">\n\t\t\t\t\t<div class=\"e-con-inner\">\n\t\t<div class=\"elementor-element elementor-element-727cc576 e-con-full e-flex glozin-responsive-column glozin-tablet-column--default glozin-responsive-column glozin-mobile-column--default e-con e-child\" data-id=\"727cc576\" data-element_type=\"container\">\n\t\t\t\t<div class=\"elementor-element elementor-element-587bd5a8 elementor-widget elementor-widget-image\" data-id=\"587bd5a8\" data-element_type=\"widget\" data-widget_type=\"image.default\">\n\t\t\t\t\t\t\t\t\t\t\t\t\t\t\t<img decoding=\"async\" width=\"940\" height=\"1410\" data-src=\"https:\/\/fjallraven.dev.mortar.tovarnaidej.com\/wp-content\/uploads\/2025\/11\/d09f7e9ff1c8649b48f6.jpeg\" class=\"attachment-full size-full wp-image-1003372 lazyload\" alt=\"\" data-srcset=\"https:\/\/fjallraven.dev.mortar.tovarnaidej.com\/wp-content\/uploads\/2025\/11\/d09f7e9ff1c8649b48f6.jpeg 940w, https:\/\/fjallraven.dev.mortar.tovarnaidej.com\/wp-content\/uploads\/2025\/11\/d09f7e9ff1c8649b48f6-200x300.jpeg 200w, https:\/\/fjallraven.dev.mortar.tovarnaidej.com\/wp-content\/uploads\/2025\/11\/d09f7e9ff1c8649b48f6-683x1024.jpeg 683w, https:\/\/fjallraven.dev.mortar.tovarnaidej.com\/wp-content\/uploads\/2025\/11\/d09f7e9ff1c8649b48f6-768x1152.jpeg 768w, https:\/\/fjallraven.dev.mortar.tovarnaidej.com\/wp-content\/uploads\/2025\/11\/d09f7e9ff1c8649b48f6-400x600.jpeg 400w, https:\/\/fjallraven.dev.mortar.tovarnaidej.com\/wp-content\/uploads\/2025\/11\/d09f7e9ff1c8649b48f6-780x1170.jpeg 780w, https:\/\/fjallraven.dev.mortar.tovarnaidej.com\/wp-content\/uploads\/2025\/11\/d09f7e9ff1c8649b48f6-130x195.jpeg 130w\" data-sizes=\"(max-width: 940px) 100vw, 940px\" src=\"data:image\/svg+xml;base64,PHN2ZyB3aWR0aD0iMSIgaGVpZ2h0PSIxIiB4bWxucz0iaHR0cDovL3d3dy53My5vcmcvMjAwMC9zdmciPjwvc3ZnPg==\" style=\"--smush-placeholder-width: 940px; --smush-placeholder-aspect-ratio: 940\/1410;\" \/>\t\t\t\t\t\t\t\t\t\t\t\t\t\t\t<\/div>\n\t\t\t\t<\/div>\n\t\t<div class=\"elementor-element elementor-element-5efbf3c1 e-con-full e-flex glozin-responsive-column glozin-tablet-column--default glozin-responsive-column glozin-mobile-column--default e-con e-child\" data-id=\"5efbf3c1\" data-element_type=\"container\">\n\t\t\t\t<div class=\"elementor-element elementor-element-5d66d36 elementor-widget elementor-widget-glozin-heading\" data-id=\"5d66d36\" data-element_type=\"widget\" data-widget_type=\"glozin-heading.default\">\n\t\t\t\t<div class=\"elementor-widget-container\">\n\t\t\t\t\t\t\t<div class=\"glozin-heading-elementor\">\n\t\t\t\t<h2 class=\"glozin-heading d-flex align-items-center my-0 glozin-heading--default\">\n\t\t\t\t\tNa\u0161a misija\t\t\t\t<\/h2>\n\t\t\t<\/div>\n\t\t\t\t\t\t<\/div>\n\t\t\t\t<\/div>\n\t\t\t\t<div class=\"elementor-element elementor-element-59b9ad8 elementor-widget elementor-widget-glozin-heading\" data-id=\"59b9ad8\" data-element_type=\"widget\" data-widget_type=\"glozin-heading.default\">\n\t\t\t\t<div class=\"elementor-widget-container\">\n\t\t\t\t\t\t\t<div class=\"glozin-heading-elementor\">\n\t\t\t\t<div class=\"glozin-heading d-flex align-items-center my-0 glozin-heading--default\">\n\t\t\t\t\tU Outterri vjerujemo da sama prodaja nije dovoljna. Na\u0161 je zadatak ispri\u010dati pri\u010du i prenijeti Fj\u00e4llr\u00e4venovu filozofiju na lokalno tr\u017ei\u0161te: odr\u017eivost prije potro\u0161nje, kvalitetu prije koli\u010dine, prirodu prije trenda.\t\t\t\t<\/div>\n\t\t\t<\/div>\n\t\t\t\t\t\t<\/div>\n\t\t\t\t<\/div>\n\t\t\t\t<\/div>\n\t\t\t\t\t<\/div>\n\t\t\t\t<\/div>\n\t\t<div class=\"elementor-element elementor-element-38166ddd e-flex e-con-boxed glozin-responsive-column glozin-tablet-column--default glozin-responsive-column glozin-mobile-column--default e-con e-parent\" data-id=\"38166ddd\" data-element_type=\"container\">\n\t\t\t\t\t<div class=\"e-con-inner\">\n\t\t<div class=\"elementor-element elementor-element-18574f2b e-con-full e-flex glozin-responsive-column glozin-tablet-column--default glozin-responsive-column glozin-mobile-column--default e-con e-child\" data-id=\"18574f2b\" data-element_type=\"container\">\n\t\t\t\t<div class=\"elementor-element elementor-element-47715ad3 elementor-widget elementor-widget-glozin-heading\" data-id=\"47715ad3\" data-element_type=\"widget\" data-widget_type=\"glozin-heading.default\">\n\t\t\t\t<div class=\"elementor-widget-container\">\n\t\t\t\t\t\t\t<div class=\"glozin-heading-elementor\">\n\t\t\t\t<h2 class=\"glozin-heading d-flex align-items-center my-0 glozin-heading--default\">\n\t\t\t\t\tPredanost odr\u017eivosti\t\t\t\t<\/h2>\n\t\t\t<\/div>\n\t\t\t\t\t\t<\/div>\n\t\t\t\t<\/div>\n\t\t\t\t<div class=\"elementor-element elementor-element-55e87d8f elementor-widget elementor-widget-glozin-heading\" data-id=\"55e87d8f\" data-element_type=\"widget\" data-widget_type=\"glozin-heading.default\">\n\t\t\t\t<div class=\"elementor-widget-container\">\n\t\t\t\t\t\t\t<div class=\"glozin-heading-elementor\">\n\t\t\t\t<div class=\"glozin-heading d-flex align-items-center my-0 glozin-heading--default\">\n\t\t\t\t\tSvaki komad Fj\u00e4llr\u00e4venove opreme stvoren je s mi\u0161lju na budu\u0107e generacije. Od kultnog K\u00e5nken ruksaka do tehni\u010dki naprednih planinarskih jakni i hla\u010da, svaki proizvod odra\u017eava posve\u0107enost prirodi i promi\u0161ljenom dizajnu. Na\u0161 je cilj te vrijednosti pribli\u017eiti hrvatskim ljubiteljima prirode, istra\u017eiva\u010dima i putnicima koji vjeruju da odr\u017eivost po\u010dinje malim, odgovornim koracima.\t\t\t\t<\/div>\n\t\t\t<\/div>\n\t\t\t\t\t\t<\/div>\n\t\t\t\t<\/div>\n\t\t\t\t<\/div>\n\t\t<div class=\"elementor-element elementor-element-165f7c9 e-con-full e-flex glozin-responsive-column glozin-tablet-column--default glozin-responsive-column glozin-mobile-column--default e-con e-child\" data-id=\"165f7c9\" data-element_type=\"container\">\n\t\t\t\t<div class=\"elementor-element elementor-element-54ea32ce elementor-widget elementor-widget-image\" data-id=\"54ea32ce\" data-element_type=\"widget\" data-widget_type=\"image.default\">\n\t\t\t\t\t\t\t\t\t\t\t\t\t\t\t<img decoding=\"async\" width=\"476\" height=\"640\" data-src=\"https:\/\/fjallraven.dev.mortar.tovarnaidej.com\/wp-content\/uploads\/2025\/04\/udrzitelnost_banner.webp\" class=\"attachment-full size-full wp-image-1000247 lazyload\" alt=\"\" data-srcset=\"https:\/\/fjallraven.dev.mortar.tovarnaidej.com\/wp-content\/uploads\/2025\/04\/udrzitelnost_banner.webp 476w, https:\/\/fjallraven.dev.mortar.tovarnaidej.com\/wp-content\/uploads\/2025\/04\/udrzitelnost_banner-400x538.webp 400w, https:\/\/fjallraven.dev.mortar.tovarnaidej.com\/wp-content\/uploads\/2025\/04\/udrzitelnost_banner-130x175.webp 130w, https:\/\/fjallraven.dev.mortar.tovarnaidej.com\/wp-content\/uploads\/2025\/04\/udrzitelnost_banner-223x300.webp 223w\" data-sizes=\"(max-width: 476px) 100vw, 476px\" src=\"data:image\/svg+xml;base64,PHN2ZyB3aWR0aD0iMSIgaGVpZ2h0PSIxIiB4bWxucz0iaHR0cDovL3d3dy53My5vcmcvMjAwMC9zdmciPjwvc3ZnPg==\" style=\"--smush-placeholder-width: 476px; --smush-placeholder-aspect-ratio: 476\/640;\" \/>\t\t\t\t\t\t\t\t\t\t\t\t\t\t\t<\/div>\n\t\t\t\t<\/div>\n\t\t\t\t\t<\/div>\n\t\t\t\t<\/div>\n\t\t<div class=\"elementor-element elementor-element-ba0bf2b e-flex e-con-boxed glozin-responsive-column glozin-tablet-column--default glozin-responsive-column glozin-mobile-column--default e-con e-parent\" data-id=\"ba0bf2b\" data-element_type=\"container\">\n\t\t\t\t\t<div class=\"e-con-inner\">\n\t\t\t\t<div class=\"elementor-element elementor-element-c87bc08 elementor-widget elementor-widget-glozin-heading\" data-id=\"c87bc08\" data-element_type=\"widget\" data-widget_type=\"glozin-heading.default\">\n\t\t\t\t<div class=\"elementor-widget-container\">\n\t\t\t\t\t\t\t<div class=\"glozin-heading-elementor\">\n\t\t\t\t<h2 class=\"glozin-heading d-flex align-items-center my-0 glozin-heading--default\">\n\t\t\t\t\tPogled unaprijed\t\t\t\t<\/h2>\n\t\t\t<\/div>\n\t\t\t\t\t\t<\/div>\n\t\t\t\t<\/div>\n\t\t\t\t<div class=\"elementor-element elementor-element-1b16d16 elementor-widget elementor-widget-glozin-heading\" data-id=\"1b16d16\" data-element_type=\"widget\" data-widget_type=\"glozin-heading.default\">\n\t\t\t\t<div class=\"elementor-widget-container\">\n\t\t\t\t\t\t\t<div class=\"glozin-heading-elementor\">\n\t\t\t\t<div class=\"glozin-heading d-flex align-items-center my-0 glozin-heading--default\">\n\t\t\t\t\tOtvaranje trgovine u Zagrebu tek je prvi korak. Na\u0161a je vizija graditi zajednicu koja povezuje ljude s prirodom, poti\u010de odr\u017eive navike te cijeni jednostavnost, funkcionalnost i odgovoran odnos prema okoli\u0161u.\t\t\t\t<\/div>\n\t\t\t<\/div>\n\t\t\t\t\t\t<\/div>\n\t\t\t\t<\/div>\n\t\t\t\t<div class=\"elementor-element elementor-element-fed951e elementor-widget elementor-widget-text-editor\" data-id=\"fed951e\" data-element_type=\"widget\" data-widget_type=\"text-editor.default\">\n\t\t\t\t\t\t\t\t\t<p><strong>Outterra d.o.o.<\/strong><br \/><em>Slu\u017ebeni zastupnik brenda Fj\u00e4llr\u00e4ven za Hrvatsku<\/em><\/p>\t\t\t\t\t\t\t\t<\/div>\n\t\t\t\t<div class=\"elementor-element elementor-element-132a448 elementor-widget elementor-widget-image\" data-id=\"132a448\" data-element_type=\"widget\" data-widget_type=\"image.default\">\n\t\t\t\t\t\t\t\t\t\t\t\t\t\t\t<img decoding=\"async\" width=\"1024\" height=\"1024\" data-src=\"https:\/\/fjallraven.dev.mortar.tovarnaidej.com\/wp-content\/uploads\/2025\/10\/FJR_Illustration_deco_save-the-arctic-fox_bw_rgb-1-1024x1024.webp\" class=\"attachment-large size-large wp-image-1000745 lazyload\" alt=\"\" data-srcset=\"https:\/\/fjallraven.dev.mortar.tovarnaidej.com\/wp-content\/uploads\/2025\/10\/FJR_Illustration_deco_save-the-arctic-fox_bw_rgb-1-1024x1024.webp 1024w, https:\/\/fjallraven.dev.mortar.tovarnaidej.com\/wp-content\/uploads\/2025\/10\/FJR_Illustration_deco_save-the-arctic-fox_bw_rgb-1-400x400.webp 400w, https:\/\/fjallraven.dev.mortar.tovarnaidej.com\/wp-content\/uploads\/2025\/10\/FJR_Illustration_deco_save-the-arctic-fox_bw_rgb-1-130x130.webp 130w, https:\/\/fjallraven.dev.mortar.tovarnaidej.com\/wp-content\/uploads\/2025\/10\/FJR_Illustration_deco_save-the-arctic-fox_bw_rgb-1-780x780.webp 780w, https:\/\/fjallraven.dev.mortar.tovarnaidej.com\/wp-content\/uploads\/2025\/10\/FJR_Illustration_deco_save-the-arctic-fox_bw_rgb-1-300x300.webp 300w, https:\/\/fjallraven.dev.mortar.tovarnaidej.com\/wp-content\/uploads\/2025\/10\/FJR_Illustration_deco_save-the-arctic-fox_bw_rgb-1-150x150.webp 150w, https:\/\/fjallraven.dev.mortar.tovarnaidej.com\/wp-content\/uploads\/2025\/10\/FJR_Illustration_deco_save-the-arctic-fox_bw_rgb-1-768x768.webp 768w, https:\/\/fjallraven.dev.mortar.tovarnaidej.com\/wp-content\/uploads\/2025\/10\/FJR_Illustration_deco_save-the-arctic-fox_bw_rgb-1-1536x1536.webp 1536w, https:\/\/fjallraven.dev.mortar.tovarnaidej.com\/wp-content\/uploads\/2025\/10\/FJR_Illustration_deco_save-the-arctic-fox_bw_rgb-1.webp 2000w\" data-sizes=\"(max-width: 1024px) 100vw, 1024px\" src=\"data:image\/svg+xml;base64,PHN2ZyB3aWR0aD0iMSIgaGVpZ2h0PSIxIiB4bWxucz0iaHR0cDovL3d3dy53My5vcmcvMjAwMC9zdmciPjwvc3ZnPg==\" style=\"--smush-placeholder-width: 1024px; --smush-placeholder-aspect-ratio: 1024\/1024;\" \/>\t\t\t\t\t\t\t\t\t\t\t\t\t\t\t<\/div>\n\t\t\t\t\t<\/div>\n\t\t\t\t<\/div>\n\t\t\t\t<\/div>\n\t\t","protected":false},"excerpt":{"rendered":"<p>Na\u0161a pri\u010da Outterra d.o.o. slu\u017ebeni je zastupnik i partner \u0161vedskog brenda Fj\u00e4llr\u00e4ven za Hrvatsku. Na\u0161a zajedni\u010dka pri\u010da proizlazi iz jednostavne, ali sna\u017ene ideje: pribli\u017eiti prirodu ljudima i potaknuti \u017eivot u skladu s njom. Brend Fj\u00e4llr\u00e4ven osnovan je 1960. godine na sjeveru \u0160vedske s jasnom misijom \u2013 stvarati funkcionalnu, izdr\u017eljivu i bezvremensku opremu koja ljudima omogu\u0107uje [&hellip;]<\/p>\n","protected":false},"author":1,"featured_media":0,"parent":0,"menu_order":0,"comment_status":"closed","ping_status":"closed","template":"","meta":{"footnotes":""},"class_list":["post-1003898","page","type-page","status-publish","hentry"],"_links":{"self":[{"href":"https:\/\/fjallraven.dev.mortar.tovarnaidej.com\/sl\/wp-json\/wp\/v2\/pages\/1003898","targetHints":{"allow":["GET"]}}],"collection":[{"href":"https:\/\/fjallraven.dev.mortar.tovarnaidej.com\/sl\/wp-json\/wp\/v2\/pages"}],"about":[{"href":"https:\/\/fjallraven.dev.mortar.tovarnaidej.com\/sl\/wp-json\/wp\/v2\/types\/page"}],"author":[{"embeddable":true,"href":"https:\/\/fjallraven.dev.mortar.tovarnaidej.com\/sl\/wp-json\/wp\/v2\/users\/1"}],"replies":[{"embeddable":true,"href":"https:\/\/fjallraven.dev.mortar.tovarnaidej.com\/sl\/wp-json\/wp\/v2\/comments?post=1003898"}],"version-history":[{"count":1,"href":"https:\/\/fjallraven.dev.mortar.tovarnaidej.com\/sl\/wp-json\/wp\/v2\/pages\/1003898\/revisions"}],"predecessor-version":[{"id":1003902,"href":"https:\/\/fjallraven.dev.mortar.tovarnaidej.com\/sl\/wp-json\/wp\/v2\/pages\/1003898\/revisions\/1003902"}],"wp:attachment":[{"href":"https:\/\/fjallraven.dev.mortar.tovarnaidej.com\/sl\/wp-json\/wp\/v2\/media?parent=1003898"}],"curies":[{"name":"wp","href":"https:\/\/api.w.org\/{rel}","templated":true}]}}