{"id":1019666,"date":"2025-11-21T09:24:51","date_gmt":"2025-11-21T09:24:51","guid":{"rendered":"https:\/\/fjallraven.dev.mortar.tovarnaidej.com\/?post_type=product&#038;p=1019666"},"modified":"2025-11-27T12:11:07","modified_gmt":"2025-11-27T12:11:07","slug":"drev-hybrid-jacket-m","status":"publish","type":"product","link":"https:\/\/fjallraven.dev.mortar.tovarnaidej.com\/sl\/izdelek\/drev-hybrid-jacket-m\/","title":{"rendered":"Drev Hybrid Jacket M"},"content":{"rendered":"<p>Udobna jakna za aktivni lov koja dobro prozra\u010duje i \u0161titi od ki\u0161e po vla\u017enom vremenu. Izra\u0111ena od vjetro i vodootpornog G-1000 Silent materijala te podstavljena vodootpornim Hydraticom na kapulja\u010di, ramenima, donjem dijelu le\u0111a i izlo\u017eenim dijelovima rukava. Odvojiva, podesiva kapulja\u010da, artikulirani rukavi i otvori za ventilaciju s patentnim zatvara\u010dem sa strane. Drev Hybrid jakna za mu\u0161karce ima d\u017eepove na prsima s mre\u017eicom iznutra za radio, kop\u010de za radio s obje strane, velike prednje d\u017eepove i veliki d\u017eep na donjem dijelu le\u0111a.<\/p>\n","protected":false},"excerpt":{"rendered":"<p>Prozra\u010dna lova\u010dka jakna od vjetro i vodootpornog G-1000 Silent materijala s Hydratic podstavom na izlo\u017eenim dijelovima. Proizvedeno bez PFAS-a.<\/p>\n","protected":false},"featured_media":1021204,"template":"","meta":[],"product_brand":[459],"product_cat":[217],"product_tag":[474,475,512,515,470,591,473],"class_list":{"0":"post-1019666","1":"product","2":"type-product","3":"status-publish","4":"has-post-thumbnail","6":"product_brand-lappland","7":"product_cat-jakne","8":"product_tag-hunting","9":"product_tag-lappland","10":"product_tag-muske-jakne","11":"product_tag-muske-jakne-lov","12":"product_tag-muski","13":"product_tag-muskim-muske-zimske-jakne","14":"product_tag-shell-jakne","16":"first","17":"outofstock","18":"shipping-taxable","19":"purchasable","20":"product-type-variable"},"_links":{"self":[{"href":"https:\/\/fjallraven.dev.mortar.tovarnaidej.com\/sl\/wp-json\/wp\/v2\/product\/1019666","targetHints":{"allow":["GET"]}}],"collection":[{"href":"https:\/\/fjallraven.dev.mortar.tovarnaidej.com\/sl\/wp-json\/wp\/v2\/product"}],"about":[{"href":"https:\/\/fjallraven.dev.mortar.tovarnaidej.com\/sl\/wp-json\/wp\/v2\/types\/product"}],"version-history":[{"count":1,"href":"https:\/\/fjallraven.dev.mortar.tovarnaidej.com\/sl\/wp-json\/wp\/v2\/product\/1019666\/revisions"}],"predecessor-version":[{"id":1019675,"href":"https:\/\/fjallraven.dev.mortar.tovarnaidej.com\/sl\/wp-json\/wp\/v2\/product\/1019666\/revisions\/1019675"}],"wp:featuredmedia":[{"embeddable":true,"href":"https:\/\/fjallraven.dev.mortar.tovarnaidej.com\/sl\/wp-json\/wp\/v2\/media\/1021204"}],"wp:attachment":[{"href":"https:\/\/fjallraven.dev.mortar.tovarnaidej.com\/sl\/wp-json\/wp\/v2\/media?parent=1019666"}],"wp:term":[{"taxonomy":"product_brand","embeddable":true,"href":"https:\/\/fjallraven.dev.mortar.tovarnaidej.com\/sl\/wp-json\/wp\/v2\/product_brand?post=1019666"},{"taxonomy":"product_cat","embeddable":true,"href":"https:\/\/fjallraven.dev.mortar.tovarnaidej.com\/sl\/wp-json\/wp\/v2\/product_cat?post=1019666"},{"taxonomy":"product_tag","embeddable":true,"href":"https:\/\/fjallraven.dev.mortar.tovarnaidej.com\/sl\/wp-json\/wp\/v2\/product_tag?post=1019666"}],"curies":[{"name":"wp","href":"https:\/\/api.w.org\/{rel}","templated":true}]}}