{"id":1019668,"date":"2025-11-21T09:24:52","date_gmt":"2025-11-21T09:24:52","guid":{"rendered":"https:\/\/fjallraven.dev.mortar.tovarnaidej.com\/?post_type=product&#038;p=1019668"},"modified":"2025-11-27T12:11:07","modified_gmt":"2025-11-27T12:11:07","slug":"expedition-x-latt-hoodie-m","status":"publish","type":"product","link":"https:\/\/fjallraven.dev.mortar.tovarnaidej.com\/sl\/izdelek\/expedition-x-latt-hoodie-m\/","title":{"rendered":"Expedition X-L\u00e4tt Hoodie M"},"content":{"rendered":"<p>Expedition X-L\u00e4tt majica s kapulja\u010dom za mu\u0161karce je lagana i skladna izolacijska majica, savr\u0161ena za niz zimskih aktivnosti. Izra\u0111ena od savitljivog recikliranog poliamida s podstavom od recikliranog poliestera. Lako se uvla\u010di ispod jakne i grije Vas \u010dak i u vla\u017enim uvjetima. D\u017eepovi za ruke s patentnim zatvara\u010dem i unutarnji d\u017eep na prsima koji slu\u017ei i kao ruksak ili kao jastuk. Pode\u0161avanje kapulja\u010da i rubova dizajnirano je za jednostavne popravke.<\/p>\n","protected":false},"excerpt":{"rendered":"<p>Lagana i skladna jakna s oja\u010danjem i sinteti\u010dkim punjenjem. Proizvedeno bez PFAS-a.<\/p>\n","protected":false},"featured_media":1021234,"template":"","meta":[],"product_brand":[105],"product_cat":[217],"product_tag":[476,512,513,517,470,477,471],"class_list":{"0":"post-1019668","1":"product","2":"type-product","3":"status-publish","4":"has-post-thumbnail","6":"product_brand-polar","7":"product_cat-jakne","8":"product_tag-jakne-od-sintetike","9":"product_tag-muske-jakne","10":"product_tag-muske-jakne-treking","11":"product_tag-muske-jakne-zimske","12":"product_tag-muski","13":"product_tag-polar","14":"product_tag-trekking","16":"first","17":"outofstock","18":"shipping-taxable","19":"purchasable","20":"product-type-variable"},"_links":{"self":[{"href":"https:\/\/fjallraven.dev.mortar.tovarnaidej.com\/sl\/wp-json\/wp\/v2\/product\/1019668","targetHints":{"allow":["GET"]}}],"collection":[{"href":"https:\/\/fjallraven.dev.mortar.tovarnaidej.com\/sl\/wp-json\/wp\/v2\/product"}],"about":[{"href":"https:\/\/fjallraven.dev.mortar.tovarnaidej.com\/sl\/wp-json\/wp\/v2\/types\/product"}],"version-history":[{"count":1,"href":"https:\/\/fjallraven.dev.mortar.tovarnaidej.com\/sl\/wp-json\/wp\/v2\/product\/1019668\/revisions"}],"predecessor-version":[{"id":1019682,"href":"https:\/\/fjallraven.dev.mortar.tovarnaidej.com\/sl\/wp-json\/wp\/v2\/product\/1019668\/revisions\/1019682"}],"wp:featuredmedia":[{"embeddable":true,"href":"https:\/\/fjallraven.dev.mortar.tovarnaidej.com\/sl\/wp-json\/wp\/v2\/media\/1021234"}],"wp:attachment":[{"href":"https:\/\/fjallraven.dev.mortar.tovarnaidej.com\/sl\/wp-json\/wp\/v2\/media?parent=1019668"}],"wp:term":[{"taxonomy":"product_brand","embeddable":true,"href":"https:\/\/fjallraven.dev.mortar.tovarnaidej.com\/sl\/wp-json\/wp\/v2\/product_brand?post=1019668"},{"taxonomy":"product_cat","embeddable":true,"href":"https:\/\/fjallraven.dev.mortar.tovarnaidej.com\/sl\/wp-json\/wp\/v2\/product_cat?post=1019668"},{"taxonomy":"product_tag","embeddable":true,"href":"https:\/\/fjallraven.dev.mortar.tovarnaidej.com\/sl\/wp-json\/wp\/v2\/product_tag?post=1019668"}],"curies":[{"name":"wp","href":"https:\/\/api.w.org\/{rel}","templated":true}]}}