{"id":1019669,"date":"2025-11-21T09:24:52","date_gmt":"2025-11-21T09:24:52","guid":{"rendered":"https:\/\/fjallraven.dev.mortar.tovarnaidej.com\/?post_type=product&#038;p=1019669"},"modified":"2025-11-27T12:11:07","modified_gmt":"2025-11-27T12:11:07","slug":"keb-gtx-jacket-m","status":"publish","type":"product","link":"https:\/\/fjallraven.dev.mortar.tovarnaidej.com\/sl\/izdelek\/keb-gtx-jacket-m\/","title":{"rendered":"Keb GTX Jacket M"},"content":{"rendered":"<p>Na\u0161a Keb obitelj predstavlja GORE-TEX\u00ae jaknu, konstruiranu s Gore-ovom naprednom membranom na bazi ePE-a, koja je trajno vodootporna, otporna na vjetar i prozra\u010dna. Keb GTX jakna za mu\u0161karce tako\u0111er ima DWR proizveden bez PFAS-a. Dizajnirana za tehni\u010dki trekking, ima vrhunski kroj koji osigurava savr\u0161eno pristajanje i izvrsnu slobodu kretanja. Kapulja\u010da nudi izvrsnu za\u0161titu bez ograni\u010davanja vida ili pokreta glave, a prostrani d\u017eepovi su dostupni \u010dak i kada nosite planinarski pojas ili ruksak. Ova jakna je vo\u0111ena dizajnom uz mogu\u0107nost popravka; napravljena je za odr\u017eavanje i trajanje, a ne zamjenu.<\/p>\n","protected":false},"excerpt":{"rendered":"<p>Tehni\u010dka trekking GORE-TEX\u00ae jakna s vrhunskim pristajanjem i slobodom kretanja. Vodootporna, otporna na vjetar i prozra\u010dna. Proizvedena bez PFAS-a.<\/p>\n","protected":false},"featured_media":1021238,"template":"","meta":[],"product_brand":[89],"product_cat":[217],"product_tag":[478,516,512,513,470,473,471],"class_list":{"0":"post-1019669","1":"product","2":"type-product","3":"status-publish","4":"has-post-thumbnail","6":"product_brand-keb","7":"product_cat-jakne","8":"product_tag-keb","9":"product_tag-muske-jakne-shell","10":"product_tag-muske-jakne","11":"product_tag-muske-jakne-treking","12":"product_tag-muski","13":"product_tag-shell-jakne","14":"product_tag-trekking","16":"first","17":"outofstock","18":"shipping-taxable","19":"purchasable","20":"product-type-variable"},"_links":{"self":[{"href":"https:\/\/fjallraven.dev.mortar.tovarnaidej.com\/sl\/wp-json\/wp\/v2\/product\/1019669","targetHints":{"allow":["GET"]}}],"collection":[{"href":"https:\/\/fjallraven.dev.mortar.tovarnaidej.com\/sl\/wp-json\/wp\/v2\/product"}],"about":[{"href":"https:\/\/fjallraven.dev.mortar.tovarnaidej.com\/sl\/wp-json\/wp\/v2\/types\/product"}],"version-history":[{"count":1,"href":"https:\/\/fjallraven.dev.mortar.tovarnaidej.com\/sl\/wp-json\/wp\/v2\/product\/1019669\/revisions"}],"predecessor-version":[{"id":1019687,"href":"https:\/\/fjallraven.dev.mortar.tovarnaidej.com\/sl\/wp-json\/wp\/v2\/product\/1019669\/revisions\/1019687"}],"wp:featuredmedia":[{"embeddable":true,"href":"https:\/\/fjallraven.dev.mortar.tovarnaidej.com\/sl\/wp-json\/wp\/v2\/media\/1021238"}],"wp:attachment":[{"href":"https:\/\/fjallraven.dev.mortar.tovarnaidej.com\/sl\/wp-json\/wp\/v2\/media?parent=1019669"}],"wp:term":[{"taxonomy":"product_brand","embeddable":true,"href":"https:\/\/fjallraven.dev.mortar.tovarnaidej.com\/sl\/wp-json\/wp\/v2\/product_brand?post=1019669"},{"taxonomy":"product_cat","embeddable":true,"href":"https:\/\/fjallraven.dev.mortar.tovarnaidej.com\/sl\/wp-json\/wp\/v2\/product_cat?post=1019669"},{"taxonomy":"product_tag","embeddable":true,"href":"https:\/\/fjallraven.dev.mortar.tovarnaidej.com\/sl\/wp-json\/wp\/v2\/product_tag?post=1019669"}],"curies":[{"name":"wp","href":"https:\/\/api.w.org\/{rel}","templated":true}]}}