{"id":1019703,"date":"2025-11-21T09:25:02","date_gmt":"2025-11-21T09:25:02","guid":{"rendered":"https:\/\/fjallraven.dev.mortar.tovarnaidej.com\/?post_type=product&#038;p=1019703"},"modified":"2025-11-27T12:11:07","modified_gmt":"2025-11-27T12:11:07","slug":"fjallraven-heavy-classic-t-shirt-m","status":"publish","type":"product","link":"https:\/\/fjallraven.dev.mortar.tovarnaidej.com\/sl\/izdelek\/fjallraven-heavy-classic-t-shirt-m\/","title":{"rendered":"Fj\u00e4llr\u00e4ven Heavy Classic T-shirt M"},"content":{"rendered":"<p>Fj\u00e4llr\u00e4ven Heavy Classic majica kratkih rukava za mu\u0161karce je bezvremenska majica kratkih rukava izra\u0111ena od te\u0161ke jednostruke \u017eerseja tkanine. 100% organski \u010de\u0161ljani pamuk je mekan i izdr\u017eljiv, a njegov opu\u0161teni kroj zasigurno \u0107e je u\u010diniti omiljenom za opu\u0161teni \u017eivot na otvorenom tijekom toplijih mjeseci.<\/p>\n","protected":false},"excerpt":{"rendered":"<p>Klasi\u010dna majica kratkih rukava izra\u0111ena od 100% organskog pamuka. Proizvedeno bez PFAS-a.<\/p>\n","protected":false},"featured_media":1021288,"template":"","meta":[],"product_brand":[460],"product_cat":[274],"product_tag":[479,483,539,529,470,480],"class_list":{"0":"post-1019703","1":"product","2":"type-product","3":"status-publish","4":"has-post-thumbnail","6":"product_brand-ovik","7":"product_cat-kosulje-i-osnovni-sloj","8":"product_tag-everyday-outdoor","9":"product_tag-majice-i-majice-dugih-rukava","10":"product_tag-majice-muski-kratke","11":"product_tag-majice-muski","12":"product_tag-muski","13":"product_tag-ovik","15":"first","16":"outofstock","17":"shipping-taxable","18":"purchasable","19":"product-type-variable"},"_links":{"self":[{"href":"https:\/\/fjallraven.dev.mortar.tovarnaidej.com\/sl\/wp-json\/wp\/v2\/product\/1019703","targetHints":{"allow":["GET"]}}],"collection":[{"href":"https:\/\/fjallraven.dev.mortar.tovarnaidej.com\/sl\/wp-json\/wp\/v2\/product"}],"about":[{"href":"https:\/\/fjallraven.dev.mortar.tovarnaidej.com\/sl\/wp-json\/wp\/v2\/types\/product"}],"version-history":[{"count":1,"href":"https:\/\/fjallraven.dev.mortar.tovarnaidej.com\/sl\/wp-json\/wp\/v2\/product\/1019703\/revisions"}],"predecessor-version":[{"id":1019722,"href":"https:\/\/fjallraven.dev.mortar.tovarnaidej.com\/sl\/wp-json\/wp\/v2\/product\/1019703\/revisions\/1019722"}],"wp:featuredmedia":[{"embeddable":true,"href":"https:\/\/fjallraven.dev.mortar.tovarnaidej.com\/sl\/wp-json\/wp\/v2\/media\/1021288"}],"wp:attachment":[{"href":"https:\/\/fjallraven.dev.mortar.tovarnaidej.com\/sl\/wp-json\/wp\/v2\/media?parent=1019703"}],"wp:term":[{"taxonomy":"product_brand","embeddable":true,"href":"https:\/\/fjallraven.dev.mortar.tovarnaidej.com\/sl\/wp-json\/wp\/v2\/product_brand?post=1019703"},{"taxonomy":"product_cat","embeddable":true,"href":"https:\/\/fjallraven.dev.mortar.tovarnaidej.com\/sl\/wp-json\/wp\/v2\/product_cat?post=1019703"},{"taxonomy":"product_tag","embeddable":true,"href":"https:\/\/fjallraven.dev.mortar.tovarnaidej.com\/sl\/wp-json\/wp\/v2\/product_tag?post=1019703"}],"curies":[{"name":"wp","href":"https:\/\/api.w.org\/{rel}","templated":true}]}}