{"id":1019705,"date":"2025-11-21T09:25:03","date_gmt":"2025-11-21T09:25:03","guid":{"rendered":"https:\/\/fjallraven.dev.mortar.tovarnaidej.com\/?post_type=product&#038;p=1019705"},"modified":"2025-11-27T12:11:07","modified_gmt":"2025-11-27T12:11:07","slug":"keb-fleece-m","status":"publish","type":"product","link":"https:\/\/fjallraven.dev.mortar.tovarnaidej.com\/sl\/izdelek\/keb-fleece-m\/","title":{"rendered":"Keb Fleece M"},"content":{"rendered":"<p>Flis d\u017eemper s okruglim izrezom od funkcionalne mje\u0161avine vune, inspiriran na\u0161im najprodavanijim Keb Fleece hoodieom. Vanjski dio s niskim trenjem lako se uvla\u010di ispod vanjskih slojeva, dok unutarnja, povi\u0161ena struktura grije i odvodi vlagu. Karakteristike uklju\u010duju oja\u010danja na ramenima od G-1000 materijala, patentni zatvara\u010d po cijeloj duljini, d\u017eepove za ruke i ravne \u0161avove za smanjenje volumena. Keb Fleece za mu\u0161karce toliko je svestran i udoban da ga mo\u017eete koristiti tijekom cijele godine &#8211; kao lagani d\u017eemper u toplijim mjesecima ili kao udoban srednji sloj po hladnijem vremenu.<\/p>\n","protected":false},"excerpt":{"rendered":"<p>Flis d\u017eemper od funkcionalne mje\u0161avine vune, inspiriran na\u0161om najprodavanijom Keb Fleece majicom s kapulja\u010dom. Proizvedeno bez PFAS-a.<\/p>\n","protected":false},"featured_media":1021309,"template":"","meta":[],"product_brand":[89],"product_cat":[263],"product_tag":[592,481,478,470,532,508,471],"class_list":{"0":"post-1019705","1":"product","2":"type-product","3":"status-publish","4":"has-post-thumbnail","6":"product_brand-keb","7":"product_cat-srednji-slojevi","8":"product_tag-dzemperi-i-pletivo-muski","9":"product_tag-flis","10":"product_tag-keb","11":"product_tag-muski","12":"product_tag-mid-layer-muski-dzemperi","13":"product_tag-prsluci","14":"product_tag-trekking","16":"first","17":"outofstock","18":"shipping-taxable","19":"purchasable","20":"product-type-variable"},"_links":{"self":[{"href":"https:\/\/fjallraven.dev.mortar.tovarnaidej.com\/sl\/wp-json\/wp\/v2\/product\/1019705","targetHints":{"allow":["GET"]}}],"collection":[{"href":"https:\/\/fjallraven.dev.mortar.tovarnaidej.com\/sl\/wp-json\/wp\/v2\/product"}],"about":[{"href":"https:\/\/fjallraven.dev.mortar.tovarnaidej.com\/sl\/wp-json\/wp\/v2\/types\/product"}],"version-history":[{"count":1,"href":"https:\/\/fjallraven.dev.mortar.tovarnaidej.com\/sl\/wp-json\/wp\/v2\/product\/1019705\/revisions"}],"predecessor-version":[{"id":1019734,"href":"https:\/\/fjallraven.dev.mortar.tovarnaidej.com\/sl\/wp-json\/wp\/v2\/product\/1019705\/revisions\/1019734"}],"wp:featuredmedia":[{"embeddable":true,"href":"https:\/\/fjallraven.dev.mortar.tovarnaidej.com\/sl\/wp-json\/wp\/v2\/media\/1021309"}],"wp:attachment":[{"href":"https:\/\/fjallraven.dev.mortar.tovarnaidej.com\/sl\/wp-json\/wp\/v2\/media?parent=1019705"}],"wp:term":[{"taxonomy":"product_brand","embeddable":true,"href":"https:\/\/fjallraven.dev.mortar.tovarnaidej.com\/sl\/wp-json\/wp\/v2\/product_brand?post=1019705"},{"taxonomy":"product_cat","embeddable":true,"href":"https:\/\/fjallraven.dev.mortar.tovarnaidej.com\/sl\/wp-json\/wp\/v2\/product_cat?post=1019705"},{"taxonomy":"product_tag","embeddable":true,"href":"https:\/\/fjallraven.dev.mortar.tovarnaidej.com\/sl\/wp-json\/wp\/v2\/product_tag?post=1019705"}],"curies":[{"name":"wp","href":"https:\/\/api.w.org\/{rel}","templated":true}]}}