{"id":1019736,"date":"2025-11-21T09:25:10","date_gmt":"2025-11-21T09:25:10","guid":{"rendered":"https:\/\/fjallraven.dev.mortar.tovarnaidej.com\/?post_type=product&#038;p=1019736"},"modified":"2025-11-27T12:11:07","modified_gmt":"2025-11-27T12:11:07","slug":"ovik-lite-half-zip-m","status":"publish","type":"product","link":"https:\/\/fjallraven.dev.mortar.tovarnaidej.com\/sl\/izdelek\/ovik-lite-half-zip-m\/","title":{"rendered":"\u00d6vik Lite Half Zip M"},"content":{"rendered":"<p>Udoban, lagani d\u017eemper od mje\u0161avine ZQ merino vune i organskog pamuka koja kombinira svojstva vune koja odvodi vlagu i regulira temperaturu s meko\u0107om organskog pamuka. \u00d6vik Lite d\u017eemper s pola zatvara\u010da za mu\u0161karce savr\u0161en je odjevni predmet za sezonu u kojoj \u0107e Vas grijati i pru\u017eati Vam udobnost na otvorenom. Veliki patentni zatvara\u010d olak\u0161ava obla\u010denje i svla\u010denje, a srednje visoki ovratnik grijati \u0107e vam vrat.<\/p>\n","protected":false},"excerpt":{"rendered":"<p>Udoban, lagani d\u017eemper od mje\u0161avine ZQ merino vune i organskog pamuka s velikim patentnim poluzatvara\u010dem. Proizvedeno bez PFAS-a.<\/p>\n","protected":false},"featured_media":1021312,"template":"","meta":[],"product_brand":[460],"product_cat":[263],"product_tag":[592,482,479,470,532,480,508],"class_list":{"0":"post-1019736","1":"product","2":"type-product","3":"status-publish","4":"has-post-thumbnail","6":"product_brand-ovik","7":"product_cat-srednji-slojevi","8":"product_tag-dzemperi-i-pletivo-muski","9":"product_tag-dzemperi-i-vuna","10":"product_tag-everyday-outdoor","11":"product_tag-muski","12":"product_tag-mid-layer-muski-dzemperi","13":"product_tag-ovik","14":"product_tag-prsluci","16":"first","17":"outofstock","18":"shipping-taxable","19":"purchasable","20":"product-type-variable"},"_links":{"self":[{"href":"https:\/\/fjallraven.dev.mortar.tovarnaidej.com\/sl\/wp-json\/wp\/v2\/product\/1019736","targetHints":{"allow":["GET"]}}],"collection":[{"href":"https:\/\/fjallraven.dev.mortar.tovarnaidej.com\/sl\/wp-json\/wp\/v2\/product"}],"about":[{"href":"https:\/\/fjallraven.dev.mortar.tovarnaidej.com\/sl\/wp-json\/wp\/v2\/types\/product"}],"version-history":[{"count":1,"href":"https:\/\/fjallraven.dev.mortar.tovarnaidej.com\/sl\/wp-json\/wp\/v2\/product\/1019736\/revisions"}],"predecessor-version":[{"id":1019741,"href":"https:\/\/fjallraven.dev.mortar.tovarnaidej.com\/sl\/wp-json\/wp\/v2\/product\/1019736\/revisions\/1019741"}],"wp:featuredmedia":[{"embeddable":true,"href":"https:\/\/fjallraven.dev.mortar.tovarnaidej.com\/sl\/wp-json\/wp\/v2\/media\/1021312"}],"wp:attachment":[{"href":"https:\/\/fjallraven.dev.mortar.tovarnaidej.com\/sl\/wp-json\/wp\/v2\/media?parent=1019736"}],"wp:term":[{"taxonomy":"product_brand","embeddable":true,"href":"https:\/\/fjallraven.dev.mortar.tovarnaidej.com\/sl\/wp-json\/wp\/v2\/product_brand?post=1019736"},{"taxonomy":"product_cat","embeddable":true,"href":"https:\/\/fjallraven.dev.mortar.tovarnaidej.com\/sl\/wp-json\/wp\/v2\/product_cat?post=1019736"},{"taxonomy":"product_tag","embeddable":true,"href":"https:\/\/fjallraven.dev.mortar.tovarnaidej.com\/sl\/wp-json\/wp\/v2\/product_tag?post=1019736"}],"curies":[{"name":"wp","href":"https:\/\/api.w.org\/{rel}","templated":true}]}}