{"id":1019739,"date":"2025-11-21T09:25:10","date_gmt":"2025-11-21T09:25:10","guid":{"rendered":"https:\/\/fjallraven.dev.mortar.tovarnaidej.com\/?post_type=product&#038;p=1019739"},"modified":"2025-11-27T12:11:06","modified_gmt":"2025-11-27T12:11:06","slug":"expedition-fleece-headband","status":"publish","type":"product","link":"https:\/\/fjallraven.dev.mortar.tovarnaidej.com\/sl\/izdelek\/expedition-fleece-headband\/","title":{"rendered":"Expedition Fleece Headband"},"content":{"rendered":"<p>Traka za glavu Expedition Fleece izra\u0111ena je od rastezljive flis tkanine u djelomi\u010dno recikliranoj mje\u0161avini poliestera i elastana. Savitljiva, rastezljiva tkanina \u010dvrsto \u0107e prianjati preko u\u0161iju, \u0161to je \u010dini izvrsnom alternativom kapama u bla\u017eim zimskim danima ili kada naporno radite, jer \u0107e odvoditi vlagu s ko\u017ee, ostavljaju\u0107i Vas svje\u017eima i suhima te Vas grijati bez pregrijavanja. Plosnati \u0161avovi za dodatnu udobnost i vez logotipa sprijeda.<\/p>\n","protected":false},"excerpt":{"rendered":"<p>Udobna i topla traka za glavu izra\u0111ena od djelomi\u010dno recikliranog rastezljivog flisa. Proizvedeno bez PFAS-a.<\/p>\n","protected":false},"featured_media":1021350,"template":"","meta":[],"product_brand":[105],"product_cat":[191],"product_tag":[541,484,477,471,485],"class_list":{"0":"post-1019739","1":"product","2":"type-product","3":"status-publish","4":"has-post-thumbnail","6":"product_brand-polar","7":"product_cat-dodaci-za-odjecu","8":"product_tag-dodaci-kape","9":"product_tag-kape-sa-siltom","10":"product_tag-polar","11":"product_tag-trekking","12":"product_tag-unisex","14":"first","15":"outofstock","16":"shipping-taxable","17":"purchasable","18":"product-type-variable"},"_links":{"self":[{"href":"https:\/\/fjallraven.dev.mortar.tovarnaidej.com\/sl\/wp-json\/wp\/v2\/product\/1019739","targetHints":{"allow":["GET"]}}],"collection":[{"href":"https:\/\/fjallraven.dev.mortar.tovarnaidej.com\/sl\/wp-json\/wp\/v2\/product"}],"about":[{"href":"https:\/\/fjallraven.dev.mortar.tovarnaidej.com\/sl\/wp-json\/wp\/v2\/types\/product"}],"version-history":[{"count":1,"href":"https:\/\/fjallraven.dev.mortar.tovarnaidej.com\/sl\/wp-json\/wp\/v2\/product\/1019739\/revisions"}],"predecessor-version":[{"id":1019762,"href":"https:\/\/fjallraven.dev.mortar.tovarnaidej.com\/sl\/wp-json\/wp\/v2\/product\/1019739\/revisions\/1019762"}],"wp:featuredmedia":[{"embeddable":true,"href":"https:\/\/fjallraven.dev.mortar.tovarnaidej.com\/sl\/wp-json\/wp\/v2\/media\/1021350"}],"wp:attachment":[{"href":"https:\/\/fjallraven.dev.mortar.tovarnaidej.com\/sl\/wp-json\/wp\/v2\/media?parent=1019739"}],"wp:term":[{"taxonomy":"product_brand","embeddable":true,"href":"https:\/\/fjallraven.dev.mortar.tovarnaidej.com\/sl\/wp-json\/wp\/v2\/product_brand?post=1019739"},{"taxonomy":"product_cat","embeddable":true,"href":"https:\/\/fjallraven.dev.mortar.tovarnaidej.com\/sl\/wp-json\/wp\/v2\/product_cat?post=1019739"},{"taxonomy":"product_tag","embeddable":true,"href":"https:\/\/fjallraven.dev.mortar.tovarnaidej.com\/sl\/wp-json\/wp\/v2\/product_tag?post=1019739"}],"curies":[{"name":"wp","href":"https:\/\/api.w.org\/{rel}","templated":true}]}}