{"id":1019771,"date":"2025-11-21T09:25:19","date_gmt":"2025-11-21T09:25:19","guid":{"rendered":"https:\/\/fjallraven.dev.mortar.tovarnaidej.com\/?post_type=product&#038;p=1019771"},"modified":"2025-11-27T12:11:06","modified_gmt":"2025-11-27T12:11:06","slug":"fjallraven-wool-sock","status":"publish","type":"product","link":"https:\/\/fjallraven.dev.mortar.tovarnaidej.com\/sl\/izdelek\/fjallraven-wool-sock\/","title":{"rendered":"Fj\u00e4llr\u00e4ven Wool Sock"},"content":{"rendered":"<p>Nikada vi\u0161e ne\u0107ete imati hladna stopala u Fj\u00e4llr\u00e4ven vunenim \u010darapama koje \u0107e Va\u0161a stopala odr\u017eati toplima i ugodnima, \u010dak i u vla\u017enim uvjetima. Udobna mje\u0161avina vune kombinira svojstva vune za regulaciju temperature s izdr\u017eljivo\u0161\u0107u sinteti\u010dkih vlakana. Potpora srednjem dijelu stopala sa jastu\u010di\u0107ima, pru\u017eaju dodatnu udobnost, a oja\u010dana peta daje ovim \u010darapama iznimnu izdr\u017eljivost.<\/p>\n","protected":false},"excerpt":{"rendered":"<p>Udobne, mekane i izdr\u017eljive \u010darape od mje\u0161avine vune poznatog podrijetla. Proizvedeno bez PFAS-a.<\/p>\n","protected":false},"featured_media":1021372,"template":"","meta":[],"product_brand":[460],"product_cat":[266],"product_tag":[594,479,486,480,485],"class_list":{"0":"post-1019771","1":"product","2":"type-product","3":"status-publish","4":"has-post-thumbnail","6":"product_brand-ovik","7":"product_cat-dodaci-za-odjecu","8":"product_tag-dodaci-ostalo-2","9":"product_tag-everyday-outdoor","10":"product_tag-ostali-modni-dodaci","11":"product_tag-ovik","12":"product_tag-unisex","14":"first","15":"outofstock","16":"shipping-taxable","17":"purchasable","18":"product-type-variable"},"_links":{"self":[{"href":"https:\/\/fjallraven.dev.mortar.tovarnaidej.com\/sl\/wp-json\/wp\/v2\/product\/1019771","targetHints":{"allow":["GET"]}}],"collection":[{"href":"https:\/\/fjallraven.dev.mortar.tovarnaidej.com\/sl\/wp-json\/wp\/v2\/product"}],"about":[{"href":"https:\/\/fjallraven.dev.mortar.tovarnaidej.com\/sl\/wp-json\/wp\/v2\/types\/product"}],"version-history":[{"count":1,"href":"https:\/\/fjallraven.dev.mortar.tovarnaidej.com\/sl\/wp-json\/wp\/v2\/product\/1019771\/revisions"}],"predecessor-version":[{"id":1019776,"href":"https:\/\/fjallraven.dev.mortar.tovarnaidej.com\/sl\/wp-json\/wp\/v2\/product\/1019771\/revisions\/1019776"}],"wp:featuredmedia":[{"embeddable":true,"href":"https:\/\/fjallraven.dev.mortar.tovarnaidej.com\/sl\/wp-json\/wp\/v2\/media\/1021372"}],"wp:attachment":[{"href":"https:\/\/fjallraven.dev.mortar.tovarnaidej.com\/sl\/wp-json\/wp\/v2\/media?parent=1019771"}],"wp:term":[{"taxonomy":"product_brand","embeddable":true,"href":"https:\/\/fjallraven.dev.mortar.tovarnaidej.com\/sl\/wp-json\/wp\/v2\/product_brand?post=1019771"},{"taxonomy":"product_cat","embeddable":true,"href":"https:\/\/fjallraven.dev.mortar.tovarnaidej.com\/sl\/wp-json\/wp\/v2\/product_cat?post=1019771"},{"taxonomy":"product_tag","embeddable":true,"href":"https:\/\/fjallraven.dev.mortar.tovarnaidej.com\/sl\/wp-json\/wp\/v2\/product_tag?post=1019771"}],"curies":[{"name":"wp","href":"https:\/\/api.w.org\/{rel}","templated":true}]}}