{"id":1019775,"date":"2025-11-21T09:25:21","date_gmt":"2025-11-21T09:25:21","guid":{"rendered":"https:\/\/fjallraven.dev.mortar.tovarnaidej.com\/?post_type=product&#038;p=1019775"},"modified":"2025-11-27T12:11:06","modified_gmt":"2025-11-27T12:11:06","slug":"1960-lite-logo-hat","status":"publish","type":"product","link":"https:\/\/fjallraven.dev.mortar.tovarnaidej.com\/sl\/izdelek\/1960-lite-logo-hat\/","title":{"rendered":"1960 Lite Logo Hat"},"content":{"rendered":"<p>Rebrasto pletena kapa izra\u0111ena od tople i mekane mje\u0161avine ZQ merino vune i organskog pamuka. Njen plitki kroj je malo vi\u0161i na glavi, \u0161to je \u010dini idealnom kapom. Kapa 1960 Lite Logo ima \u0161iroki presavijeni rub i izvezeni Fj\u00e4llr\u00e4ven amblem sprijeda, \u0161to njenom dizajnu dodaje klasi\u010dan dodir.<\/p>\n","protected":false},"excerpt":{"rendered":"<p>Mekana, rebrasto pletena kapa izra\u0111ena od mje\u0161avine organskog pamuka i ZQ merino vune poznatog podrijetla. Proizvedeno bez PFAS-a.<\/p>\n","protected":false},"featured_media":1021419,"template":"","meta":[],"product_brand":[460],"product_cat":[191],"product_tag":[479,541,480,485],"class_list":{"0":"post-1019775","1":"product","2":"type-product","3":"status-publish","4":"has-post-thumbnail","6":"product_brand-ovik","7":"product_cat-dodaci-za-odjecu","8":"product_tag-everyday-outdoor","9":"product_tag-dodaci-kape","10":"product_tag-ovik","11":"product_tag-unisex","13":"first","14":"outofstock","15":"shipping-taxable","16":"purchasable","17":"product-type-variable"},"_links":{"self":[{"href":"https:\/\/fjallraven.dev.mortar.tovarnaidej.com\/sl\/wp-json\/wp\/v2\/product\/1019775","targetHints":{"allow":["GET"]}}],"collection":[{"href":"https:\/\/fjallraven.dev.mortar.tovarnaidej.com\/sl\/wp-json\/wp\/v2\/product"}],"about":[{"href":"https:\/\/fjallraven.dev.mortar.tovarnaidej.com\/sl\/wp-json\/wp\/v2\/types\/product"}],"version-history":[{"count":1,"href":"https:\/\/fjallraven.dev.mortar.tovarnaidej.com\/sl\/wp-json\/wp\/v2\/product\/1019775\/revisions"}],"predecessor-version":[{"id":1019803,"href":"https:\/\/fjallraven.dev.mortar.tovarnaidej.com\/sl\/wp-json\/wp\/v2\/product\/1019775\/revisions\/1019803"}],"wp:featuredmedia":[{"embeddable":true,"href":"https:\/\/fjallraven.dev.mortar.tovarnaidej.com\/sl\/wp-json\/wp\/v2\/media\/1021419"}],"wp:attachment":[{"href":"https:\/\/fjallraven.dev.mortar.tovarnaidej.com\/sl\/wp-json\/wp\/v2\/media?parent=1019775"}],"wp:term":[{"taxonomy":"product_brand","embeddable":true,"href":"https:\/\/fjallraven.dev.mortar.tovarnaidej.com\/sl\/wp-json\/wp\/v2\/product_brand?post=1019775"},{"taxonomy":"product_cat","embeddable":true,"href":"https:\/\/fjallraven.dev.mortar.tovarnaidej.com\/sl\/wp-json\/wp\/v2\/product_cat?post=1019775"},{"taxonomy":"product_tag","embeddable":true,"href":"https:\/\/fjallraven.dev.mortar.tovarnaidej.com\/sl\/wp-json\/wp\/v2\/product_tag?post=1019775"}],"curies":[{"name":"wp","href":"https:\/\/api.w.org\/{rel}","templated":true}]}}