{"id":1019807,"date":"2025-11-21T09:25:30","date_gmt":"2025-11-21T09:25:30","guid":{"rendered":"https:\/\/fjallraven.dev.mortar.tovarnaidej.com\/?post_type=product&#038;p=1019807"},"modified":"2025-11-27T12:11:06","modified_gmt":"2025-11-27T12:11:06","slug":"expedition-x-latt-hoodie-w","status":"publish","type":"product","link":"https:\/\/fjallraven.dev.mortar.tovarnaidej.com\/sl\/izdelek\/expedition-x-latt-hoodie-w\/","title":{"rendered":"Expedition X-l\u00e4tt Hoodie W"},"content":{"rendered":"<p>Savr\u0161en lagani i kompaktni izolacijski sloj za one koji trebaju ne\u0161to dodatno za odr\u017eavanje temperature i dobrog raspolo\u017eenja. \u017denska majica s kapulja\u010dom Expedition X-L\u00e4tt izra\u0111ena je od savitljivog recikliranog poliamida s izolacijom od recikliranog poliestera s napuhano\u0161\u0107u i potpeticom poput paperja. Lako se uvla\u010di ispod jakne i grije Vas \u010dak i u vla\u017enim uvjetima. D\u017eepovi za ruke i unutarnji d\u017eep na prsima te pode\u0161avanje kapulja\u010da i ruba dizajnirani su za jednostavne popravke.<\/p>\n","protected":false},"excerpt":{"rendered":"<p>Lagana i skladna jakna s oja\u010danjem i sinteti\u010dkim punjenjem. Proizvedeno bez PFAS-a.<\/p>\n","protected":false},"featured_media":1021445,"template":"","meta":[],"product_brand":[105],"product_cat":[217],"product_tag":[476,477,471,489,550,555,559],"class_list":{"0":"post-1019807","1":"product","2":"type-product","3":"status-publish","4":"has-post-thumbnail","6":"product_brand-polar","7":"product_cat-jakne","8":"product_tag-jakne-od-sintetike","9":"product_tag-polar","10":"product_tag-trekking","11":"product_tag-zene","12":"product_tag-zene-jakne","13":"product_tag-zenske-jakne-treking","14":"product_tag-zenske-jakne-zimske","16":"first","17":"outofstock","18":"shipping-taxable","19":"purchasable","20":"product-type-variable"},"_links":{"self":[{"href":"https:\/\/fjallraven.dev.mortar.tovarnaidej.com\/sl\/wp-json\/wp\/v2\/product\/1019807","targetHints":{"allow":["GET"]}}],"collection":[{"href":"https:\/\/fjallraven.dev.mortar.tovarnaidej.com\/sl\/wp-json\/wp\/v2\/product"}],"about":[{"href":"https:\/\/fjallraven.dev.mortar.tovarnaidej.com\/sl\/wp-json\/wp\/v2\/types\/product"}],"version-history":[{"count":1,"href":"https:\/\/fjallraven.dev.mortar.tovarnaidej.com\/sl\/wp-json\/wp\/v2\/product\/1019807\/revisions"}],"predecessor-version":[{"id":1019820,"href":"https:\/\/fjallraven.dev.mortar.tovarnaidej.com\/sl\/wp-json\/wp\/v2\/product\/1019807\/revisions\/1019820"}],"wp:featuredmedia":[{"embeddable":true,"href":"https:\/\/fjallraven.dev.mortar.tovarnaidej.com\/sl\/wp-json\/wp\/v2\/media\/1021445"}],"wp:attachment":[{"href":"https:\/\/fjallraven.dev.mortar.tovarnaidej.com\/sl\/wp-json\/wp\/v2\/media?parent=1019807"}],"wp:term":[{"taxonomy":"product_brand","embeddable":true,"href":"https:\/\/fjallraven.dev.mortar.tovarnaidej.com\/sl\/wp-json\/wp\/v2\/product_brand?post=1019807"},{"taxonomy":"product_cat","embeddable":true,"href":"https:\/\/fjallraven.dev.mortar.tovarnaidej.com\/sl\/wp-json\/wp\/v2\/product_cat?post=1019807"},{"taxonomy":"product_tag","embeddable":true,"href":"https:\/\/fjallraven.dev.mortar.tovarnaidej.com\/sl\/wp-json\/wp\/v2\/product_tag?post=1019807"}],"curies":[{"name":"wp","href":"https:\/\/api.w.org\/{rel}","templated":true}]}}