{"id":1019809,"date":"2025-11-21T09:25:30","date_gmt":"2025-11-21T09:25:30","guid":{"rendered":"https:\/\/fjallraven.dev.mortar.tovarnaidej.com\/?post_type=product&#038;p=1019809"},"modified":"2025-11-27T12:11:05","modified_gmt":"2025-11-27T12:11:05","slug":"stina-padded-jacket-w","status":"publish","type":"product","link":"https:\/\/fjallraven.dev.mortar.tovarnaidej.com\/sl\/izdelek\/stina-padded-jacket-w\/","title":{"rendered":"Stina Padded Jacket W"},"content":{"rendered":"<p>Prakti\u010dna, podstavljena jakna koja se\u017ee do bokova inspirirana na\u0161om popularnom Stina jaknom. \u017denska podstavljena Stina jakna izra\u0111ena je od na\u0161e prepoznatljive G-1000 tkanine na koju se mo\u017ee nanijeti Greenland Wax, za ve\u0107u otpornost na vremenske uvjete ili ve\u0107u prozra\u010dnost. Izolirana je, otporna na vodu i vjetar te ima podesivu kapulja\u010du, rub i man\u017eete. Uklju\u010duje dva d\u017eepa za ruke s patentnim zatvara\u010dem i jedan unutarnji d\u017eep na prsima. Izra\u0111ena od recikliranog materijala i proizvedena bez PFA-a, ima popravljive patentne zatvara\u010de i vezice za zatezanje te probu\u0161ene gumbe za odr\u017eivost.<\/p>\n","protected":false},"excerpt":{"rendered":"<p>Podstavljena verzija na\u0161e popularne Stina jakne. Duljine jakne se\u017ee do bokova i izra\u0111ena od Fj\u00e4llr\u00e4venovog prepoznatljivog G-1000 materijala. Proizvedeno bez PFAS-a.<\/p>\n","protected":false},"featured_media":1021466,"template":"","meta":[],"product_brand":[460],"product_cat":[217],"product_tag":[479,476,480,489,550,556,559],"class_list":{"0":"post-1019809","1":"product","2":"type-product","3":"status-publish","4":"has-post-thumbnail","6":"product_brand-ovik","7":"product_cat-jakne","8":"product_tag-everyday-outdoor","9":"product_tag-jakne-od-sintetike","10":"product_tag-ovik","11":"product_tag-zene","12":"product_tag-zene-jakne","13":"product_tag-zenske-jakne-outdoor","14":"product_tag-zenske-jakne-zimske","16":"first","17":"outofstock","18":"shipping-taxable","19":"purchasable","20":"product-type-variable"},"_links":{"self":[{"href":"https:\/\/fjallraven.dev.mortar.tovarnaidej.com\/sl\/wp-json\/wp\/v2\/product\/1019809","targetHints":{"allow":["GET"]}}],"collection":[{"href":"https:\/\/fjallraven.dev.mortar.tovarnaidej.com\/sl\/wp-json\/wp\/v2\/product"}],"about":[{"href":"https:\/\/fjallraven.dev.mortar.tovarnaidej.com\/sl\/wp-json\/wp\/v2\/types\/product"}],"version-history":[{"count":1,"href":"https:\/\/fjallraven.dev.mortar.tovarnaidej.com\/sl\/wp-json\/wp\/v2\/product\/1019809\/revisions"}],"predecessor-version":[{"id":1019828,"href":"https:\/\/fjallraven.dev.mortar.tovarnaidej.com\/sl\/wp-json\/wp\/v2\/product\/1019809\/revisions\/1019828"}],"wp:featuredmedia":[{"embeddable":true,"href":"https:\/\/fjallraven.dev.mortar.tovarnaidej.com\/sl\/wp-json\/wp\/v2\/media\/1021466"}],"wp:attachment":[{"href":"https:\/\/fjallraven.dev.mortar.tovarnaidej.com\/sl\/wp-json\/wp\/v2\/media?parent=1019809"}],"wp:term":[{"taxonomy":"product_brand","embeddable":true,"href":"https:\/\/fjallraven.dev.mortar.tovarnaidej.com\/sl\/wp-json\/wp\/v2\/product_brand?post=1019809"},{"taxonomy":"product_cat","embeddable":true,"href":"https:\/\/fjallraven.dev.mortar.tovarnaidej.com\/sl\/wp-json\/wp\/v2\/product_cat?post=1019809"},{"taxonomy":"product_tag","embeddable":true,"href":"https:\/\/fjallraven.dev.mortar.tovarnaidej.com\/sl\/wp-json\/wp\/v2\/product_tag?post=1019809"}],"curies":[{"name":"wp","href":"https:\/\/api.w.org\/{rel}","templated":true}]}}