{"id":1019843,"date":"2025-11-21T09:25:40","date_gmt":"2025-11-21T09:25:40","guid":{"rendered":"https:\/\/fjallraven.dev.mortar.tovarnaidej.com\/?post_type=product&#038;p=1019843"},"modified":"2025-11-27T12:11:05","modified_gmt":"2025-11-27T12:11:05","slug":"ovik-lite-fleece-half-zip-w","status":"publish","type":"product","link":"https:\/\/fjallraven.dev.mortar.tovarnaidej.com\/sl\/izdelek\/ovik-lite-fleece-half-zip-w\/","title":{"rendered":"\u00d6vik Lite Fleece Half Zip W"},"content":{"rendered":"<p>Lagani mikroflisasti pulover od recikliranog poliestera s patentnim zatvara\u010dem na pola duljine, izra\u0111en je za planinarenje i svakodnevni boravak na otvorenom. \u00d6vik Lite Fleece Half Zip pulover za \u017eene lako se nosi ispod jakne i odli\u010dan je kao samostalan odjevni predmet u prolje\u0107e ili hladnije ljetne ve\u010deri. Bezvremenski dizajn s raglan rukavima i pa\u017eljivo postavljenim \u0161avovima, smanjuje rizik od trenja ispod naramenica ruksaka te pru\u017ea vrhunsku udobnost i omogu\u0107ava slobodu kretanja. Jedan d\u017eep na prsima s patentnim zatvara\u010dem, prednji patentni zatvara\u010d do pola duljine i elasti\u010dni vez na man\u017eetama.<\/p>\n","protected":false},"excerpt":{"rendered":"<p>Lagani d\u017eemper od mikroflisa izra\u0111enog od recikliranog poliestera s patentnim poluzatvara\u010dem. Proizvedeno bez PFAS-a.<\/p>\n","protected":false},"featured_media":1021496,"template":"","meta":[],"product_brand":[460],"product_cat":[186],"product_tag":[595,479,481,480,489,562,564],"class_list":{"0":"post-1019843","1":"product","2":"type-product","3":"status-publish","4":"has-post-thumbnail","6":"product_brand-ovik","7":"product_cat-srednji-slojevi","8":"product_tag-dzemperi-i-pletivo","9":"product_tag-everyday-outdoor","10":"product_tag-flis","11":"product_tag-ovik","12":"product_tag-zene","13":"product_tag-mid-layer-zene-dzemperi","14":"product_tag-mid-layer-zene-prsluci","16":"first","17":"outofstock","18":"shipping-taxable","19":"purchasable","20":"product-type-variable"},"_links":{"self":[{"href":"https:\/\/fjallraven.dev.mortar.tovarnaidej.com\/sl\/wp-json\/wp\/v2\/product\/1019843","targetHints":{"allow":["GET"]}}],"collection":[{"href":"https:\/\/fjallraven.dev.mortar.tovarnaidej.com\/sl\/wp-json\/wp\/v2\/product"}],"about":[{"href":"https:\/\/fjallraven.dev.mortar.tovarnaidej.com\/sl\/wp-json\/wp\/v2\/types\/product"}],"version-history":[{"count":1,"href":"https:\/\/fjallraven.dev.mortar.tovarnaidej.com\/sl\/wp-json\/wp\/v2\/product\/1019843\/revisions"}],"predecessor-version":[{"id":1019865,"href":"https:\/\/fjallraven.dev.mortar.tovarnaidej.com\/sl\/wp-json\/wp\/v2\/product\/1019843\/revisions\/1019865"}],"wp:featuredmedia":[{"embeddable":true,"href":"https:\/\/fjallraven.dev.mortar.tovarnaidej.com\/sl\/wp-json\/wp\/v2\/media\/1021496"}],"wp:attachment":[{"href":"https:\/\/fjallraven.dev.mortar.tovarnaidej.com\/sl\/wp-json\/wp\/v2\/media?parent=1019843"}],"wp:term":[{"taxonomy":"product_brand","embeddable":true,"href":"https:\/\/fjallraven.dev.mortar.tovarnaidej.com\/sl\/wp-json\/wp\/v2\/product_brand?post=1019843"},{"taxonomy":"product_cat","embeddable":true,"href":"https:\/\/fjallraven.dev.mortar.tovarnaidej.com\/sl\/wp-json\/wp\/v2\/product_cat?post=1019843"},{"taxonomy":"product_tag","embeddable":true,"href":"https:\/\/fjallraven.dev.mortar.tovarnaidej.com\/sl\/wp-json\/wp\/v2\/product_tag?post=1019843"}],"curies":[{"name":"wp","href":"https:\/\/api.w.org\/{rel}","templated":true}]}}